{"id":53556,"date":"2026-04-20T03:10:39","date_gmt":"2026-04-20T02:10:39","guid":{"rendered":"https:\/\/davhonmeble.pl\/?post_type=product&#038;p=53556"},"modified":"2026-04-20T09:47:52","modified_gmt":"2026-04-20T08:47:52","slug":"lozko-tapicerowane-180x200-ollise-z-pojemnikiem","status":"publish","type":"product","link":"https:\/\/davhonmeble.pl\/en\/product\/lozko-tapicerowane-180x200-ollise-z-pojemnikiem\/","title":{"rendered":"\u0141\u00f3\u017cko tapicerowane 180&#215;200 OLLISE z pojemnikiem"},"content":{"rendered":"<h2>\u0141\u00f3\u017cko tapicerowane 180&#215;200 OLLISE z pojemnikiem<\/h2>\n<p data-start=\"166\" data-end=\"365\">\u0141\u00f3\u017cko 180&#215;200 Olisse to po\u0142\u0105czenie nowoczesnego minimalizmu z ponadczasow\u0105 elegancj\u0105. Charakterystyczne, mi\u0119kkie wezg\u0142owie o zaokr\u0105glonych liniach nie tylko przyci\u0105ga wzrok, ale r\u00f3wnie\u017c zapewnia wygodne oparcie podczas wieczornego relaksu z ksi\u0105\u017ck\u0105 czy porannej kawy. Prosta, geometryczna bry\u0142a oraz staranne wyko\u0144czenie podkre\u015blaj\u0105 wysok\u0105 jako\u015b\u0107 wykonania i dba\u0142o\u015b\u0107 o ka\u017cdy detal.<\/p>\n<p>Choose the Olisse upholstered bed and order a model to fit your bedroom - directly from the manufacturer DAVHON Furniture.<\/p>\n<p><strong><\/p>\n<p>\u0141\u00f3\u017cko tapicerowane 180&#215;200 Olisse &#8211; solidne wykonanie:<\/strong>.<\/p>\n<p>- rounded bed headrest with two rounded upholstered panels<\/p>\n<p>- bed structure made of wood and furniture board<\/p>\n<p>- liftable 32 slat wooden frame equipped with four springs for easy lifting<\/p>\n<p>- ability to choose the color or fabric of your dreams<\/p>\n<p>- bedding bin with no maximum load!<\/p>\n<p>- The bed does not include a mattress in the set. To ensure maximum sleeping comfort, we recommend choosing a suitable model from our offer:<em> <a style=\"font-weight: normal;\" href=\"https:\/\/davhonmeble.pl\/en\/product-category\/materace\/\" target=\"_blank\" rel=\"noopener\">see matching 180\u00d7200 mattresses for upholstered beds<\/a><\/em><\/p>\n<p>- simple and quick assembly. Each bed and frame comes with an assembly kit and instructions<\/p>\n<p><strong><\/p>\n<p>Additional options <\/strong>.(paid) - call and learn more:<\/p>\n<p>- metal frame (36 slatted) with gas cylinders for easy opening and closing of the bed<\/p>\n<p>- change of the dimension of the headrest<\/p>\n<p><strong><\/p>\n<p>Upholstered bed dimensions 180x200go<\/strong>.:<\/p>\n<p>- overall length 214 cm<\/p>\n<p>- Overall width 149\/169\/189 ( depending on the size selected)<\/p>\n<p>- headrest height from the ground 104 cm<\/p>\n<p>- Height of the frame from the ground 31 cm<\/p>\n<p><strong><\/p>\n<p>Shipping and Fulfillment:<\/strong>.<\/p>\n<p>- shipping throughout the country in the amount of 160 z\u0142<\/p>\n<p>- payment on delivery (you pay only upon receipt of the goods)<\/p>\n<p>- personal collection available<\/p>\n<p>&nbsp;<\/p>\n<p>The 180\u00d7200 bed is shipped in packages for self-assembly, and the assembly itself is very simple and fast. Delivery is carried out by a private carrier, thanks to which we guarantee that the bed will be delivered without any damage during transport.<\/p>\n<p>Please note: the driver is not required to bring furniture into the house\/apartment!<\/p>","protected":false},"excerpt":{"rendered":"<p>\u0141\u00f3\u017cko tapicerowane 180&#215;200 OLISSE z pojemnikiem.<\/p>\n<p>Produkt polskiego producenta DAVHON Meble.<\/p>\n<p>Mo\u017cliwo\u015b\u0107 wyboru wymiaru, stela\u017ca tkaniny oraz personalizacji wymiar\u00f3w.<\/p>","protected":false},"featured_media":52741,"comment_status":"open","ping_status":"closed","template":"","meta":{"_acf_changed":false},"product_brand":[],"product_cat":[1278],"product_tag":[],"class_list":{"0":"post-53556","1":"product","2":"type-product","3":"status-publish","4":"has-post-thumbnail","6":"product_cat-lozka-tapicerowane-180x200","7":"tm-has-options","9":"first","10":"instock","11":"shipping-taxable","12":"purchasable","13":"product-type-simple"},"acf":[],"_links":{"self":[{"href":"https:\/\/davhonmeble.pl\/en\/wp-json\/wp\/v2\/product\/53556","targetHints":{"allow":["GET"]}}],"collection":[{"href":"https:\/\/davhonmeble.pl\/en\/wp-json\/wp\/v2\/product"}],"about":[{"href":"https:\/\/davhonmeble.pl\/en\/wp-json\/wp\/v2\/types\/product"}],"replies":[{"embeddable":true,"href":"https:\/\/davhonmeble.pl\/en\/wp-json\/wp\/v2\/comments?post=53556"}],"wp:featuredmedia":[{"embeddable":true,"href":"https:\/\/davhonmeble.pl\/en\/wp-json\/wp\/v2\/media\/52741"}],"wp:attachment":[{"href":"https:\/\/davhonmeble.pl\/en\/wp-json\/wp\/v2\/media?parent=53556"}],"wp:term":[{"taxonomy":"product_brand","embeddable":true,"href":"https:\/\/davhonmeble.pl\/en\/wp-json\/wp\/v2\/product_brand?post=53556"},{"taxonomy":"product_cat","embeddable":true,"href":"https:\/\/davhonmeble.pl\/en\/wp-json\/wp\/v2\/product_cat?post=53556"},{"taxonomy":"product_tag","embeddable":true,"href":"https:\/\/davhonmeble.pl\/en\/wp-json\/wp\/v2\/product_tag?post=53556"}],"curies":[{"name":"wp","href":"https:\/\/api.w.org\/{rel}","templated":true}]}}