{"id":53546,"date":"2026-04-20T03:10:38","date_gmt":"2026-04-20T02:10:38","guid":{"rendered":"https:\/\/davhonmeble.pl\/?post_type=product&#038;p=53546"},"modified":"2026-04-20T09:47:52","modified_gmt":"2026-04-20T08:47:52","slug":"lozko-tapicerowane-140x200-kleo-ii-z-pojemnikiem","status":"publish","type":"product","link":"https:\/\/davhonmeble.pl\/en\/product\/lozko-tapicerowane-140x200-kleo-ii-z-pojemnikiem\/","title":{"rendered":"Upholstered bed 140\u00d7200 KLEO II with a container"},"content":{"rendered":"<h2>Upholstered bed 140\u00d7200 KLEO II with a container<\/h2>\n<p>Upholstered bed 140\u00d7200 <strong>KLEO II<\/strong> is a combination of elegance, comfort and functionality, created with modern interiors in mind. Its distinctive softly upholstered headrest with decorative panels gives the bedroom a luxurious and unique character, and its solid construction guarantees durability for years. In addition, this model is distinguished by a distinctive frame around the headboard. A version of this product is equipped with a bedding container.<\/p>\n<p>Choose the KLEO II upholstered bed and order a model to fit your bedroom - directly from the manufacturer DAVHON Furniture.<\/p>\n<p><strong><\/p>\n<p>Upholstered bed 140\u00d7200 KLEO II - solid workmanship:<\/strong>.<\/p>\n<p>- bed headboard with upholstered panels<\/p>\n<p>- bed structure made of wood and furniture board<\/p>\n<p>- liftable 32 slat wooden frame equipped with four springs for easy lifting<\/p>\n<p>- possibility to choose size and color or type of fabric<\/p>\n<p>- bedding bin with no maximum load!<\/p>\n<p>- The bed does not include a mattress in the set. To ensure maximum sleeping comfort, we recommend choosing a suitable model from our offer:<em> <a style=\"font-weight: normal;\" href=\"https:\/\/davhonmeble.pl\/en\/product-category\/materace\/\" target=\"_blank\" rel=\"noopener\">see matching 140\u00d7200 mattresses for upholstered beds<\/a><\/em><\/p>\n<p>- simple and quick assembly. Each bed and frame comes with an assembly kit and instructions<\/p>\n<p><strong><\/p>\n<p>Additional options<\/strong>. (paid) - call and learn more:<\/p>\n<p>- metal frame (36 slatted) with gas cylinders for easy opening and closing of the bed<\/p>\n<p>- change of the dimension of the headrest<\/p>\n<p><strong><\/p>\n<p>Upholstered bed dimensions 140x200go<\/strong>.:<\/p>\n<p>- overall length 214 cm<\/p>\n<p>- Overall width 149\/169\/189 ( depending on the size selected)<\/p>\n<p>- headrest height from the ground 89 cm<\/p>\n<p>- Height of the frame from the ground 31 cm<\/p>\n<p><strong><\/p>\n<p>Shipping and Fulfillment:<\/strong>.<\/p>\n<p>- shipping throughout the country in the amount of 160 z\u0142<\/p>\n<p>- payment on delivery (you pay only upon receipt of the goods)<\/p>\n<p>- personal collection available<\/p>\n<p>&nbsp;<\/p>\n<p>The 140\u00d7200 bed is shipped in self-assembly packages, and the assembly itself is very simple and fast. Delivery is carried out by a private carrier, thanks to which we guarantee that the bed will be delivered without any damage during transport.<\/p>\n<p>Please note: the driver is not required to bring furniture into the house\/apartment!<\/p>","protected":false},"excerpt":{"rendered":"<p>\u0141\u00f3\u017cko tapicerowane 140&#215;200 KLEO II \u2013 eleganckie i solidne \u0142\u00f3\u017cko z pojemnikiem na po\u015bciel.<\/p>\n<p>Produkt polskiego producenta DAVHON Meble.<\/p>\n<p>Mo\u017cliwo\u015b\u0107 wyboru wymiaru oraz tkaniny.<\/p>","protected":false},"featured_media":52434,"comment_status":"open","ping_status":"closed","template":"","meta":{"_acf_changed":false},"product_brand":[],"product_cat":[1276],"product_tag":[],"class_list":{"0":"post-53546","1":"product","2":"type-product","3":"status-publish","4":"has-post-thumbnail","6":"product_cat-lozka-tapicerowane-140x200","7":"tm-has-options","9":"first","10":"instock","11":"shipping-taxable","12":"purchasable","13":"product-type-simple"},"acf":[],"_links":{"self":[{"href":"https:\/\/davhonmeble.pl\/en\/wp-json\/wp\/v2\/product\/53546","targetHints":{"allow":["GET"]}}],"collection":[{"href":"https:\/\/davhonmeble.pl\/en\/wp-json\/wp\/v2\/product"}],"about":[{"href":"https:\/\/davhonmeble.pl\/en\/wp-json\/wp\/v2\/types\/product"}],"replies":[{"embeddable":true,"href":"https:\/\/davhonmeble.pl\/en\/wp-json\/wp\/v2\/comments?post=53546"}],"wp:featuredmedia":[{"embeddable":true,"href":"https:\/\/davhonmeble.pl\/en\/wp-json\/wp\/v2\/media\/52434"}],"wp:attachment":[{"href":"https:\/\/davhonmeble.pl\/en\/wp-json\/wp\/v2\/media?parent=53546"}],"wp:term":[{"taxonomy":"product_brand","embeddable":true,"href":"https:\/\/davhonmeble.pl\/en\/wp-json\/wp\/v2\/product_brand?post=53546"},{"taxonomy":"product_cat","embeddable":true,"href":"https:\/\/davhonmeble.pl\/en\/wp-json\/wp\/v2\/product_cat?post=53546"},{"taxonomy":"product_tag","embeddable":true,"href":"https:\/\/davhonmeble.pl\/en\/wp-json\/wp\/v2\/product_tag?post=53546"}],"curies":[{"name":"wp","href":"https:\/\/api.w.org\/{rel}","templated":true}]}}