{"id":53502,"date":"2026-04-20T03:10:30","date_gmt":"2026-04-20T02:10:30","guid":{"rendered":"https:\/\/davhonmeble.pl\/?post_type=product&#038;p=53502"},"modified":"2026-04-20T09:47:51","modified_gmt":"2026-04-20T08:47:51","slug":"lozko-kontynentalne-180x200-elma-z-dwoma-pojemnikami","status":"publish","type":"product","link":"https:\/\/davhonmeble.pl\/en\/product\/lozko-kontynentalne-180x200-elma-z-dwoma-pojemnikami\/","title":{"rendered":"\u0141\u00f3\u017cko kontynentalne 180&#215;200 ELMA z dwoma pojemnikami"},"content":{"rendered":"<h2>\u0141\u00f3\u017cko kontynentalne 180&#215;200 ELMA z dwoma pojemnikami<\/h2>\n<p> With a suggestion for the perfect bed for your bedroom comes the model <strong>ELMA<\/strong>, kt\u00f3ry \u015bwietnie wpasuje si\u0119 do wn\u0119trz nowoczesnych, dzi\u0119ki swojej praktyczno\u015bci i luksusowi. Wyj\u0105tkowe wzornictwo odpowiada wsp\u00f3\u0142czesnym trendom, nadaj\u0105c niepowtarzalnego charakteru. Pozw\u00f3l sobie na odrobin\u0119 luksusu i postaw na wyb\u00f3r stylist\u00f3w z wyszukanym \u0142\u00f3\u017ckiem do sypialni. To \u0142\u00f3\u017cko to propozycja dla os\u00f3b, kt\u00f3re ceni\u0105 sobie przyjemny wypoczynek w luksusowych warunkach, na kt\u00f3re przecie\u017c ka\u017cdy zas\u0142uguje, prawda? Solidna podstawa zwie\u0144czona luksusowym wezg\u0142owiem z panelami w stylu &#8222;plastr\u00f3w miodu&#8221;, a ponadto wzbogaconym o o\u015bwietlenie LED, kt\u00f3re pozwoli na eleganck\u0105, nocn\u0105 po\u015bwiat\u0119. Materia\u0142y wykorzystane do produkcji \u0142\u00f3\u017cka s\u0105 jako\u015bciowo na najwy\u017cszym poziomie, dzi\u0119ki czemu solidno\u015b\u0107 mebla jest r\u00f3wnie wysoka i d\u0142uga. \u0141\u00f3\u017cko 180&#215;200 posiada w standardzie bardzo wysokiej jako\u015bci materac ze spr\u0119\u017cynami bonell, a tak\u017ce dwa pojemniki na po\u015bciel.<\/p>\n<p><strong><\/p>\n<p>EXECUTION:<\/strong>.<\/p>\n<p>- the bed has two bedding containers opening from the side<\/p>\n<p>- automatic bed opener<\/p>\n<p>- The base mattress is made of bonell type springs and T-25 foam, the height is about 18 cm<\/p>\n<p>- frame: wood + white board<\/p>\n<p>- two LED lamps with dedicated switches (each lamp is switched on with a separate button)<\/p>\n<p><strong><\/p>\n<p>ADDITIONAL OPTIONS (paid):<\/strong>.<\/p>\n<p>- changing a bonell mattress for a mattress on pocket springs (a pocket mattress, otherwise known as a pouch mattress, is composed of traditional springs placed in separate pockets made of fabric. This design makes the springs work completely independently of each other - pressure on one does not automatically deflect the other. Thanks to this, the mattress is quiet, perfectly adapts to the shape of the body, and the positioning on the bed of another person is virtually not perceptible. A bonell mattress, on the other hand, is a system of individual springs bound together by a spiral wire. As a result, the force of the sleeping person's weight acting on the mattress is distributed over the entire surface. Thus, the mattress can serve different people, with different body weights and with different preferences for body positioning during sleep. However, this also has the effect that if two people sleep on the mattress, any change in the position of one will be strongly felt by the other).<\/p>\n<p>- Top mattress (topper) quilted with T25 foam<\/p>\n<p>- Top mattress (topper) with VISCO foam (also called thermoelastic foam), often constitutes a basic element of modern mattresses. This is because its innovative properties allow you to enjoy a healthy, yet very pleasant sleep).<\/p>\n<p><strong><\/p>\n<p>DIMENSIONS:<\/strong>.<\/p>\n<p>- total length 215 cm<\/p>\n<p>- sleeping area 140\/166\/180 ( depending on the size selected)<\/p>\n<p>- width of the headrest 170\/190\/210 ( depending on the selected size)<\/p>\n<p>- height of the headrest from the ground 112 cm<\/p>\n<p>- Height of the side of the bed together with the legs (sleeping surface) 56 cm<\/p>\n<p>- feet 11 cm<\/p>\n<p><strong><\/p>\n<p>SHIPPING:<\/strong>.<\/p>\n<p>- shipping nationwide in the amount of PLN 200<\/p>\n<p>- payment on delivery (you pay only upon receipt of the goods)<\/p>\n<p>- personal collection available<\/p>\n<p>&nbsp;<\/p>\n<p>The 180\u00d7200 bed is shipped in packages for self-assembly, and the assembly itself is very simple and fast. Delivery is carried out by a private carrier, thanks to which we guarantee that the bed will be delivered without any damage during transport.<\/p>\n<p>Please note: the driver is not required to bring furniture into the house\/apartment!<\/p>","protected":false},"excerpt":{"rendered":"<p>\u0141\u00f3\u017cko kontynentalne 180&#215;200 ELMA z dwoma pojemnikami Z propozycj\u0105 na idealne \u0142\u00f3\u017cko do Pa\u0144stwa sypialni przychodzi model ELMA, kt\u00f3ry \u015bwietnie wpasuje si\u0119 do wn\u0119trz nowoczesnych, dzi\u0119ki swojej praktyczno\u015bci i luksusowi. Wyj\u0105tkowe wzornictwo odpowiada wsp\u00f3\u0142czesnym trendom, nadaj\u0105c niepowtarzalnego charakteru. Pozw\u00f3l sobie na odrobin\u0119 luksusu i postaw na wyb\u00f3r stylist\u00f3w z wyszukanym \u0142\u00f3\u017ckiem do sypialni. To \u0142\u00f3\u017cko [&hellip;]<\/p>\n","protected":false},"featured_media":51373,"comment_status":"open","ping_status":"closed","template":"","meta":{"_acf_changed":false},"product_brand":[],"product_cat":[1274],"product_tag":[],"class_list":{"0":"post-53502","1":"product","2":"type-product","3":"status-publish","4":"has-post-thumbnail","6":"product_cat-lozka-kontynentalne-180x200","7":"tm-has-options","9":"first","10":"instock","11":"shipping-taxable","12":"purchasable","13":"product-type-simple"},"acf":[],"_links":{"self":[{"href":"https:\/\/davhonmeble.pl\/en\/wp-json\/wp\/v2\/product\/53502","targetHints":{"allow":["GET"]}}],"collection":[{"href":"https:\/\/davhonmeble.pl\/en\/wp-json\/wp\/v2\/product"}],"about":[{"href":"https:\/\/davhonmeble.pl\/en\/wp-json\/wp\/v2\/types\/product"}],"replies":[{"embeddable":true,"href":"https:\/\/davhonmeble.pl\/en\/wp-json\/wp\/v2\/comments?post=53502"}],"wp:featuredmedia":[{"embeddable":true,"href":"https:\/\/davhonmeble.pl\/en\/wp-json\/wp\/v2\/media\/51373"}],"wp:attachment":[{"href":"https:\/\/davhonmeble.pl\/en\/wp-json\/wp\/v2\/media?parent=53502"}],"wp:term":[{"taxonomy":"product_brand","embeddable":true,"href":"https:\/\/davhonmeble.pl\/en\/wp-json\/wp\/v2\/product_brand?post=53502"},{"taxonomy":"product_cat","embeddable":true,"href":"https:\/\/davhonmeble.pl\/en\/wp-json\/wp\/v2\/product_cat?post=53502"},{"taxonomy":"product_tag","embeddable":true,"href":"https:\/\/davhonmeble.pl\/en\/wp-json\/wp\/v2\/product_tag?post=53502"}],"curies":[{"name":"wp","href":"https:\/\/api.w.org\/{rel}","templated":true}]}}