{"id":53496,"date":"2026-04-20T03:10:30","date_gmt":"2026-04-20T02:10:30","guid":{"rendered":"https:\/\/davhonmeble.pl\/?post_type=product&#038;p=53496"},"modified":"2026-04-20T09:47:51","modified_gmt":"2026-04-20T08:47:51","slug":"lozko-tapicerowane-180x200-hessa-slim-z-dwoma-pojemnikami","status":"publish","type":"product","link":"https:\/\/davhonmeble.pl\/en\/product\/lozko-tapicerowane-180x200-hessa-slim-z-dwoma-pojemnikami\/","title":{"rendered":"\u0141\u00f3\u017cko tapicerowane 180&#215;200 HESSA SLIM z dwoma pojemnikami"},"content":{"rendered":"<h2>\u0141\u00f3\u017cko tapicerowane 180&#215;200 HESSA SLIM z dwoma pojemnikami<\/h2>\n<p> Upholstered bed 180\u00d7200 <strong>HESSA SLIM <\/strong>is a model created for lovers of comfortable and stylish spaces. Hessa is a model that is so striking on its own that it does not need a grand setting to co-create a refined arrangement. Without a doubt, it will be a perfect dominant of a spacious bedroom. The biggest advantage of this model is the fact that the mattress is laid on a built-in wooden frame, thanks to which the bed is no wider than the mattress in use! The frame is equipped with a non-slip mat, which prevents the mattress from sliding, and it also has gas actuators, thanks to which the container opens very easily.<\/p>\n<p><strong><\/p>\n<p>EXECUTION:<\/strong>.<\/p>\n<p>- quilted bed headboard<\/p>\n<p>- bed structure made of wood and furniture board<\/p>\n<p>- liftable wooden frame equipped with gas cylinders for easy lifting, as well as an anti-slip mat<\/p>\n<p>- ability to choose the color or fabric of your dreams<\/p>\n<p>- bedding container made of MDF board<\/p>\n<p>- The bed does not include a mattress in the set. To ensure maximum sleeping comfort, we recommend choosing a suitable model from our offer:<em> <a style=\"font-weight: normal;\" href=\"https:\/\/davhonmeble.pl\/en\/product-category\/materace\/\" target=\"_blank\" rel=\"noopener\">see matching 180\u00d7200 mattresses for upholstered beds<\/a><\/em><\/p>\n<p>- simple and quick assembly. Each bed and frame comes with an assembly kit and instructions<\/p>\n<p><strong><\/p>\n<p>ADDITIONAL OPTIONS<\/strong>. (paid):<\/p>\n<p>- change in the dimension of the headrest to 115 centimeters<\/p>\n<p><strong><\/p>\n<p>DIMENSIONS<\/strong>.:<\/p>\n<p>- total length 210 cm<\/p>\n<p>- total width 140\/160\/180 ( depending on the selected size)<\/p>\n<p>- height of the headrest from the ground 100 cm (can be changed to 115 cm)<\/p>\n<p>- frame height without mattress 33 cm<\/p>\n<p><strong><\/p>\n<p>SHIPPING:<\/strong>.<\/p>\n<p>- shipping throughout the country in the amount of 160 z\u0142<\/p>\n<p>- payment on delivery (you pay only upon receipt of the goods)<\/p>\n<p>- personal collection available<\/p>\n<p>&nbsp;<\/p>\n<p>The 180\u00d7200 bed is shipped in packages for self-assembly, and the assembly itself is very simple and fast. Delivery is carried out by a private carrier, thanks to which we guarantee that the bed will be delivered without any damage during transport.<\/p>\n<p>Please note: the driver is not required to bring furniture into the house\/apartment!<\/p>","protected":false},"excerpt":{"rendered":"<p>\u0141\u00f3\u017cko tapicerowane 180&#215;200 HESSA SLIM z dwoma pojemnikami \u0141\u00f3\u017cko tapicerowane 180&#215;200 HESSA SLIM to model stworzony dla mi\u0142o\u015bnik\u00f3w komfortowych i stylowych przestrzeni. Hessa to model, kt\u00f3ry sam w sobie jest tak efektowny, \u017ce nie potrzebuje wielkiej oprawy, \u017ceby wsp\u00f3\u0142tworzy\u0107 dopracowan\u0105 aran\u017cacj\u0119. Bez w\u0105tpienia b\u0119dzie doskona\u0142\u0105 dominat\u0105 przestronnej sypialni. Najwi\u0119ksz\u0105 zalet\u0105 tego modelu jest fakt, i\u017c [&hellip;]<\/p>\n","protected":false},"featured_media":51499,"comment_status":"open","ping_status":"closed","template":"","meta":{"_acf_changed":false},"product_brand":[],"product_cat":[1278],"product_tag":[],"class_list":{"0":"post-53496","1":"product","2":"type-product","3":"status-publish","4":"has-post-thumbnail","6":"product_cat-lozka-tapicerowane-180x200","7":"tm-has-options","9":"first","10":"instock","11":"shipping-taxable","12":"purchasable","13":"product-type-simple"},"acf":[],"_links":{"self":[{"href":"https:\/\/davhonmeble.pl\/en\/wp-json\/wp\/v2\/product\/53496","targetHints":{"allow":["GET"]}}],"collection":[{"href":"https:\/\/davhonmeble.pl\/en\/wp-json\/wp\/v2\/product"}],"about":[{"href":"https:\/\/davhonmeble.pl\/en\/wp-json\/wp\/v2\/types\/product"}],"replies":[{"embeddable":true,"href":"https:\/\/davhonmeble.pl\/en\/wp-json\/wp\/v2\/comments?post=53496"}],"wp:featuredmedia":[{"embeddable":true,"href":"https:\/\/davhonmeble.pl\/en\/wp-json\/wp\/v2\/media\/51499"}],"wp:attachment":[{"href":"https:\/\/davhonmeble.pl\/en\/wp-json\/wp\/v2\/media?parent=53496"}],"wp:term":[{"taxonomy":"product_brand","embeddable":true,"href":"https:\/\/davhonmeble.pl\/en\/wp-json\/wp\/v2\/product_brand?post=53496"},{"taxonomy":"product_cat","embeddable":true,"href":"https:\/\/davhonmeble.pl\/en\/wp-json\/wp\/v2\/product_cat?post=53496"},{"taxonomy":"product_tag","embeddable":true,"href":"https:\/\/davhonmeble.pl\/en\/wp-json\/wp\/v2\/product_tag?post=53496"}],"curies":[{"name":"wp","href":"https:\/\/api.w.org\/{rel}","templated":true}]}}