{"id":53455,"date":"2026-04-20T03:10:25","date_gmt":"2026-04-20T02:10:25","guid":{"rendered":"https:\/\/davhonmeble.pl\/?post_type=product&#038;p=53455"},"modified":"2026-04-20T09:47:50","modified_gmt":"2026-04-20T08:47:50","slug":"lozko-tapicerowane-120x200-brimes-z-pojemnikiem","status":"publish","type":"product","link":"https:\/\/davhonmeble.pl\/en\/product\/lozko-tapicerowane-120x200-brimes-z-pojemnikiem\/","title":{"rendered":"\u0141\u00f3\u017cko tapicerowane 120&#215;200 BRIMES z pojemnikiem"},"content":{"rendered":"<h2>\u0141\u00f3\u017cko tapicerowane 120&#215;200 BRIMES z pojemnikiem<\/h2>\n<p> <strong>\u0141\u00f3\u017cko 120&#215;200 BRIMES <\/strong>prezentuje cechy, kt\u00f3re pozwol\u0105 umie\u015bci\u0107 je zar\u00f3wno w nowoczesnej, minimalistycznej, przytulnej, klasycznej czy surowej sypialni. \u0141\u00f3\u017cko 120&#215;200 ma prost\u0105, niewyzywaj\u0105c\u0105 form\u0119, symetryczne kszta\u0142ty i nie jest przesadnie ozdobione. Pi\u0119knemu wezg\u0142owiu charakteru nadaj\u0105 przymocowane do niego panele tapicerowane, dzi\u0119ki czemu uzyskujemy efekt &#8222;push up&#8221;, a tak\u017ce niebywa\u0142y komfort u\u017cytkowania.<\/p>\n<p><strong><\/p>\n<p>EXECUTION:<\/strong>.<\/p>\n<p>- liftable metal frame<\/p>\n<p>- panel headrest (1 panel is 12 cm high)<\/p>\n<p>- ability to choose the color or fabric of your dreams<\/p>\n<p>- The basic metal frame is equipped with 1000N automatic\/gas actuators and 34 wooden slats included (17 per side). There is an option to buy a RATED frame with 24 slats per side (48 slats in the whole frame), whose load capacity is higher by more than 100 kg, and the mattress itself adapts even better to the body due to the higher density of the arrangement of the spring slats<\/p>\n<p>- The bed does not include a mattress in the set. To ensure maximum sleeping comfort, we recommend choosing a suitable model from our offer:<em> <a style=\"font-weight: normal;\" href=\"https:\/\/davhonmeble.pl\/en\/product-category\/materace\/\" target=\"_blank\" rel=\"noopener\">see matching 120\u00d7200 mattresses for upholstered beds<\/a><\/em><\/p>\n<p>- simple and quick assembly. Each bed and frame comes with an assembly kit and instructions<\/p>\n<p><strong><\/p>\n<p>ADDITIONAL OPTIONS<\/strong>. (paid) - call and learn more:<\/p>\n<p>- option to buy a STRENGTHENED frame with 48 slats throughout the bed (the space between the spring slats in the strengthened frame is 2.5 cm, and in the basic version it is 6 cm)<\/p>\n<p>- change in the dimensions of the sides\/headboard (1 panel = 12 cm)<\/p>\n<p>- use of opening metal frame on the long side (left\/right)<\/p>\n<p><strong><\/p>\n<p>DIMENSIONS<\/strong>.:<\/p>\n<p>- overall length 214 cm<\/p>\n<p>- Overall width 98\/128\/148\/168\/188\/208 (depending on the size selected)<\/p>\n<p>- height of the headrest from the ground 90 cm<\/p>\n<p>- Height of the frame from the ground 30 cm<\/p>\n<p><strong>SHIPPING:<\/strong><\/p>\n<p>- shipping throughout the country in the amount of 160 z\u0142<\/p>\n<p>- payment on delivery (you pay only upon receipt of the goods)<\/p>\n<p>- personal collection available<\/p>\n<p>&nbsp;<\/p>\n<p>The 120\u00d7200 bed is shipped in self-assembly packages, and the assembly itself is very simple and fast. Delivery is carried out by a private carrier, thanks to which we guarantee that the bed will be delivered without any damage during transport.<\/p>\n<p>Please note: the driver is not required to bring furniture into the house\/apartment!<\/p>","protected":false},"excerpt":{"rendered":"<p>\u0141\u00f3\u017cko tapicerowane 120&#215;200 BRIMES z pojemnikiem \u0141\u00f3\u017cko 120&#215;200 BRIMES prezentuje cechy, kt\u00f3re pozwol\u0105 umie\u015bci\u0107 je zar\u00f3wno w nowoczesnej, minimalistycznej, przytulnej, klasycznej czy surowej sypialni. \u0141\u00f3\u017cko 120&#215;200 ma prost\u0105, niewyzywaj\u0105c\u0105 form\u0119, symetryczne kszta\u0142ty i nie jest przesadnie ozdobione. Pi\u0119knemu wezg\u0142owiu charakteru nadaj\u0105 przymocowane do niego panele tapicerowane, dzi\u0119ki czemu uzyskujemy efekt &#8222;push up&#8221;, a tak\u017ce niebywa\u0142y [&hellip;]<\/p>\n","protected":false},"featured_media":52412,"comment_status":"open","ping_status":"closed","template":"","meta":{"_acf_changed":false},"product_brand":[],"product_cat":[1289],"product_tag":[],"class_list":{"0":"post-53455","1":"product","2":"type-product","3":"status-publish","4":"has-post-thumbnail","6":"product_cat-lozka-tapicerowane-120x200","7":"tm-has-options","9":"first","10":"instock","11":"shipping-taxable","12":"purchasable","13":"product-type-simple"},"acf":[],"_links":{"self":[{"href":"https:\/\/davhonmeble.pl\/en\/wp-json\/wp\/v2\/product\/53455","targetHints":{"allow":["GET"]}}],"collection":[{"href":"https:\/\/davhonmeble.pl\/en\/wp-json\/wp\/v2\/product"}],"about":[{"href":"https:\/\/davhonmeble.pl\/en\/wp-json\/wp\/v2\/types\/product"}],"replies":[{"embeddable":true,"href":"https:\/\/davhonmeble.pl\/en\/wp-json\/wp\/v2\/comments?post=53455"}],"wp:featuredmedia":[{"embeddable":true,"href":"https:\/\/davhonmeble.pl\/en\/wp-json\/wp\/v2\/media\/52412"}],"wp:attachment":[{"href":"https:\/\/davhonmeble.pl\/en\/wp-json\/wp\/v2\/media?parent=53455"}],"wp:term":[{"taxonomy":"product_brand","embeddable":true,"href":"https:\/\/davhonmeble.pl\/en\/wp-json\/wp\/v2\/product_brand?post=53455"},{"taxonomy":"product_cat","embeddable":true,"href":"https:\/\/davhonmeble.pl\/en\/wp-json\/wp\/v2\/product_cat?post=53455"},{"taxonomy":"product_tag","embeddable":true,"href":"https:\/\/davhonmeble.pl\/en\/wp-json\/wp\/v2\/product_tag?post=53455"}],"curies":[{"name":"wp","href":"https:\/\/api.w.org\/{rel}","templated":true}]}}