{"id":53450,"date":"2026-04-20T03:10:22","date_gmt":"2026-04-20T02:10:22","guid":{"rendered":"https:\/\/davhonmeble.pl\/?post_type=product&#038;p=53450"},"modified":"2026-04-20T09:47:50","modified_gmt":"2026-04-20T08:47:50","slug":"lozko-farmhouse-200x200","status":"publish","type":"product","link":"https:\/\/davhonmeble.pl\/en\/product\/lozko-farmhouse-200x200\/","title":{"rendered":"\u0141\u00f3\u017cko FARMHOUSE 200&#215;200"},"content":{"rendered":"<h2>\u0141\u00f3\u017cko 200&#215;200 FARMHOUSE 200&#215;200<\/h2>\n<p> <strong>\u0141\u00f3\u017cko 200&#215;200 Farmhouse <\/strong>is a bed with a beautiful high headboard, which was built with vertical upholstered panels that give the effect of a three-dimensional bulge. This model was made according to the design and on request <strong>\u201e<\/strong><a href=\"https:\/\/www.instagram.com\/miedzy_modern_a_farmhouse\/\" target=\"_blank\" rel=\"noopener\">Between Modern and Farmhouse\u201d<\/a>.<\/p>\n<p><strong><\/p>\n<p>EXECUTION:<\/strong>.<\/p>\n<p>- wooden frame 34 slats (non-lifting)<\/p>\n<p>- panelled, high headrest<\/p>\n<p>- ability to choose the color or fabric of your dreams<\/p>\n<p>- The bed does not include a mattress in the set. To ensure maximum sleeping comfort, we recommend choosing a suitable model from our offer:<em> <a style=\"font-weight: normal;\" href=\"https:\/\/davhonmeble.pl\/en\/product-category\/materace\/\" target=\"_blank\" rel=\"noopener\">see matching 200\u00d7200 mattresses for upholstered beds<\/a><\/em><\/p>\n<p>- simple and quick assembly. Each bed and frame comes with an assembly kit and instructions<\/p>\n<p><strong><\/p>\n<p>ADDITIONAL OPTIONS<\/strong>. (paid) - call and learn more:<\/p>\n<p>- STRENGTHENED frame with 24 slats on one side (48 slats in the whole frame)<\/p>\n<p>- changing the wooden frame to a metal frame with a bedding container, equipped with 1000N automatic\/gas cylinders and 34 wooden slats included (17 per side). There is an option to buy a STRENGTHENED frame with 24 slats on one side (48 slats in the whole frame), the load capacity of which is higher by more than 100 kg, and the mattress itself adapts even better to the body due to the higher density of the arrangement of the spring slats<\/p>\n<p><strong><\/p>\n<p>DIMENSIONS<\/strong>.:<\/p>\n<p>- overall length 214 cm<\/p>\n<p>- Overall width 98\/128\/148\/168\/188\/208 ( depending on the size selected)<\/p>\n<p>- height of the headrest from the ground 130 cm<\/p>\n<p>- Height of the frame from the ground 30 cm<\/p>\n<p><strong><\/p>\n<p>SHIPPING:<\/strong>.<\/p>\n<p>- shipping throughout the country in the amount of 160 z\u0142<\/p>\n<p>- payment on delivery (you pay only upon receipt of the goods)<\/p>\n<p>- personal collection available<\/p>\n<p>&nbsp;<\/p>\n<p>The 200\u00d7200 bed is shipped in self-assembly packages, and the assembly itself is very simple and fast. Delivery is carried out by a private carrier, thanks to which we guarantee that the bed will be delivered without any damage during transport.<\/p>\n<p>Please note: the driver is not required to bring furniture into the house\/apartment!<\/p>","protected":false},"excerpt":{"rendered":"<p>\u0141\u00f3\u017cko 200&#215;200 FARMHOUSE 200&#215;200 \u0141\u00f3\u017cko 200&#215;200 Farmhouse to \u0142\u00f3\u017cko z pi\u0119knym wysokim wezg\u0142owiem, kt\u00f3re zbudowane zosta\u0142o z pionowych paneli tapicerowanych daj\u0105cych efekt tr\u00f3jwymiarowego wybrzuszenia. Model ten zosta\u0142 wykonany wed\u0142ug projektu i na \u017cyczenie &#8222;Miedzy Modern a Farmhouse&#8221;. WYKONANIE: \u2013 drewniany stela\u017c 34 listwowy (niepodnoszony) \u2013 panelowe, wysokie wezg\u0142owie \u2013 mo\u017cliwo\u015b\u0107 wyboru wymarzonego dla siebie koloru [&hellip;]<\/p>\n","protected":false},"featured_media":51352,"comment_status":"open","ping_status":"closed","template":"","meta":{"_acf_changed":false},"product_brand":[],"product_cat":[1279],"product_tag":[],"class_list":{"0":"post-53450","1":"product","2":"type-product","3":"status-publish","4":"has-post-thumbnail","6":"product_cat-lozka-tapicerowane-200x200","7":"tm-has-options","9":"first","10":"instock","11":"sale","12":"shipping-taxable","13":"purchasable","14":"product-type-simple"},"acf":[],"_links":{"self":[{"href":"https:\/\/davhonmeble.pl\/en\/wp-json\/wp\/v2\/product\/53450","targetHints":{"allow":["GET"]}}],"collection":[{"href":"https:\/\/davhonmeble.pl\/en\/wp-json\/wp\/v2\/product"}],"about":[{"href":"https:\/\/davhonmeble.pl\/en\/wp-json\/wp\/v2\/types\/product"}],"replies":[{"embeddable":true,"href":"https:\/\/davhonmeble.pl\/en\/wp-json\/wp\/v2\/comments?post=53450"}],"wp:featuredmedia":[{"embeddable":true,"href":"https:\/\/davhonmeble.pl\/en\/wp-json\/wp\/v2\/media\/51352"}],"wp:attachment":[{"href":"https:\/\/davhonmeble.pl\/en\/wp-json\/wp\/v2\/media?parent=53450"}],"wp:term":[{"taxonomy":"product_brand","embeddable":true,"href":"https:\/\/davhonmeble.pl\/en\/wp-json\/wp\/v2\/product_brand?post=53450"},{"taxonomy":"product_cat","embeddable":true,"href":"https:\/\/davhonmeble.pl\/en\/wp-json\/wp\/v2\/product_cat?post=53450"},{"taxonomy":"product_tag","embeddable":true,"href":"https:\/\/davhonmeble.pl\/en\/wp-json\/wp\/v2\/product_tag?post=53450"}],"curies":[{"name":"wp","href":"https:\/\/api.w.org\/{rel}","templated":true}]}}