{"id":53443,"date":"2026-04-20T03:10:22","date_gmt":"2026-04-20T02:10:22","guid":{"rendered":"https:\/\/davhonmeble.pl\/?post_type=product&#038;p=53443"},"modified":"2026-04-20T09:47:49","modified_gmt":"2026-04-20T08:47:49","slug":"lozko-kontynentalne-160x200-billy-z-dwoma-pojemnikami","status":"publish","type":"product","link":"https:\/\/davhonmeble.pl\/en\/product\/lozko-kontynentalne-160x200-billy-z-dwoma-pojemnikami\/","title":{"rendered":"\u0141\u00f3\u017cko kontynentalne 160&#215;200 BILLY z dwoma pojemnikami"},"content":{"rendered":"<h2>\u0141\u00f3\u017cko kontynentalne 160&#215;200 BILLY z dwoma pojemnikami<\/h2>\n<p> Continental bed 160\u00d7200 <strong>BILLY <\/strong>to uk\u0142on wykonany w stron\u0119 os\u00f3b chc\u0105cych wype\u0142ni\u0107 swoj\u0105 sypialni\u0119 rozwi\u0105zanymi pe\u0142nymi elegancji, a przy tym wyj\u0105tkowo komfortowymi. Wysokie wezg\u0142owie o pionowych przeszyciach, a tak\u017ce tapicerka wykonana ze stylowej tkaniny znacz\u0105co podwy\u017csza wizualn\u0105 atrakcyjno\u015b\u0107 mebla. \u0141\u00f3\u017cko 160&#215;200 posiada w standardzie bardzo wysokiej jako\u015bci materac ze spr\u0119\u017cynami bonell.<\/p>\n<p><strong><\/p>\n<p>EXECUTION:<\/strong>.<\/p>\n<p>- the bed has two bedding containers opening from the side<\/p>\n<p>- automatic bed opener<\/p>\n<p>- The base mattress is made of bonell type springs and T-25 foam, the height is about 18 cm<\/p>\n<p>- frame: wood + white board<\/p>\n<p><strong><\/p>\n<p>ADDITIONAL OPTIONS (paid):<\/strong>.<\/p>\n<p>- changing a bonell mattress for a mattress on pocket springs (a pocket mattress, otherwise known as a pouch mattress, is composed of traditional springs placed in separate pockets made of fabric. This design makes the springs work completely independently of each other - pressure on one does not automatically deflect the other. Thanks to this, the mattress is quiet, perfectly adapts to the shape of the body, and the positioning on the bed of another person is virtually not perceptible. A bonell mattress, on the other hand, is a system of individual springs bound together by a spiral wire. As a result, the force of the sleeping person's weight acting on the mattress is distributed over the entire surface. Thus, the mattress can serve different people, with different body weights and with different preferences for body positioning during sleep. However, this also has the effect that if two people sleep on the mattress, any change in the position of one will be strongly felt by the other).<\/p>\n<p>- Top mattress (topper) quilted with T25 foam<\/p>\n<p>- Top mattress (topper ) with VISCO foam ( also called thermoelastic foam ), often constitutes a basic element of modern mattresses. This is because its innovative properties allow you to enjoy a healthy, yet very pleasant sleep)<\/p>\n<p><strong><\/p>\n<p>DIMENSIONS:<\/strong>.<\/p>\n<p>- total length 210 cm<\/p>\n<p>- Total width 80\/90\/140\/160\/180 ( depending on the selected size)<\/p>\n<p>- height of the headrest from the ground 112 cm<\/p>\n<p>- height of the side of the bed (sleeping surface) 46 cm<\/p>\n<p><strong><\/p>\n<p>SHIPPING:<\/strong>.<\/p>\n<p>- shipping nationwide in the amount of PLN 200<\/p>\n<p>- payment on delivery (you pay only upon receipt of the goods)<\/p>\n<p>- personal collection available<\/p>\n<p>&nbsp;<\/p>\n<p>The 160\u00d7200 bed is shipped in self-assembly packages, and the assembly itself is very simple and fast. Delivery is carried out by a private carrier, thanks to which we guarantee that the bed will be delivered without any damage during transport.<\/p>\n<p>Please note: the driver is not required to bring furniture into the house\/apartment!<\/p>","protected":false},"excerpt":{"rendered":"<p>\u0141\u00f3\u017cko kontynentalne 160&#215;200 BILLY z dwoma pojemnikami \u0141\u00f3\u017cko kontynentalne 160&#215;200 BILLY to uk\u0142on wykonany w stron\u0119 os\u00f3b chc\u0105cych wype\u0142ni\u0107 swoj\u0105 sypialni\u0119 rozwi\u0105zanymi pe\u0142nymi elegancji, a przy tym wyj\u0105tkowo komfortowymi. Wysokie wezg\u0142owie o pionowych przeszyciach, a tak\u017ce tapicerka wykonana ze stylowej tkaniny znacz\u0105co podwy\u017csza wizualn\u0105 atrakcyjno\u015b\u0107 mebla. \u0141\u00f3\u017cko 160&#215;200 posiada w standardzie bardzo wysokiej jako\u015bci materac [&hellip;]<\/p>\n","protected":false},"featured_media":51366,"comment_status":"open","ping_status":"closed","template":"","meta":{"_acf_changed":false},"product_brand":[],"product_cat":[1273],"product_tag":[],"class_list":{"0":"post-53443","1":"product","2":"type-product","3":"status-publish","4":"has-post-thumbnail","6":"product_cat-lozka-kontynentalne-160x200","7":"tm-has-options","9":"first","10":"instock","11":"shipping-taxable","12":"purchasable","13":"product-type-simple"},"acf":[],"_links":{"self":[{"href":"https:\/\/davhonmeble.pl\/en\/wp-json\/wp\/v2\/product\/53443","targetHints":{"allow":["GET"]}}],"collection":[{"href":"https:\/\/davhonmeble.pl\/en\/wp-json\/wp\/v2\/product"}],"about":[{"href":"https:\/\/davhonmeble.pl\/en\/wp-json\/wp\/v2\/types\/product"}],"replies":[{"embeddable":true,"href":"https:\/\/davhonmeble.pl\/en\/wp-json\/wp\/v2\/comments?post=53443"}],"wp:featuredmedia":[{"embeddable":true,"href":"https:\/\/davhonmeble.pl\/en\/wp-json\/wp\/v2\/media\/51366"}],"wp:attachment":[{"href":"https:\/\/davhonmeble.pl\/en\/wp-json\/wp\/v2\/media?parent=53443"}],"wp:term":[{"taxonomy":"product_brand","embeddable":true,"href":"https:\/\/davhonmeble.pl\/en\/wp-json\/wp\/v2\/product_brand?post=53443"},{"taxonomy":"product_cat","embeddable":true,"href":"https:\/\/davhonmeble.pl\/en\/wp-json\/wp\/v2\/product_cat?post=53443"},{"taxonomy":"product_tag","embeddable":true,"href":"https:\/\/davhonmeble.pl\/en\/wp-json\/wp\/v2\/product_tag?post=53443"}],"curies":[{"name":"wp","href":"https:\/\/api.w.org\/{rel}","templated":true}]}}