{"id":53417,"date":"2026-04-20T03:10:18","date_gmt":"2026-04-20T02:10:18","guid":{"rendered":"https:\/\/davhonmeble.pl\/?post_type=product&#038;p=53417"},"modified":"2026-04-20T09:47:49","modified_gmt":"2026-04-20T08:47:49","slug":"lozko-tapicerowane-90x200-bez-zaglowka-z-pojemnikiem","status":"publish","type":"product","link":"https:\/\/davhonmeble.pl\/en\/product\/lozko-tapicerowane-90x200-bez-zaglowka-z-pojemnikiem\/","title":{"rendered":"\u0141\u00f3\u017cko tapicerowane 90&#215;200 bez zag\u0142\u00f3wka z pojemnikiem"},"content":{"rendered":"<h2>\u0141\u00f3\u017cko tapicerowane 90&#215;200 bez zag\u0142\u00f3wka z pojemnikiem<\/h2>\n<p>\u0141\u00f3\u017cko tapicerowane 90&#215;200 bez zag\u0142\u00f3wka z pojemnikiem na po\u015bciel to nowoczesne i funkcjonalne rozwi\u0105zanie do ka\u017cdej sypialni. Model \u015bwietnie sprawdzi si\u0119 we wn\u0119trzach minimalistycznych oraz w pomieszczeniach, w kt\u00f3rych nie ma miejsca na tradycyjne wezg\u0142owie. To tak\u017ce dobry wyb\u00f3r dla os\u00f3b planuj\u0105cych monta\u017c paneli \u015bciennych lub w\u0142asnego zag\u0142\u00f3wka. Solidna konstrukcja wykonana z podw\u00f3jnej p\u0142yty meblowej zapewnia trwa\u0142o\u015b\u0107 i wygod\u0119 u\u017cytkowania przez lata.<\/p>\n<p>Choose an upholstered bed without a headboard and order a model to fit your bedroom - directly from the manufacturer DAVHON.<\/p>\n<p><strong><\/p>\n<p>Product highlights:<\/strong>.<\/p>\n<p>- liftable metal frame<\/p>\n<p>- frame equipped with gas automats (gas actuators) + furniture board<\/p>\n<p>- bedding container (no maximum load!)<\/p>\n<p>- ability to choose the color or fabric of your dreams<\/p>\n<p>- The basic metal frame is equipped with 1000N automatic\/gas actuators and 34 wooden slats included (17 per side). There is an option to buy a RATED frame with 24 slats per side (48 slats in the whole frame), whose load capacity is higher by more than 100 kg, and the mattress itself adapts even better to the body due to the higher density of the arrangement of the spring slats<\/p>\n<p>- The bed does not include a mattress in the set. To ensure maximum sleeping comfort, we recommend choosing a suitable model from our offer:<em> <a style=\"font-weight: normal;\" href=\"https:\/\/davhonmeble.pl\/en\/product-category\/materace\/\" target=\"_blank\" rel=\"noopener\">see matching 90\u00d7200 mattresses for upholstered beds<\/a><\/em><\/p>\n<p>- simple and quick assembly. Each bed and frame comes with an assembly kit and instructions<\/p>\n<p><strong><\/p>\n<p>Rack options to choose from: <\/strong>.<\/p>\n<p>- wooden (non-lifting) consisting of 32 spring strips - 300 zlotys cheaper<\/p>\n<p>- reinforced wooden (non-lifting) consisting of 48 spring strips - 150 zlotys cheaper<\/p>\n<p>- wooden (raised with springs) consisting of 32 sprung slats, containing a bedding container - 100 zlotys cheaper<\/p>\n<p>- metal (raised with gas cylinders) consisting of 34 spring strips, including a bedding container - IN PRICE<\/p>\n<p>- reinforced metal (raised with gas cylinders) consisting of 48 spring strips, including a bedding container - extra charge PLN 100<\/p>\n<p><strong><\/p>\n<p>Additional options<\/strong>. (paid) - call and learn more:<\/p>\n<p>- change of dimensions of the box<\/p>\n<p>- use of opening metal frame on the long side (left\/right)<\/p>\n<p>- STRENGTHENED frame with 48 slats throughout the bed (the space between the spring slats in the strengthened frame is 2.5 cm, and in the basic version it is 6 cm)<\/p>\n<p><strong><\/p>\n<p>Bed dimensions:<\/strong>.<\/p>\n<p>- total length 209 centimeters<\/p>\n<p>- Overall width 98\/128\/148\/168\/188\/208 (depending on the size selected)<\/p>\n<p>- Height of the frame from the ground 30 cm<\/p>\n<p><strong><\/p>\n<p>Shipping and Fulfillment:<\/strong>.<\/p>\n<p>- nationwide in the amount of 160 PLN<\/p>\n<p>- payment on delivery (you pay only upon receipt of the goods)<\/p>\n<p>- personal collection available<\/p>\n<p>&nbsp;<\/p>\n<p>\u0141\u00f3\u017cko 90&#215;200 wysy\u0142ane jest w paczkach do samodzielnego monta\u017cu, a sam monta\u017c jest bardzo prosty i szybki. Realizacje dostawy wykonuje prywatny przewo\u017anik, dzi\u0119ki czemu gwarantujemy, \u017ce \u0142\u00f3\u017cko zostanie dostarczone bez jakichkolwiek uszkodze\u0144 podczas transportu.<\/p>\n<p>Please note: the driver is not required to bring furniture into the house\/apartment!<\/p>","protected":false},"excerpt":{"rendered":"<p>\u0141\u00f3\u017cko tapicerowane 90&#215;200 bez zag\u0142\u00f3wka z pojemnikiem na po\u015bciel. Idealne do nowoczesnych sypialni, pod panele \u015bcienne lub w\u0142asne wezg\u0142owie. Solidna konstrukcja, estetyczne wykonanie i praktyczny schowek na po\u015bciel.<\/p>","protected":false},"featured_media":52728,"comment_status":"open","ping_status":"closed","template":"","meta":{"_acf_changed":false},"product_brand":[],"product_cat":[1290],"product_tag":[],"class_list":{"0":"post-53417","1":"product","2":"type-product","3":"status-publish","4":"has-post-thumbnail","6":"product_cat-lozka-tapicerowane-90x200","7":"tm-has-options","9":"first","10":"instock","11":"shipping-taxable","12":"purchasable","13":"product-type-simple"},"acf":[],"_links":{"self":[{"href":"https:\/\/davhonmeble.pl\/en\/wp-json\/wp\/v2\/product\/53417","targetHints":{"allow":["GET"]}}],"collection":[{"href":"https:\/\/davhonmeble.pl\/en\/wp-json\/wp\/v2\/product"}],"about":[{"href":"https:\/\/davhonmeble.pl\/en\/wp-json\/wp\/v2\/types\/product"}],"replies":[{"embeddable":true,"href":"https:\/\/davhonmeble.pl\/en\/wp-json\/wp\/v2\/comments?post=53417"}],"wp:featuredmedia":[{"embeddable":true,"href":"https:\/\/davhonmeble.pl\/en\/wp-json\/wp\/v2\/media\/52728"}],"wp:attachment":[{"href":"https:\/\/davhonmeble.pl\/en\/wp-json\/wp\/v2\/media?parent=53417"}],"wp:term":[{"taxonomy":"product_brand","embeddable":true,"href":"https:\/\/davhonmeble.pl\/en\/wp-json\/wp\/v2\/product_brand?post=53417"},{"taxonomy":"product_cat","embeddable":true,"href":"https:\/\/davhonmeble.pl\/en\/wp-json\/wp\/v2\/product_cat?post=53417"},{"taxonomy":"product_tag","embeddable":true,"href":"https:\/\/davhonmeble.pl\/en\/wp-json\/wp\/v2\/product_tag?post=53417"}],"curies":[{"name":"wp","href":"https:\/\/api.w.org\/{rel}","templated":true}]}}