{"id":53411,"date":"2026-04-20T03:10:18","date_gmt":"2026-04-20T02:10:18","guid":{"rendered":"https:\/\/davhonmeble.pl\/?post_type=product&#038;p=53411"},"modified":"2026-04-20T09:47:49","modified_gmt":"2026-04-20T08:47:49","slug":"lozko-tapicerowane-180x200-plaza-z-pojemnikiem","status":"publish","type":"product","link":"https:\/\/davhonmeble.pl\/en\/product\/lozko-tapicerowane-180x200-plaza-z-pojemnikiem\/","title":{"rendered":"\u0141\u00f3\u017cko tapicerowane 180&#215;200 PLAZA z pojemnikiem"},"content":{"rendered":"<h2>\u0141\u00f3\u017cko tapicerowane 180&#215;200 PLAZA z pojemnikiem<\/h2>\n<p> <strong>\u0141\u00f3\u017cko 180&#215;200 Plaza <\/strong>is an extremely stylish and useful bed that will be an excellent solution for any bedroom. Robustness of workmanship and high-quality materials make it easy that such an upholstered bed will invariably serve us for many years. Thanks to the upholstered shelf and LED lighting (cold color), this is undoubtedly a product that combines elegance with many useful features.<\/p>\n<p><strong><\/p>\n<p>EXECUTION:<\/strong>.<\/p>\n<p>- Upholstered shelf with LED lighting (cold color white)<b><\/b><\/p>\n<p>- bed structure made of wood and particle board<\/p>\n<p>- Lifting wooden frame 32-layer equipped with springs for easy lifting<\/p>\n<p>- ability to choose the color or fabric of your dreams<\/p>\n<p>- bedding container made of furniture board<\/p>\n<p>- The bed does not include a mattress in the set. To ensure maximum sleeping comfort, we recommend choosing a suitable model from our offer:<em> <a style=\"font-weight: normal;\" href=\"https:\/\/davhonmeble.pl\/en\/product-category\/materace\/\" target=\"_blank\" rel=\"noopener\">see matching 180\u00d7200 mattresses for upholstered beds<\/a><\/em><\/p>\n<p>- simple and quick assembly. Each bed and frame comes with an assembly kit and instructions<\/p>\n<p><strong><\/p>\n<p>ADDITIONAL OPTIONS<\/strong>. (paid):<\/p>\n<p>- it is possible to buy a STRENGTHENED frame with 48 slats throughout the bed (the space between the spring slats in the strengthened frame is 2.5 cm, and in the basic version it is 6 cm)<\/p>\n<p><strong><\/p>\n<p>DIMENSIONS<\/strong>.:<\/p>\n<p>- total length 223 cm<\/p>\n<p>- Overall width 155\/175\/195 ( depending on the size selected)<\/p>\n<p>- headrest height from the ground 103 cm<\/p>\n<p>- Height of the frame from the ground 35 cm<\/p>\n<p><strong><\/p>\n<p>SHIPPING:<\/strong>.<b><\/b><\/p>\n<p>- shipping throughout the country in the amount of 160 z\u0142<\/p>\n<p>- payment on delivery (you pay only upon receipt of the goods)<\/p>\n<p>- personal collection available<\/p>\n<p>&nbsp;<\/p>\n<p>The 180\u00d7200 bed is shipped in packages for self-assembly, and the assembly itself is very simple and fast. Delivery is carried out by a private carrier, thanks to which we guarantee that the bed will be delivered without any damage during transport.<\/p>\n<p>Please note: the driver is not required to bring furniture into the house\/apartment!<\/p>","protected":false},"excerpt":{"rendered":"<p>\u0141\u00f3\u017cko tapicerowane 180&#215;200 PLAZA z pojemnikiem \u0141\u00f3\u017cko 180&#215;200 Plaza to niezwykle stylowe i u\u017cyteczne \u0142\u00f3\u017cko, kt\u00f3re b\u0119dzie znakomitym rozwi\u0105zaniem dla ka\u017cdej sypialni. Solidno\u015b\u0107 wykonania oraz wysokiej jako\u015bci materia\u0142y sprawiaj\u0105, \u017ce bez problemu takie \u0142\u00f3\u017cko tapicerowane b\u0119dzie nam niezmiennie s\u0142u\u017cy\u0107 przez wiele lat. Dzi\u0119ki tapicerowanej p\u00f3\u0142ce oraz o\u015bwietleniem LED (zimnej barwy) jest to niew\u0105tpliwie produkt, kt\u00f3ry [&hellip;]<\/p>\n","protected":false},"featured_media":51602,"comment_status":"open","ping_status":"closed","template":"","meta":{"_acf_changed":false},"product_brand":[],"product_cat":[1278],"product_tag":[],"class_list":{"0":"post-53411","1":"product","2":"type-product","3":"status-publish","4":"has-post-thumbnail","6":"product_cat-lozka-tapicerowane-180x200","7":"tm-has-options","9":"first","10":"instock","11":"shipping-taxable","12":"purchasable","13":"product-type-simple"},"acf":[],"_links":{"self":[{"href":"https:\/\/davhonmeble.pl\/en\/wp-json\/wp\/v2\/product\/53411","targetHints":{"allow":["GET"]}}],"collection":[{"href":"https:\/\/davhonmeble.pl\/en\/wp-json\/wp\/v2\/product"}],"about":[{"href":"https:\/\/davhonmeble.pl\/en\/wp-json\/wp\/v2\/types\/product"}],"replies":[{"embeddable":true,"href":"https:\/\/davhonmeble.pl\/en\/wp-json\/wp\/v2\/comments?post=53411"}],"wp:featuredmedia":[{"embeddable":true,"href":"https:\/\/davhonmeble.pl\/en\/wp-json\/wp\/v2\/media\/51602"}],"wp:attachment":[{"href":"https:\/\/davhonmeble.pl\/en\/wp-json\/wp\/v2\/media?parent=53411"}],"wp:term":[{"taxonomy":"product_brand","embeddable":true,"href":"https:\/\/davhonmeble.pl\/en\/wp-json\/wp\/v2\/product_brand?post=53411"},{"taxonomy":"product_cat","embeddable":true,"href":"https:\/\/davhonmeble.pl\/en\/wp-json\/wp\/v2\/product_cat?post=53411"},{"taxonomy":"product_tag","embeddable":true,"href":"https:\/\/davhonmeble.pl\/en\/wp-json\/wp\/v2\/product_tag?post=53411"}],"curies":[{"name":"wp","href":"https:\/\/api.w.org\/{rel}","templated":true}]}}