{"id":53405,"date":"2026-04-20T03:10:18","date_gmt":"2026-04-20T02:10:18","guid":{"rendered":"https:\/\/davhonmeble.pl\/?post_type=product&#038;p=53405"},"modified":"2026-04-20T09:47:49","modified_gmt":"2026-04-20T08:47:49","slug":"lozko-tapicerowane-120x200-simon-z-pojemnikiem","status":"publish","type":"product","link":"https:\/\/davhonmeble.pl\/en\/product\/lozko-tapicerowane-120x200-simon-z-pojemnikiem\/","title":{"rendered":"\u0141\u00f3\u017cko tapicerowane 120&#215;200 SIMON z pojemnikiem"},"content":{"rendered":"<h2>\u0141\u00f3\u017cko tapicerowane 120&#215;200 SIMON z pojemnikiem<\/h2>\n<p> <strong>\u0141\u00f3\u017cko 120&#215;200 Simon<\/strong>, kt\u00f3rego cech\u0105 charakterystyczn\u0105 jest gustownie wykonane wezg\u0142owie z przeszyciami tworz\u0105cymi kwadraty. Wezg\u0142owie to jest jednak nie tylko stylowym dodatkiem w sypialni, ale r\u00f3wnie\u017c bardzo wygodnym podparciem dla kr\u0119gos\u0142upa w pozycji siedz\u0105cej. Spersonalizuj ogl\u0105dane \u0142\u00f3\u017cko poprzez wyb\u00f3r wybranej przez siebie tkaniny obiciowej oraz koloru, a tak\u017ce podnoszonego stela\u017cu. W standardzie \u0142\u00f3\u017cko posiada stela\u017c 32 listwowy, podnoszony za pomoc\u0105 spr\u0119\u017cyn, jednak\u017ce z uwagi na Pa\u0144stwa komfort podczas u\u017cytkowania, wprowadzili\u015bmy do oferty mo\u017cliwo\u015b\u0107 zakupu stela\u017ca metalowego otwieranego za pomoc\u0105 si\u0142ownik\u00f3w gazowych, kt\u00f3re znacznie u\u0142atwiaj\u0105 podnoszenie stela\u017ca wraz z materace 120x200m &#8211; nawet tym najci\u0119\u017cszym!<\/p>\n<p><strong><\/p>\n<p>EXECUTION:<\/strong>.<\/p>\n<p>- quilted bed headboard<b><\/b><\/p>\n<p>- bed structure made of wood and particle board<\/p>\n<p>- Lifting wooden frame 32-layer equipped with springs for easy lifting<\/p>\n<p>- ability to choose the color or fabric of your dreams<\/p>\n<p>- bedding container made of furniture board<\/p>\n<p>- The bed does not include a mattress in the set. To ensure maximum sleeping comfort, we recommend choosing a suitable model from our offer:<em> <a style=\"font-weight: normal;\" href=\"https:\/\/davhonmeble.pl\/en\/product-category\/materace\/\" target=\"_blank\" rel=\"noopener\">see matching 120\u00d7200 mattresses for upholstered beds<\/a><\/em><\/p>\n<p>- simple and quick assembly. Each bed and frame comes with an assembly kit and instructions<\/p>\n<p><strong><\/p>\n<p>ADDITIONAL OPTIONS<\/strong>. (paid):<\/p>\n<p>- it is possible to buy a STRENGTHENED frame with 48 slats throughout the bed (the space between the spring slats in the strengthened frame is 2.5 cm, and in the basic version it is 6 cm)<\/p>\n<p>- change of headrest dimensions<\/p>\n<p><strong><\/p>\n<p>DIMENSIONS<\/strong>.:<\/p>\n<p>- total length 218 cm<\/p>\n<p>- Total width 135\/155\/175\/195 ( depending on the selected size)<\/p>\n<p>- height of the headrest from the ground 90 cm<\/p>\n<p>- Height of the frame from the ground 35 cm<\/p>\n<p><strong><\/p>\n<p>SHIPPING:<\/strong>.<b><\/b><\/p>\n<p>- shipping throughout the country in the amount of 160 z\u0142<\/p>\n<p>- payment on delivery (you pay only upon receipt of the goods)<\/p>\n<p>- personal collection available<\/p>\n<p>&nbsp;<\/p>\n<p>The 120\u00d7200 bed is shipped in self-assembly packages, and the assembly itself is very simple and fast. Delivery is carried out by a private carrier, thanks to which we guarantee that the bed will be delivered without any damage during transport.<\/p>\n<p>Please note: the driver is not required to bring furniture into the house\/apartment!<\/p>","protected":false},"excerpt":{"rendered":"<p>\u0141\u00f3\u017cko tapicerowane 120&#215;200 SIMON z pojemnikiem \u0141\u00f3\u017cko 120&#215;200 Simon, kt\u00f3rego cech\u0105 charakterystyczn\u0105 jest gustownie wykonane wezg\u0142owie z przeszyciami tworz\u0105cymi kwadraty. Wezg\u0142owie to jest jednak nie tylko stylowym dodatkiem w sypialni, ale r\u00f3wnie\u017c bardzo wygodnym podparciem dla kr\u0119gos\u0142upa w pozycji siedz\u0105cej. Spersonalizuj ogl\u0105dane \u0142\u00f3\u017cko poprzez wyb\u00f3r wybranej przez siebie tkaniny obiciowej oraz koloru, a tak\u017ce podnoszonego [&hellip;]<\/p>\n","protected":false},"featured_media":51644,"comment_status":"open","ping_status":"closed","template":"","meta":{"_acf_changed":false},"product_brand":[],"product_cat":[1289],"product_tag":[],"class_list":{"0":"post-53405","1":"product","2":"type-product","3":"status-publish","4":"has-post-thumbnail","6":"product_cat-lozka-tapicerowane-120x200","7":"tm-has-options","9":"first","10":"instock","11":"shipping-taxable","12":"purchasable","13":"product-type-simple"},"acf":[],"_links":{"self":[{"href":"https:\/\/davhonmeble.pl\/en\/wp-json\/wp\/v2\/product\/53405","targetHints":{"allow":["GET"]}}],"collection":[{"href":"https:\/\/davhonmeble.pl\/en\/wp-json\/wp\/v2\/product"}],"about":[{"href":"https:\/\/davhonmeble.pl\/en\/wp-json\/wp\/v2\/types\/product"}],"replies":[{"embeddable":true,"href":"https:\/\/davhonmeble.pl\/en\/wp-json\/wp\/v2\/comments?post=53405"}],"wp:featuredmedia":[{"embeddable":true,"href":"https:\/\/davhonmeble.pl\/en\/wp-json\/wp\/v2\/media\/51644"}],"wp:attachment":[{"href":"https:\/\/davhonmeble.pl\/en\/wp-json\/wp\/v2\/media?parent=53405"}],"wp:term":[{"taxonomy":"product_brand","embeddable":true,"href":"https:\/\/davhonmeble.pl\/en\/wp-json\/wp\/v2\/product_brand?post=53405"},{"taxonomy":"product_cat","embeddable":true,"href":"https:\/\/davhonmeble.pl\/en\/wp-json\/wp\/v2\/product_cat?post=53405"},{"taxonomy":"product_tag","embeddable":true,"href":"https:\/\/davhonmeble.pl\/en\/wp-json\/wp\/v2\/product_tag?post=53405"}],"curies":[{"name":"wp","href":"https:\/\/api.w.org\/{rel}","templated":true}]}}