{"id":53401,"date":"2026-04-20T03:10:18","date_gmt":"2026-04-20T02:10:18","guid":{"rendered":"https:\/\/davhonmeble.pl\/?post_type=product&#038;p=53401"},"modified":"2026-04-20T09:47:49","modified_gmt":"2026-04-20T08:47:49","slug":"materac-140x200-salvador-premium","status":"publish","type":"product","link":"https:\/\/davhonmeble.pl\/en\/product\/materac-140x200-salvador-premium\/","title":{"rendered":"Materac 140&#215;200 Salvador Premium"},"content":{"rendered":"<h2>Materac 140&#215;200 Salvador Premium<\/h2>\n<p> <strong>Materac 140&#215;200 Salvador Premium <\/strong>was created for demanding users - from children, to singles, to partners sleeping in the same bed. Thanks to layers made of innovative foams and a multipocket spring insert, it provides optimal point elasticity, so it can perfectly adapt to a person's weight, body shape and favorite position, so in each case it provides undisturbed rest in conditions conducive to complete relaxation. With such a purchase will be pleased with all those who expect from a mattress a balance between excellent support of the body during sleep and the ability to freely change position. This product is also recommended for allergy sufferers and owners of professional frames with adjustable head and footrest angles.<\/p>\n<p>The pocket springs used in standard pocket mattresses contain about 272 springs\/m2. Our 140\u00d7200 premium mattresses contain pocket springs of the multipocket type, i.e. about 510 springs\/m2, which significantly affects the life of the mattress, as well as increases the comfort of sleep, since there are almost twice as many support points.<\/p>\n<p><img fetchpriority=\"high\" decoding=\"async\" class=\"lazyloaded lazy-loaded alignnone wp-image-1620 size-full\" src=\"https:\/\/srv104004.seohost.com.pl\/wp-content\/uploads\/2021\/02\/Materac-Piankowy-Manhattan-PROFILOWANY-7-STREF-Rodzaj-materaca-Piankowy.jpg\" alt=\"\" width=\"864\" height=\"429\" data-srcset=\"https:\/\/srv104004.seohost.com.pl\/wp-content\/uploads\/2020\/10\/strefy_3.jpg 979w, https:\/\/srv104004.seohost.com.pl\/wp-content\/uploads\/2020\/10\/strefy_3-300x188.jpg 300w, https:\/\/srv104004.seohost.com.pl\/wp-content\/uploads\/2020\/10\/strefy_3-768x482.jpg 768w, https:\/\/srv104004.seohost.com.pl\/wp-content\/uploads\/2020\/10\/strefy_3-680x427.jpg 680w\" data-src=\"https:\/\/srv104004.seohost.com.pl\/wp-content\/uploads\/2020\/10\/strefy_3.jpg\" data-sizes=\"(max-width: 757px) 100vw, 757px\" \/><\/p>\n<p><strong><\/p>\n<p>EXECUTION:<\/strong>.<\/p>\n<p><em>T3550 PROFILED 7 ZONE FOAM 4cm<\/em> - Ensures proper fit to the shape of the body. Seven-zone profiling ensures, optimal sleeping position and spinal alignment. It has a massage function. Thanks to the very high density of the foam from which the top layer is made, it allows the foam profile to be maintained for many years.<\/p>\n<p><em>coconut mat 1 cm<\/em> - raw material in 100% ecological, derived from coconut shells. It has anti-allergenic properties, excellent protection against the growth of dust mites and microorganisms, and is resilient and flexible. 140x200e mattress with coconut fiber are durable, resistant to moisture and deformation. Mat with very high density, so that the body does not sink into the mattress.<\/p>\n<p><em>upholstery felt 1mm<\/em> - A natural spacer that separates the spring layer from the foam layer. Natural felt can significantly extend the life of the mattress, and also strengthens its structure. Felt also has the advantage of high elasticity and adhesion to the given surface It is used between the pocket springs and the next layer. It is a very important , strengthening element of the mattress.<\/p>\n<p><em>KEY SPRINGS 12 cm<\/em> - The springs divide the mattress into 7 zones, each with appropriate support for a particular part of the body. With the profiled foam that is used as the top layer of the mattress, the zoned pocket springs used in the mattress give even more sleeping comfort. The springs work independently of each other, so two people sleeping next to each other don't experience the discomfort of the other person fidgeting. The 140\u00d7200 mattress is also great for people with different body weights, as the pocket springs ensure that the mattress does not bend towards the other person.<\/p>\n<p><em>upholstery felt 1mm<\/em> - A natural spacer that separates the spring layer from the foam layer. Natural felt can significantly extend the life of the mattress, and also strengthens its structure. Felt also has the advantage of high elasticity and adhesion to the given surface It is used between the pocket springs and the next layer. It is a very important , strengthening element of the mattress.<\/p>\n<p><em>THERMOELASTIC FOAM<\/em> - 2 cm (otherwise known as VISCO, MEMORY or lazy foam). It perfectly adapts to the shape and weight of the body, providing it with adequate support and proper blood circulation. Under the influence of body temperature, it increases its elasticity and resilience. This foam is suitable for people with various spinal disorders.<\/p>\n<p><em>T3550 PROFILED 7 ZONE 4 cm foam<\/em> - Ensures proper fit to the shape of the body. Seven-zone profiling ensures, optimal sleeping position and spinal alignment. It has a massage function. Thanks to the very high density of the foam from which the top layer is made, it allows the foam profile to be maintained for many years.<\/p>\n<p><em>SILVER BORFEAUX QUILTED COVER<\/em> - Quilted knit fabric with silver ions, has anti-fungal properties. Anti-allergenic, having a zipper, which helps in maintaining hygiene. It prevents dirt from entering the mattress, protects against the penetration of bacteria, fungi, mold and dust mites.<\/p>\n<p><strong><\/p>\n<p>TAKE CARE OF THE HEALTH OF YOUR SPINE!<\/strong>.<\/p>\n<p>It is important to choose a very good mattress for your spine, it will allow us to better recover, relax. The firmness of the mattress should be adjusted to the weight and height and personal preference of the person sleeping on it, to relieve the pressure on the spine, take care of proper circulation and muscle relaxation. That's why our mattress has two firmnesses, you can adjust the side according to your needs.<\/p>\n<p><strong><\/p>\n<p>HARDNESS:<\/strong>.<\/p>\n<p><img decoding=\"async\" class=\"lazyloaded lazy-loaded alignnone wp-image-1434 size-full\" src=\"https:\/\/srv104004.seohost.com.pl\/wp-content\/uploads\/2020\/10\/h2-h3.jpg\" alt=\"\" width=\"607\" height=\"134\" data-srcset=\"https:\/\/srv104004.seohost.com.pl\/wp-content\/uploads\/2020\/10\/h3h3.jpg 607w, https:\/\/srv104004.seohost.com.pl\/wp-content\/uploads\/2020\/10\/h3h3-300x66.jpg 300w\" data-src=\"https:\/\/srv104004.seohost.com.pl\/wp-content\/uploads\/2020\/10\/h3h3.jpg\" data-sizes=\"(max-width: 607px) 100vw, 607px\" \/><\/p>\n<p><strong><\/p>\n<p>SHIPPING:<\/strong>.<\/p>\n<p>- free shipping nationwide<\/p>\n<p>- payment on delivery (you pay only upon receipt of the goods)<\/p>\n<p>- personal collection available<\/p>\n<p>- 140\u00d7200 mattresses are delivered whole, so they are not subject to damage caused by rolling them<\/p>\n<p>&nbsp;<\/p>\n<p>Realization of delivery is carried out by a private carrier, so we guarantee that the goods will be delivered without any damage during transport.<\/p>\n<p>Note: the driver is not obliged to bring the goods into the house\/apartment!<\/p>","protected":false},"excerpt":{"rendered":"<p>Materac 140&#215;200 Salvador Premium Materac 140&#215;200 Salvador Premium powsta\u0142 z my\u015bl\u0105 o wymagaj\u0105cych u\u017cytkownikach &#8211; od dzieci, przez singli, a\u017c po partner\u00f3w \u015bpi\u0105cych w jednym \u0142\u00f3\u017cku. Dzi\u0119ki warstwom wykonanym z innowacyjnych pianek i wk\u0142adowi spr\u0119\u017cynowemu typu multipocket zapewnia optymaln\u0105 elastyczno\u015b\u0107 punktow\u0105, dzi\u0119ki czemu potrafi doskonale dopasowa\u0107 si\u0119 do wagi, kszta\u0142tu cia\u0142a oraz ulubionej pozycji danej [&hellip;]<\/p>\n","protected":false},"featured_media":51722,"comment_status":"open","ping_status":"closed","template":"","meta":{"_acf_changed":false},"product_brand":[],"product_cat":[1282],"product_tag":[],"class_list":{"0":"post-53401","1":"product","2":"type-product","3":"status-publish","4":"has-post-thumbnail","6":"product_cat-materace-140x200","7":"tm-has-options","9":"first","10":"instock","11":"sale","12":"shipping-taxable","13":"purchasable","14":"product-type-simple"},"acf":[],"_links":{"self":[{"href":"https:\/\/davhonmeble.pl\/en\/wp-json\/wp\/v2\/product\/53401","targetHints":{"allow":["GET"]}}],"collection":[{"href":"https:\/\/davhonmeble.pl\/en\/wp-json\/wp\/v2\/product"}],"about":[{"href":"https:\/\/davhonmeble.pl\/en\/wp-json\/wp\/v2\/types\/product"}],"replies":[{"embeddable":true,"href":"https:\/\/davhonmeble.pl\/en\/wp-json\/wp\/v2\/comments?post=53401"}],"wp:featuredmedia":[{"embeddable":true,"href":"https:\/\/davhonmeble.pl\/en\/wp-json\/wp\/v2\/media\/51722"}],"wp:attachment":[{"href":"https:\/\/davhonmeble.pl\/en\/wp-json\/wp\/v2\/media?parent=53401"}],"wp:term":[{"taxonomy":"product_brand","embeddable":true,"href":"https:\/\/davhonmeble.pl\/en\/wp-json\/wp\/v2\/product_brand?post=53401"},{"taxonomy":"product_cat","embeddable":true,"href":"https:\/\/davhonmeble.pl\/en\/wp-json\/wp\/v2\/product_cat?post=53401"},{"taxonomy":"product_tag","embeddable":true,"href":"https:\/\/davhonmeble.pl\/en\/wp-json\/wp\/v2\/product_tag?post=53401"}],"curies":[{"name":"wp","href":"https:\/\/api.w.org\/{rel}","templated":true}]}}