{"id":53396,"date":"2026-04-20T03:10:18","date_gmt":"2026-04-20T02:10:18","guid":{"rendered":"https:\/\/davhonmeble.pl\/?post_type=product&#038;p=53396"},"modified":"2026-04-20T09:47:48","modified_gmt":"2026-04-20T08:47:48","slug":"lozko-kontynentalne-140x200-rumba-z-dwoma-pojemnikami","status":"publish","type":"product","link":"https:\/\/davhonmeble.pl\/en\/product\/lozko-kontynentalne-140x200-rumba-z-dwoma-pojemnikami\/","title":{"rendered":"Continental bed 140\u00d7200 RUMBA with two bins"},"content":{"rendered":"<h2>Continental bed 140\u00d7200 RUMBA with two bins<\/h2>\n<p> Continental bed 140\u00d7200 <strong>RUMBA<\/strong> is a luxurious solution for elegant interiors, private apartments and hotels. The high-end bed is an ideal choice for everyone. Designed and manufactured with the utmost attention to detail. The 140\u00d7200 bed attracts attention and delights with its unusual design, in which the main role is played by the beautiful headboard. The 140\u00d7200 bed is made of high quality materials and has a bonell mattress of very high quality as standard.<\/p>\n<p><strong><\/p>\n<p>EXECUTION:<\/strong>.<\/p>\n<p>- the bed comes standard with two bedding bins that open from the side<\/p>\n<p>- automatic bed opener<\/p>\n<p>- The base mattress is made of bonell type springs and T-25 foam, height 20 cm<\/p>\n<p>- frame: wood + white board<\/p>\n<p><strong><\/p>\n<p>ADDITIONAL OPTIONS <\/strong>.(paid):<\/p>\n<p>- changing a bonell mattress to a mattress on pocket springs (a pocket mattress, otherwise known as a pouch mattress, is composed of traditional springs placed in separate pockets made of fabric. This design makes the springs work completely independently of each other - pressure on one does not automatically deflect the other. Thanks to this, the mattress is quiet, perfectly adapts to the shape of the body, and the positioning on the bed of another person is virtually not perceptible. A bonell mattress, on the other hand, is a system of individual springs bound together by a spiral wire. As a result, the force of the sleeping person's weight acting on the mattress is distributed over the entire surface. Thus, the mattress can serve different people, of different body weights and with different preferences for body positioning during sleep. However, this also has the effect that if two people sleep on the mattress, any change in the position of one will be strongly felt by the other).<\/p>\n<p>- Top mattress (topper) quilted with T25 foam<\/p>\n<p>- Top mattress (topper ) with VISCO foam (also called thermoelastic foam), often constitutes a basic element of modern mattresses. This is because its innovative properties allow you to enjoy a healthy, yet very pleasant sleep)<\/p>\n<p><strong><\/p>\n<p>DIMENSIONS:<\/strong>.<\/p>\n<p>- total length 208 cm<\/p>\n<p>- total width 140\/160\/180 ( depending on the selected size)<\/p>\n<p>- height of the headrest from the ground 112 cm<\/p>\n<p>- Height of the side of the bed (sleeping surface) 52 cm<\/p>\n<p><strong><\/p>\n<p>SHIPPING:<\/strong>.<\/p>\n<p>- shipping nationwide in the amount of PLN 200<\/p>\n<p>- payment on delivery (you pay only upon receipt of the goods)<\/p>\n<p>- personal collection available<\/p>\n<p>&nbsp;<\/p>\n<p>The 140\u00d7200 bed is shipped in self-assembly packages, and the assembly itself is very simple and fast. Delivery is carried out by a private carrier, thanks to which we guarantee that the bed will be delivered without any damage during transport.<\/p>\n<p>Please note: the driver is not required to bring furniture into the house\/apartment!<\/p>","protected":false},"excerpt":{"rendered":"<p>\u0141\u00f3\u017cko kontynentalne 140&#215;200 RUMBA z dwoma pojemnikami \u0141\u00f3\u017cko kontynentalne 140&#215;200 RUMBA to luksusowe rozwi\u0105zanie do eleganckich wn\u0119trz, prywatnych mieszka\u0144 i hoteli. Wysokiej klasy \u0142\u00f3\u017cko to idealny wyb\u00f3r dla ka\u017cdego. Zaprojektowane i produkowane z najwy\u017csz\u0105 dba\u0142o\u015bci\u0105 o detale. \u0141\u00f3\u017cko 140&#215;200 przyci\u0105ga uwag\u0119 i zachwyca swoim nietuzinkowym wygl\u0105dem, w kt\u00f3rym g\u0142\u00f3wn\u0105 rol\u0119 odgrywa pi\u0119kne wezg\u0142owie. \u0141\u00f3\u017cko 140&#215;200 [&hellip;]<\/p>\n","protected":false},"featured_media":51402,"comment_status":"open","ping_status":"closed","template":"","meta":{"_acf_changed":false},"product_brand":[],"product_cat":[1272],"product_tag":[],"class_list":{"0":"post-53396","1":"product","2":"type-product","3":"status-publish","4":"has-post-thumbnail","6":"product_cat-lozka-kontynentalne-140x200","7":"tm-has-options","9":"first","10":"instock","11":"shipping-taxable","12":"purchasable","13":"product-type-simple"},"acf":[],"_links":{"self":[{"href":"https:\/\/davhonmeble.pl\/en\/wp-json\/wp\/v2\/product\/53396","targetHints":{"allow":["GET"]}}],"collection":[{"href":"https:\/\/davhonmeble.pl\/en\/wp-json\/wp\/v2\/product"}],"about":[{"href":"https:\/\/davhonmeble.pl\/en\/wp-json\/wp\/v2\/types\/product"}],"replies":[{"embeddable":true,"href":"https:\/\/davhonmeble.pl\/en\/wp-json\/wp\/v2\/comments?post=53396"}],"wp:featuredmedia":[{"embeddable":true,"href":"https:\/\/davhonmeble.pl\/en\/wp-json\/wp\/v2\/media\/51402"}],"wp:attachment":[{"href":"https:\/\/davhonmeble.pl\/en\/wp-json\/wp\/v2\/media?parent=53396"}],"wp:term":[{"taxonomy":"product_brand","embeddable":true,"href":"https:\/\/davhonmeble.pl\/en\/wp-json\/wp\/v2\/product_brand?post=53396"},{"taxonomy":"product_cat","embeddable":true,"href":"https:\/\/davhonmeble.pl\/en\/wp-json\/wp\/v2\/product_cat?post=53396"},{"taxonomy":"product_tag","embeddable":true,"href":"https:\/\/davhonmeble.pl\/en\/wp-json\/wp\/v2\/product_tag?post=53396"}],"curies":[{"name":"wp","href":"https:\/\/api.w.org\/{rel}","templated":true}]}}