{"id":53369,"date":"2026-04-20T03:10:14","date_gmt":"2026-04-20T02:10:14","guid":{"rendered":"https:\/\/davhonmeble.pl\/?post_type=product&#038;p=53369"},"modified":"2026-04-20T09:47:48","modified_gmt":"2026-04-20T08:47:48","slug":"materac-90x200-valetta","status":"publish","type":"product","link":"https:\/\/davhonmeble.pl\/en\/product\/materac-90x200-valetta\/","title":{"rendered":"Materac 90&#215;200 Valetta"},"content":{"rendered":"<h2>Materac 90&#215;200 Valetta<\/h2>\n<p> 90\u00d7200 pocket mattress <strong>VALETTA<\/strong> to doskona\u0142e po\u0142\u0105czenie dw\u00f3ch warstw maty kokosowej, dzi\u0119ki czemu uzyskujemy po jednej stronie bardzo tward\u0105 powierzchni\u0119. Spr\u0119\u017cyny kieszeniowe idealnie dopasowuj\u0105 si\u0119 do kr\u0119gos\u0142upa stanowi\u0105c jego podparcie podczas snu. Z drugiej strony po\u0142\u0105czenie pianki i spr\u0119\u017cyn kieszeniowych powoduje idealne dopasowanie si\u0119 materaca do linii Twojego cia\u0142a, jednocze\u015bnie podtrzymuj\u0105c zdrow\u0105 i anatomiczn\u0105 pozycj\u0119 kr\u0119gos\u0142upa. Pod wp\u0142ywem nacisku wywieranego na powierzchni\u0119 materaca-samoczynnie dopasuje si\u0119 do Ciebie, bez wzgl\u0119du na wag\u0119 czy ulubion\u0105 pozycj\u0119 snu. Dzieje si\u0119 tak za przyczyn\u0105 nacisku punktowego na spr\u0119\u017cyny kieszeniowe oraz starannie dobranym warstwom materaca. Rdze\u0144 materaca stanowi wk\u0142ad ze spr\u0119\u017cyn kieszeniowych. W materacu jest ich 272 szt.\/m2. Indywidualnie, ka\u017cda spr\u0119\u017cyna otulona jest kieszonk\u0105 wykonan\u0105 ze specjalnego, wytrzyma\u0142ego na ruchy mechaniczne tworzywa. Prezentowany materac posiada pikowany pokrowiec hipoalergiczny posiadaj\u0105cy zamek b\u0142yskawiczny, umo\u017cliwiaj\u0105cy \u0142atwe zdejmowanie, kt\u00f3re u\u0142atwi utrzymanie czysto\u015bci. Valetta jest materace 90x200m dwustronnym, dzi\u0119ki czemu p\u0142ac\u0105c raz, masz dost\u0119p do dw\u00f3ch r\u00f3\u017cnych twardo\u015bci powierzchni spania. Materac 90&#215;200 ten posiada grubo\u015b\u0107 20 cm, istnieje r\u00f3wnie\u017c mo\u017cliwo\u015b\u0107 zakupu tego modelu o grubo\u015bci 24 cm.<\/p>\n<p><strong><\/p>\n<p>EXECUTION:<\/strong>.<\/p>\n<p>- fabric quilted with oatmeal and fiseline (2 cm)<\/p>\n<p>- coconut mat (1cm)<\/p>\n<p>- coconut mat (1cm)<\/p>\n<p>- upholstery felt (1mm)<\/p>\n<p>- pocket springs pocket 272 springs\/m2 (12cm)<\/p>\n<p>- upholstery felt (1mm)<\/p>\n<p>- foam format (2cm)<\/p>\n<p><strong><\/p>\n<p>HARDNESS:<\/strong>.<\/p>\n<p>&nbsp;<\/p>\n<p><img fetchpriority=\"high\" decoding=\"async\" class=\"alignnone size-full wp-image-1454\" src=\"https:\/\/srv104004.seohost.com.pl\/wp-content\/uploads\/2020\/10\/h2-h4.jpg\" alt=\"\" width=\"607\" height=\"134\" \/><\/p>\n<p style=\"text-align: left;\"><strong><\/p>\n<p>SHIPPING:<\/strong>.<\/p>\n<p>- free shipping nationwide<\/p>\n<p>- payment on delivery (you pay only upon receipt of the goods)<\/p>\n<p>- personal collection available<\/p>\n<p>- 90\u00d7200 mattresses are delivered whole, so they are not subject to damage caused by rolling them<\/p>\n<p>&nbsp;<\/p>\n<p style=\"text-align: left;\">Realization of delivery is carried out by a private carrier, so we guarantee that the goods will be delivered without any damage during transport.<\/p>\n<p>Note: the driver is not obliged to bring the goods into the house\/apartment!<\/p>","protected":false},"excerpt":{"rendered":"<p>Materac 90&#215;200 Valetta Materac 90&#215;200 kieszeniowy VALETTA to doskona\u0142e po\u0142\u0105czenie dw\u00f3ch warstw maty kokosowej, dzi\u0119ki czemu uzyskujemy po jednej stronie bardzo tward\u0105 powierzchni\u0119. Spr\u0119\u017cyny kieszeniowe idealnie dopasowuj\u0105 si\u0119 do kr\u0119gos\u0142upa stanowi\u0105c jego podparcie podczas snu. Z drugiej strony po\u0142\u0105czenie pianki i spr\u0119\u017cyn kieszeniowych powoduje idealne dopasowanie si\u0119 materaca do linii Twojego cia\u0142a, jednocze\u015bnie podtrzymuj\u0105c zdrow\u0105 [&hellip;]<\/p>\n","protected":false},"featured_media":51729,"comment_status":"open","ping_status":"closed","template":"","meta":{"_acf_changed":false},"product_brand":[],"product_cat":[1280],"product_tag":[],"class_list":{"0":"post-53369","1":"product","2":"type-product","3":"status-publish","4":"has-post-thumbnail","6":"product_cat-materace-90x200","7":"tm-has-options","9":"first","10":"instock","11":"sale","12":"shipping-taxable","13":"purchasable","14":"product-type-simple"},"acf":[],"_links":{"self":[{"href":"https:\/\/davhonmeble.pl\/en\/wp-json\/wp\/v2\/product\/53369","targetHints":{"allow":["GET"]}}],"collection":[{"href":"https:\/\/davhonmeble.pl\/en\/wp-json\/wp\/v2\/product"}],"about":[{"href":"https:\/\/davhonmeble.pl\/en\/wp-json\/wp\/v2\/types\/product"}],"replies":[{"embeddable":true,"href":"https:\/\/davhonmeble.pl\/en\/wp-json\/wp\/v2\/comments?post=53369"}],"wp:featuredmedia":[{"embeddable":true,"href":"https:\/\/davhonmeble.pl\/en\/wp-json\/wp\/v2\/media\/51729"}],"wp:attachment":[{"href":"https:\/\/davhonmeble.pl\/en\/wp-json\/wp\/v2\/media?parent=53369"}],"wp:term":[{"taxonomy":"product_brand","embeddable":true,"href":"https:\/\/davhonmeble.pl\/en\/wp-json\/wp\/v2\/product_brand?post=53369"},{"taxonomy":"product_cat","embeddable":true,"href":"https:\/\/davhonmeble.pl\/en\/wp-json\/wp\/v2\/product_cat?post=53369"},{"taxonomy":"product_tag","embeddable":true,"href":"https:\/\/davhonmeble.pl\/en\/wp-json\/wp\/v2\/product_tag?post=53369"}],"curies":[{"name":"wp","href":"https:\/\/api.w.org\/{rel}","templated":true}]}}