{"id":53363,"date":"2026-04-20T03:10:14","date_gmt":"2026-04-20T02:10:14","guid":{"rendered":"https:\/\/davhonmeble.pl\/?post_type=product&#038;p=53363"},"modified":"2026-04-20T09:47:48","modified_gmt":"2026-04-20T08:47:48","slug":"materac-90x200-nikozja","status":"publish","type":"product","link":"https:\/\/davhonmeble.pl\/en\/product\/materac-90x200-nikozja\/","title":{"rendered":"90\u00d7200 Nicosia mattress"},"content":{"rendered":"<h2>90\u00d7200 Nicosia mattress<\/h2>\n<p> <strong>Nicosia<\/strong> jest materace 90x200m najbardziej uniwersalnym, a do tego w mega niskiej cenie w swojej klasie. Dwustronny materac kieszeniowy niweluje b\u00f3le g\u00f3rnych partii kr\u0119gos\u0142upa, zapewnia komfort i zdrowy wypoczynek. Idealny dla os\u00f3b, kt\u00f3re chc\u0105 utrzyma\u0107 sw\u00f3j kr\u0119gos\u0142up w dobrej formie. Po\u0142\u0105czenie lateksu i spr\u0119\u017cyn kieszeniowych powoduje idealne dopasowanie si\u0119 materaca do linii Twojego cia\u0142a, jednocze\u015bnie podtrzymuj\u0105c zdrow\u0105 i anatomiczn\u0105 pozycj\u0119 kr\u0119gos\u0142upa Prezentowany materac posiada pikowany pokrowiec hipoalergiczny posiadaj\u0105cy zamek b\u0142yskawiczny, umo\u017cliwiaj\u0105cy \u0142atwe zdejmowanie, kt\u00f3re u\u0142atwi utrzymanie czysto\u015bci. Nikozja jest materace 90x200m dwustronnym, dzi\u0119ki czemu p\u0142ac\u0105c raz, masz dost\u0119p do dw\u00f3ch r\u00f3\u017cnych twardo\u015bci powierzchni spania. Materac 90&#215;200 ten posiada grubo\u015b\u0107 20 cm, istnieje r\u00f3wnie\u017c mo\u017cliwo\u015b\u0107 zakupu tego modelu o grubo\u015bci 24 cm.<\/p>\n<p><strong><\/p>\n<p>Latex - what is it and what are its benefits?<\/strong>.<\/p>\n<p>Latex is a completely natural material, extracted from the rubber tree. Its health properties have been appreciated by many sectors of the economy, creating products of the highest quality. Advantages:<\/p>\n<p>- hypoallergenic properties<\/p>\n<p>- significantly reduces the penetration and reproduction of mites, which are the source of allergy formation<\/p>\n<p>- antibacterial properties<\/p>\n<p>- latex creates an environment that prevents the growth of bacteria<\/p>\n<p>- antifungal properties<\/p>\n<p>- prevents the development of fungi and mold in the construction of the mattress<\/p>\n<p><strong><\/p>\n<p>EXECUTION:<\/strong>.<\/p>\n<p>- fabric quilted with oatmeal and fiseline (2 cm)<\/p>\n<p>- thermoelastic foam (2cm)<\/p>\n<p>- latex foam format (4cm)<\/p>\n<p>- upholstery felt (1mm)<\/p>\n<p>- pocket springs pocket 272 springs\/m2 (12cm)<\/p>\n<p>- upholstery felt (1mm)<\/p>\n<p>- foam format (2cm)<\/p>\n<p><strong><\/p>\n<p>HARDNESS:<\/strong>.<\/p>\n<p>&nbsp;<\/p>\n<p><img fetchpriority=\"high\" decoding=\"async\" class=\"alignnone size-full wp-image-1440\" src=\"https:\/\/srv104004.seohost.com.pl\/wp-content\/uploads\/2020\/10\/h1-h2.jpg\" alt=\"\" width=\"609\" height=\"120\" \/><\/p>\n<p><strong><\/p>\n<p>SHIPPING:<\/strong>.<\/p>\n<p>- free shipping nationwide<\/p>\n<p>- payment on delivery (you pay only upon receipt of the goods)<\/p>\n<p>- personal collection available<\/p>\n<p>- 90\u00d7200 mattresses are delivered whole, so they are not subject to damage caused by rolling them<\/p>\n<p>&nbsp;<\/p>\n<p>Realization of delivery is carried out by a private carrier, so we guarantee that the goods will be delivered without any damage during transport.<\/p>\n<p>Note: the driver is not obliged to bring the goods into the house\/apartment!<\/p>","protected":false},"excerpt":{"rendered":"<p>Materac 90&#215;200 Nikozja Nikozja jest materace 90x200m najbardziej uniwersalnym, a do tego w mega niskiej cenie w swojej klasie. Dwustronny materac kieszeniowy niweluje b\u00f3le g\u00f3rnych partii kr\u0119gos\u0142upa, zapewnia komfort i zdrowy wypoczynek. Idealny dla os\u00f3b, kt\u00f3re chc\u0105 utrzyma\u0107 sw\u00f3j kr\u0119gos\u0142up w dobrej formie. Po\u0142\u0105czenie lateksu i spr\u0119\u017cyn kieszeniowych powoduje idealne dopasowanie si\u0119 materaca do linii [&hellip;]<\/p>\n","protected":false},"featured_media":51702,"comment_status":"open","ping_status":"closed","template":"","meta":{"_acf_changed":false},"product_brand":[],"product_cat":[1280],"product_tag":[],"class_list":{"0":"post-53363","1":"product","2":"type-product","3":"status-publish","4":"has-post-thumbnail","6":"product_cat-materace-90x200","7":"tm-has-options","9":"first","10":"instock","11":"sale","12":"shipping-taxable","13":"purchasable","14":"product-type-simple"},"acf":[],"_links":{"self":[{"href":"https:\/\/davhonmeble.pl\/en\/wp-json\/wp\/v2\/product\/53363","targetHints":{"allow":["GET"]}}],"collection":[{"href":"https:\/\/davhonmeble.pl\/en\/wp-json\/wp\/v2\/product"}],"about":[{"href":"https:\/\/davhonmeble.pl\/en\/wp-json\/wp\/v2\/types\/product"}],"replies":[{"embeddable":true,"href":"https:\/\/davhonmeble.pl\/en\/wp-json\/wp\/v2\/comments?post=53363"}],"wp:featuredmedia":[{"embeddable":true,"href":"https:\/\/davhonmeble.pl\/en\/wp-json\/wp\/v2\/media\/51702"}],"wp:attachment":[{"href":"https:\/\/davhonmeble.pl\/en\/wp-json\/wp\/v2\/media?parent=53363"}],"wp:term":[{"taxonomy":"product_brand","embeddable":true,"href":"https:\/\/davhonmeble.pl\/en\/wp-json\/wp\/v2\/product_brand?post=53363"},{"taxonomy":"product_cat","embeddable":true,"href":"https:\/\/davhonmeble.pl\/en\/wp-json\/wp\/v2\/product_cat?post=53363"},{"taxonomy":"product_tag","embeddable":true,"href":"https:\/\/davhonmeble.pl\/en\/wp-json\/wp\/v2\/product_tag?post=53363"}],"curies":[{"name":"wp","href":"https:\/\/api.w.org\/{rel}","templated":true}]}}