{"id":53339,"date":"2026-04-20T03:10:10","date_gmt":"2026-04-20T02:10:10","guid":{"rendered":"https:\/\/davhonmeble.pl\/?post_type=product&#038;p=53339"},"modified":"2026-04-20T09:47:47","modified_gmt":"2026-04-20T08:47:47","slug":"materac-90x200-sofia","status":"publish","type":"product","link":"https:\/\/davhonmeble.pl\/en\/product\/materac-90x200-sofia\/","title":{"rendered":"Materac 90&#215;200 Sofia"},"content":{"rendered":"<h2>Materac 90&#215;200 Sofia<\/h2>\n<p> <strong>Materac 90&#215;200 SOFIA<\/strong> to po\u0142\u0105czenie atrakcyjnej ceny, dobrej jako\u015bci u\u017cytych komponent\u00f3w oraz staranno\u015bci wykonania. Wykorzystanie trzech kluczowych materia\u0142\u00f3w, jakimi jest pianka poliuretanowa, mata kokosowa i spr\u0119\u017cyny kieszonkowe zapewnia wysok\u0105 jako\u015b\u0107 i wygod\u0119 u\u017cytkowania Prezentowany materac dostosowuje si\u0119 do kszta\u0142tu i masy cia\u0142a oferuj\u0105c wyporno\u015b\u0107 punktow\u0105. 9 stref spr\u0119\u017cyn zapewnia w\u0142a\u015bciwe u\u0142o\u017cenie kr\u0119gos\u0142upa. Prezentowany materac posiada pikowany pokrowiec hipoalergiczny posiadaj\u0105cy zamek b\u0142yskawiczny, umo\u017cliwiaj\u0105cy \u0142atwe zdejmowanie, kt\u00f3re u\u0142atwi utrzymanie czysto\u015bci. Sofia jest materace 90x200m dwustronnym, dzi\u0119ki czemu p\u0142ac\u0105c raz, masz dost\u0119p do dw\u00f3ch r\u00f3\u017cnych twardo\u015bci powierzchni spania. Materac 90&#215;200 ten posiada grubo\u015b\u0107 19 cm, istnieje r\u00f3wnie\u017c mo\u017cliwo\u015b\u0107 zakupu tego modelu o grubo\u015bci 24 cm.<\/p>\n<p><strong><\/p>\n<p>EXECUTION:<\/strong>.<\/p>\n<p>- fabric quilted with oatmeal and fiseline (2 cm)<\/p>\n<p>- coconut mat (1cm)<\/p>\n<p>- foam format (2cm)<\/p>\n<p>- upholstery felt (1 mm)<\/p>\n<p>- pocket springs pocket 272 springs\/m2 (12cm)<\/p>\n<p>- upholstery felt (1mm)<\/p>\n<p>- foam format (2cm)<\/p>\n<p><strong><\/p>\n<p>HARDNESS:<\/strong>.<\/p>\n<p>&nbsp;<\/p>\n<p><img fetchpriority=\"high\" decoding=\"async\" class=\"alignnone size-full wp-image-1423\" src=\"https:\/\/srv104004.seohost.com.pl\/wp-content\/uploads\/2020\/10\/h2-h3.jpg\" alt=\"\" width=\"607\" height=\"134\" \/><\/p>\n<p><strong><\/p>\n<p>SHIPPING:<\/strong>.<\/p>\n<p>- free shipping nationwide<\/p>\n<p>- payment on delivery (you pay only upon receipt of the goods)<\/p>\n<p>- personal collection available<\/p>\n<p>- 90\u00d7200 mattresses are delivered whole, so they are not subject to damage caused by rolling them<\/p>\n<p>&nbsp;<\/p>\n<p>Realization of delivery is carried out by a private carrier, so we guarantee that the goods will be delivered without any damage during transport.<\/p>\n<p>Note: the driver is not obliged to bring the goods into the house\/apartment!<\/p>","protected":false},"excerpt":{"rendered":"<p>Materac 90&#215;200 Sofia Materac 90&#215;200 SOFIA to po\u0142\u0105czenie atrakcyjnej ceny, dobrej jako\u015bci u\u017cytych komponent\u00f3w oraz staranno\u015bci wykonania. Wykorzystanie trzech kluczowych materia\u0142\u00f3w, jakimi jest pianka poliuretanowa, mata kokosowa i spr\u0119\u017cyny kieszonkowe zapewnia wysok\u0105 jako\u015b\u0107 i wygod\u0119 u\u017cytkowania Prezentowany materac dostosowuje si\u0119 do kszta\u0142tu i masy cia\u0142a oferuj\u0105c wyporno\u015b\u0107 punktow\u0105. 9 stref spr\u0119\u017cyn zapewnia w\u0142a\u015bciwe u\u0142o\u017cenie kr\u0119gos\u0142upa. [&hellip;]<\/p>\n","protected":false},"featured_media":51725,"comment_status":"open","ping_status":"closed","template":"","meta":{"_acf_changed":false},"product_brand":[],"product_cat":[1280],"product_tag":[],"class_list":{"0":"post-53339","1":"product","2":"type-product","3":"status-publish","4":"has-post-thumbnail","6":"product_cat-materace-90x200","7":"tm-has-options","9":"first","10":"instock","11":"sale","12":"shipping-taxable","13":"purchasable","14":"product-type-simple"},"acf":[],"_links":{"self":[{"href":"https:\/\/davhonmeble.pl\/en\/wp-json\/wp\/v2\/product\/53339","targetHints":{"allow":["GET"]}}],"collection":[{"href":"https:\/\/davhonmeble.pl\/en\/wp-json\/wp\/v2\/product"}],"about":[{"href":"https:\/\/davhonmeble.pl\/en\/wp-json\/wp\/v2\/types\/product"}],"replies":[{"embeddable":true,"href":"https:\/\/davhonmeble.pl\/en\/wp-json\/wp\/v2\/comments?post=53339"}],"wp:featuredmedia":[{"embeddable":true,"href":"https:\/\/davhonmeble.pl\/en\/wp-json\/wp\/v2\/media\/51725"}],"wp:attachment":[{"href":"https:\/\/davhonmeble.pl\/en\/wp-json\/wp\/v2\/media?parent=53339"}],"wp:term":[{"taxonomy":"product_brand","embeddable":true,"href":"https:\/\/davhonmeble.pl\/en\/wp-json\/wp\/v2\/product_brand?post=53339"},{"taxonomy":"product_cat","embeddable":true,"href":"https:\/\/davhonmeble.pl\/en\/wp-json\/wp\/v2\/product_cat?post=53339"},{"taxonomy":"product_tag","embeddable":true,"href":"https:\/\/davhonmeble.pl\/en\/wp-json\/wp\/v2\/product_tag?post=53339"}],"curies":[{"name":"wp","href":"https:\/\/api.w.org\/{rel}","templated":true}]}}