{"id":53322,"date":"2026-04-20T03:10:05","date_gmt":"2026-04-20T02:10:05","guid":{"rendered":"https:\/\/davhonmeble.pl\/?post_type=product&#038;p=53322"},"modified":"2026-04-20T09:47:47","modified_gmt":"2026-04-20T08:47:47","slug":"lozko-tapicerowane-90x200-candy2-z-pojemnikiem","status":"publish","type":"product","link":"https:\/\/davhonmeble.pl\/en\/product\/lozko-tapicerowane-90x200-candy2-z-pojemnikiem\/","title":{"rendered":"\u0141\u00f3\u017cko tapicerowane 90&#215;200 CANDY2 z pojemnikiem"},"content":{"rendered":"<h2>\u0141\u00f3\u017cko tapicerowane 90&#215;200 CANDY2 z pojemnikiem<\/h2>\n<p> <strong>\u0141\u00f3\u017cko 90&#215;200 Candy2<\/strong> is an elegant fabric upholstered bed along with a liftable frame with bedding storage. A huge advantage of this model is the metal frame equipped with automatic\/gas actuators from a renowned Polish manufacturer, along with a bedding storage compartment. This bed is ideal for those who appreciate elegant minimalism, as well as classic form. It is a proposal that will find particularly well in Scandinavian style, it will also work well in modern, original arrangements, where you can meet accents taken from different styles. The furniture will work well in the bedroom of both dreamers and hard-headed people.<\/p>\n<p><strong><\/p>\n<p>EXECUTION:<\/strong>.<\/p>\n<p>- liftable metal frame<\/p>\n<p>- quilted bed headboard<\/p>\n<p>- frame equipped with gas automats (gas actuators) + furniture board<\/p>\n<p>- bedding container (no maximum load!)<\/p>\n<p>- ability to choose the color or fabric of your dreams<\/p>\n<p>- The basic metal frame is equipped with 1000N automatic\/gas actuators and 34 wooden slats included (17 per side). There is an option to buy a RATED frame with 24 slats per side (48 slats in the whole frame), whose load capacity is higher by more than 100 kg, and the mattress itself adapts even better to the body due to the higher density of the arrangement of the spring slats<\/p>\n<p>- The bed does not include a mattress in the set. To ensure maximum sleeping comfort, we recommend choosing a suitable model from our offer:<em> <a style=\"font-weight: normal;\" href=\"https:\/\/davhonmeble.pl\/en\/product-category\/materace\/\" target=\"_blank\" rel=\"noopener\">see matching 90\u00d7200 mattresses for upholstered beds<\/a><\/em><\/p>\n<p>- simple and quick assembly. Each bed and frame comes with an assembly kit and instructions<\/p>\n<p><strong><\/p>\n<p>ADDITIONAL OPTIONS<\/strong>. (paid) - call and learn more:<\/p>\n<p>- it is possible to buy a STRENGTHENED frame with 48 slats throughout the bed (the space between the spring slats in the strengthened frame is 2.5 cm, and in the basic version it is 6 cm)<\/p>\n<p>- change of dimensions of sides\/headboard<\/p>\n<p>- use of opening metal frame on the long side (left\/right)<\/p>\n<p><strong><\/p>\n<p>DIMENSIONS<\/strong>.:<\/p>\n<p>- overall length 214 cm<\/p>\n<p>- Overall width 98\/128\/148\/168\/188\/208 (depending on the size selected)<\/p>\n<p>- height of the headrest from the ground 88 cm<\/p>\n<p>- Height of the frame from the ground 30 cm<\/p>\n<p><strong><\/p>\n<p>SHIPPING:<\/strong>.<\/p>\n<p>- shipping throughout the country in the amount of 160 z\u0142<\/p>\n<p>- payment on delivery (you pay only upon receipt of the goods)<\/p>\n<p>- personal collection available<\/p>\n<p>&nbsp;<\/p>\n<p>The 90\u00d7200 bed is shipped in packages for self-assembly, and the assembly itself is very simple and fast. Delivery is carried out by a private carrier, thanks to which we guarantee that the bed will be delivered without any damage during transport.<\/p>\n<p>Please note: the driver is not required to bring furniture into the house\/apartment!<\/p>","protected":false},"excerpt":{"rendered":"<p>\u0141\u00f3\u017cko tapicerowane 90&#215;200 CANDY2 z pojemnikiem \u0141\u00f3\u017cko 90&#215;200 Candy2 to eleganckie \u0142\u00f3\u017cko tapicerowane tkanin\u0105 wraz z podnoszonym stela\u017cem ze schowkiem na po\u015bciel. Ogromnym atutem tego modelu jest metalowy stela\u017c wyposa\u017conym w automaty\/si\u0142owniki gazowe od renomowanego polskiego producenta wraz ze schowkiem na po\u015bciel. Jest to \u0142\u00f3\u017cko idealne dla os\u00f3b, kt\u00f3re doceniaj\u0105 elegancki minimalizm, a tak\u017ce klasyczn\u0105 [&hellip;]<\/p>\n","protected":false},"featured_media":51452,"comment_status":"open","ping_status":"closed","template":"","meta":{"_acf_changed":false},"product_brand":[],"product_cat":[1290],"product_tag":[],"class_list":{"0":"post-53322","1":"product","2":"type-product","3":"status-publish","4":"has-post-thumbnail","6":"product_cat-lozka-tapicerowane-90x200","7":"tm-has-options","9":"first","10":"instock","11":"shipping-taxable","12":"purchasable","13":"product-type-simple"},"acf":[],"_links":{"self":[{"href":"https:\/\/davhonmeble.pl\/en\/wp-json\/wp\/v2\/product\/53322","targetHints":{"allow":["GET"]}}],"collection":[{"href":"https:\/\/davhonmeble.pl\/en\/wp-json\/wp\/v2\/product"}],"about":[{"href":"https:\/\/davhonmeble.pl\/en\/wp-json\/wp\/v2\/types\/product"}],"replies":[{"embeddable":true,"href":"https:\/\/davhonmeble.pl\/en\/wp-json\/wp\/v2\/comments?post=53322"}],"wp:featuredmedia":[{"embeddable":true,"href":"https:\/\/davhonmeble.pl\/en\/wp-json\/wp\/v2\/media\/51452"}],"wp:attachment":[{"href":"https:\/\/davhonmeble.pl\/en\/wp-json\/wp\/v2\/media?parent=53322"}],"wp:term":[{"taxonomy":"product_brand","embeddable":true,"href":"https:\/\/davhonmeble.pl\/en\/wp-json\/wp\/v2\/product_brand?post=53322"},{"taxonomy":"product_cat","embeddable":true,"href":"https:\/\/davhonmeble.pl\/en\/wp-json\/wp\/v2\/product_cat?post=53322"},{"taxonomy":"product_tag","embeddable":true,"href":"https:\/\/davhonmeble.pl\/en\/wp-json\/wp\/v2\/product_tag?post=53322"}],"curies":[{"name":"wp","href":"https:\/\/api.w.org\/{rel}","templated":true}]}}