{"id":53311,"date":"2026-04-20T03:10:05","date_gmt":"2026-04-20T02:10:05","guid":{"rendered":"https:\/\/davhonmeble.pl\/?post_type=product&#038;p=53311"},"modified":"2026-04-20T09:47:47","modified_gmt":"2026-04-20T08:47:47","slug":"lozko-tapicerowane-90x200-aloa-z-pojemnikiem","status":"publish","type":"product","link":"https:\/\/davhonmeble.pl\/en\/product\/lozko-tapicerowane-90x200-aloa-z-pojemnikiem\/","title":{"rendered":"\u0141\u00f3\u017cko tapicerowane 90&#215;200 ALOA z pojemnikiem"},"content":{"rendered":"<h2>\u0141\u00f3\u017cko tapicerowane 90&#215;200 ALOA z pojemnikiem<\/h2>\n<p> Bed 90\u00d7200 <strong>ALOA <\/strong>to wygodne i stylowe \u0142\u00f3\u017cko pasuj\u0105ce do ka\u017cdej sypialni. Wykonane zosta\u0142o z najwy\u017cszej jako\u015bci materia\u0142\u00f3w zapewniaj\u0105cych trwa\u0142o\u015b\u0107 i wielk\u0105 dba\u0142o\u015bci\u0105 o ka\u017cdy szczeg\u00f3\u0142y. Model ten posiada starannie wyprofilowane wezg\u0142owie, kt\u00f3re zapewni Ci wygod\u0119 podczas wypoczynku w \u0142\u00f3\u017cku &#8211; zar\u00f3wno podczas ulubionej lektury jak i seansu filmowego przed telewizorem. \u0141\u00f3\u017cko 90&#215;200 mo\u017ce zosta\u0107 obite tkanin\u0105 oraz kolorem wybranym przez Ciebie. Masz dzi\u0119ki temu gwarancj\u0119, \u017ce dopasujesz \u0142\u00f3\u017cko do wi\u0119kszo\u015bci aran\u017cacji oraz \u0142atwo dobierzesz do niego dodatki i dekoracje. Model ten w standardzie posiada podnoszony drewniany stela\u017c wyposa\u017conym w spr\u0119\u017cyny. Z uwagi na Pa\u0144stwa komfort wprowadzili\u015bmy mo\u017cliwo\u015b\u0107 zakupu stela\u017ca metalowego wraz z si\u0142ownikami gazowymi, kt\u00f3re znacznie u\u0142atwiaj\u0105 podnoszenie stela\u017ca wraz z materace 90x200m.<\/p>\n<p><strong><\/p>\n<p>EXECUTION:<\/strong>.<\/p>\n<p>- quilted bed headboard<\/p>\n<p>- bed structure made of wood and particle board<\/p>\n<p>- liftable 32 slat wooden frame equipped with four springs for easy lifting<\/p>\n<p>- ability to choose the color or fabric of your dreams<\/p>\n<p>- bedding bin with no maximum load!<\/p>\n<p>- The bed does not include a mattress in the set. To ensure maximum sleeping comfort, we recommend choosing a suitable model from our offer:<em> <a style=\"font-weight: normal;\" href=\"https:\/\/davhonmeble.pl\/en\/product-category\/materace\/\" target=\"_blank\" rel=\"noopener\">see matching 90\u00d7200 mattresses for upholstered beds<\/a><\/em><\/p>\n<p>- simple and quick assembly. Each bed and frame comes with an assembly kit and instructions<\/p>\n<p><strong><\/p>\n<p>ADDITIONAL OPTIONS<\/strong>. (paid) - call and learn more:<\/p>\n<p>- the possibility of using a metal frame (36 slats) with gas actuators, which greatly assist in opening and closing the bed<\/p>\n<p><strong><\/p>\n<p>DIMENSIONS<\/strong>.:<\/p>\n<p>- total length 226 cm<\/p>\n<p>- Overall width 99\/129\/149\/169\/189 ( depending on the size selected)<\/p>\n<p>- height of the headrest from the ground 99 cm<\/p>\n<p>- Height of the frame from the ground 31 cm<\/p>\n<p><strong><\/p>\n<p>SHIPPING:<\/strong>.<\/p>\n<p>- shipping throughout the country in the amount of 160 z\u0142<\/p>\n<p>- payment on delivery (you pay only upon receipt of the goods)<\/p>\n<p>- personal collection available<\/p>\n<p>&nbsp;<\/p>\n<p>The 90\u00d7200 bed is shipped in packages for self-assembly, and the assembly itself is very simple and fast. Delivery is carried out by a private carrier, thanks to which we guarantee that the bed will be delivered without any damage during transport.<\/p>\n<p>Please note: the driver is not required to bring furniture into the house\/apartment!<\/p>","protected":false},"excerpt":{"rendered":"<p>\u0141\u00f3\u017cko tapicerowane 90&#215;200 ALOA z pojemnikiem \u0141\u00f3\u017cko 90&#215;200 ALOA to wygodne i stylowe \u0142\u00f3\u017cko pasuj\u0105ce do ka\u017cdej sypialni. Wykonane zosta\u0142o z najwy\u017cszej jako\u015bci materia\u0142\u00f3w zapewniaj\u0105cych trwa\u0142o\u015b\u0107 i wielk\u0105 dba\u0142o\u015bci\u0105 o ka\u017cdy szczeg\u00f3\u0142y. Model ten posiada starannie wyprofilowane wezg\u0142owie, kt\u00f3re zapewni Ci wygod\u0119 podczas wypoczynku w \u0142\u00f3\u017cku &#8211; zar\u00f3wno podczas ulubionej lektury jak i seansu filmowego [&hellip;]<\/p>\n","protected":false},"featured_media":49534,"comment_status":"open","ping_status":"closed","template":"","meta":{"_acf_changed":false},"product_brand":[],"product_cat":[1290],"product_tag":[],"class_list":{"0":"post-53311","1":"product","2":"type-product","3":"status-publish","4":"has-post-thumbnail","6":"product_cat-lozka-tapicerowane-90x200","7":"tm-has-options","9":"first","10":"instock","11":"shipping-taxable","12":"purchasable","13":"product-type-simple"},"acf":[],"_links":{"self":[{"href":"https:\/\/davhonmeble.pl\/en\/wp-json\/wp\/v2\/product\/53311","targetHints":{"allow":["GET"]}}],"collection":[{"href":"https:\/\/davhonmeble.pl\/en\/wp-json\/wp\/v2\/product"}],"about":[{"href":"https:\/\/davhonmeble.pl\/en\/wp-json\/wp\/v2\/types\/product"}],"replies":[{"embeddable":true,"href":"https:\/\/davhonmeble.pl\/en\/wp-json\/wp\/v2\/comments?post=53311"}],"wp:featuredmedia":[{"embeddable":true,"href":"https:\/\/davhonmeble.pl\/en\/wp-json\/wp\/v2\/media\/49534"}],"wp:attachment":[{"href":"https:\/\/davhonmeble.pl\/en\/wp-json\/wp\/v2\/media?parent=53311"}],"wp:term":[{"taxonomy":"product_brand","embeddable":true,"href":"https:\/\/davhonmeble.pl\/en\/wp-json\/wp\/v2\/product_brand?post=53311"},{"taxonomy":"product_cat","embeddable":true,"href":"https:\/\/davhonmeble.pl\/en\/wp-json\/wp\/v2\/product_cat?post=53311"},{"taxonomy":"product_tag","embeddable":true,"href":"https:\/\/davhonmeble.pl\/en\/wp-json\/wp\/v2\/product_tag?post=53311"}],"curies":[{"name":"wp","href":"https:\/\/api.w.org\/{rel}","templated":true}]}}