{"id":53303,"date":"2026-04-20T03:10:05","date_gmt":"2026-04-20T02:10:05","guid":{"rendered":"https:\/\/davhonmeble.pl\/?post_type=product&#038;p=53303"},"modified":"2026-04-20T09:47:47","modified_gmt":"2026-04-20T08:47:47","slug":"lozko-tapicerowane-140x200-venna-z-pojemnikiem","status":"publish","type":"product","link":"https:\/\/davhonmeble.pl\/en\/product\/lozko-tapicerowane-140x200-venna-z-pojemnikiem\/","title":{"rendered":"\u0141\u00f3\u017cko tapicerowane 140&#215;200 VENNA z pojemnikiem"},"content":{"rendered":"<h2>\u0141\u00f3\u017cko tapicerowane 140&#215;200 VENNA z pojemnikiem<\/h2>\n<p> <strong>\u0141\u00f3\u017cko 140&#215;200 Venna<\/strong> to wyj\u0105tkowa propozycja do Twojej sypialni. Wyr\u00f3\u017cnia je estetyka i elegancki wygl\u0105d, oraz dopracowane detale &#8211; powielenie kwadratowego kszta\u0142tu zdobie\u0144 na wezg\u0142owiu daje nieco zagadkowy i inspiruj\u0105cy efekt. Venna nada wn\u0119trzu charakteru i podkre\u015bli jego styl. Panel tylny stanowi tak\u017ce wygodne oparcie podczas czytania. \u0141\u00f3\u017cko 140&#215;200 jest dost\u0119pne w wielu kolorach i rodzajach tkanin obiciowych. Ka\u017cdy mo\u017ce stworzy\u0107 sobie unikatow\u0105 kombinacj\u0119, kt\u00f3ra najlepiej wpasuje si\u0119 w klimat sypialni. Wersja tego produktu jest wyposa\u017cona w pojemnik na po\u015bciel.<\/p>\n<p><strong><\/p>\n<p>EXECUTION:<\/strong>.<\/p>\n<p>- quilted bed headboard<\/p>\n<p>- bed structure made of wood and particle board<\/p>\n<p>- liftable 32 slat wooden frame equipped with four springs for easy lifting<\/p>\n<p>- ability to choose the color or fabric of your dreams<\/p>\n<p>- bedding bin with no maximum load!<\/p>\n<p>- The bed does not include a mattress in the set. To ensure maximum sleeping comfort, we recommend choosing a suitable model from our offer:<em> <a style=\"font-weight: normal;\" href=\"https:\/\/davhonmeble.pl\/en\/product-category\/materace\/\" target=\"_blank\" rel=\"noopener\">see matching 140\u00d7200 mattresses for upholstered beds<\/a><\/em><\/p>\n<p>- simple and quick assembly. Each bed and frame comes with an assembly kit and instructions<\/p>\n<p><strong><\/p>\n<p>ADDITIONAL OPTIONS<\/strong>. (paid) - call and learn more:<\/p>\n<p>- the possibility of using a metal frame (36 slats) with gas actuators, which greatly assist in opening and closing the bed<\/p>\n<p>- change of the dimension of the headrest<\/p>\n<p><strong><\/p>\n<p>DIMENSIONS<\/strong>.:<\/p>\n<p>- overall length 214 cm<\/p>\n<p>- Overall width 99\/129\/149\/169\/189 ( depending on the size selected)<\/p>\n<p>- headrest height from the ground 89 cm<\/p>\n<p>- Height of the frame from the ground 31 cm<\/p>\n<p><strong><\/p>\n<p>SHIPPING:<\/strong>.<\/p>\n<p>- shipping throughout the country in the amount of 160 z\u0142<\/p>\n<p>- payment on delivery (you pay only upon receipt of the goods)<\/p>\n<p>- personal collection available<\/p>\n<p>&nbsp;<\/p>\n<p>The 140\u00d7200 bed is shipped in self-assembly packages, and the assembly itself is very simple and fast. Delivery is carried out by a private carrier, thanks to which we guarantee that the bed will be delivered without any damage during transport.<\/p>\n<p>Please note: the driver is not required to bring furniture into the house\/apartment!<\/p>","protected":false},"excerpt":{"rendered":"<p>\u0141\u00f3\u017cko tapicerowane 140&#215;200 VENNA z pojemnikiem \u0141\u00f3\u017cko 140&#215;200 Venna to wyj\u0105tkowa propozycja do Twojej sypialni. Wyr\u00f3\u017cnia je estetyka i elegancki wygl\u0105d, oraz dopracowane detale &#8211; powielenie kwadratowego kszta\u0142tu zdobie\u0144 na wezg\u0142owiu daje nieco zagadkowy i inspiruj\u0105cy efekt. Venna nada wn\u0119trzu charakteru i podkre\u015bli jego styl. Panel tylny stanowi tak\u017ce wygodne oparcie podczas czytania. \u0141\u00f3\u017cko 140&#215;200 [&hellip;]<\/p>\n","protected":false},"featured_media":51679,"comment_status":"open","ping_status":"closed","template":"","meta":{"_acf_changed":false},"product_brand":[],"product_cat":[1276],"product_tag":[],"class_list":{"0":"post-53303","1":"product","2":"type-product","3":"status-publish","4":"has-post-thumbnail","6":"product_cat-lozka-tapicerowane-140x200","7":"tm-has-options","9":"first","10":"instock","11":"shipping-taxable","12":"purchasable","13":"product-type-simple"},"acf":[],"_links":{"self":[{"href":"https:\/\/davhonmeble.pl\/en\/wp-json\/wp\/v2\/product\/53303","targetHints":{"allow":["GET"]}}],"collection":[{"href":"https:\/\/davhonmeble.pl\/en\/wp-json\/wp\/v2\/product"}],"about":[{"href":"https:\/\/davhonmeble.pl\/en\/wp-json\/wp\/v2\/types\/product"}],"replies":[{"embeddable":true,"href":"https:\/\/davhonmeble.pl\/en\/wp-json\/wp\/v2\/comments?post=53303"}],"wp:featuredmedia":[{"embeddable":true,"href":"https:\/\/davhonmeble.pl\/en\/wp-json\/wp\/v2\/media\/51679"}],"wp:attachment":[{"href":"https:\/\/davhonmeble.pl\/en\/wp-json\/wp\/v2\/media?parent=53303"}],"wp:term":[{"taxonomy":"product_brand","embeddable":true,"href":"https:\/\/davhonmeble.pl\/en\/wp-json\/wp\/v2\/product_brand?post=53303"},{"taxonomy":"product_cat","embeddable":true,"href":"https:\/\/davhonmeble.pl\/en\/wp-json\/wp\/v2\/product_cat?post=53303"},{"taxonomy":"product_tag","embeddable":true,"href":"https:\/\/davhonmeble.pl\/en\/wp-json\/wp\/v2\/product_tag?post=53303"}],"curies":[{"name":"wp","href":"https:\/\/api.w.org\/{rel}","templated":true}]}}