{"id":52740,"date":"2026-02-22T12:17:30","date_gmt":"2026-02-22T11:17:30","guid":{"rendered":"https:\/\/davhonmeble.pl\/?post_type=product&#038;p=52740"},"modified":"2026-03-13T21:44:31","modified_gmt":"2026-03-13T20:44:31","slug":"lozko-tapicerowane-ollise-z-pojemnikiem","status":"publish","type":"product","link":"https:\/\/davhonmeble.pl\/en\/product\/lozko-tapicerowane-ollise-z-pojemnikiem\/","title":{"rendered":"Upholstered bed OLLISE with a container"},"content":{"rendered":"<h2 style=\"text-align: center;\"><span style=\"font-family: Roboto;\">OLLISE upholstered bed - subtle elegance and everyday comfort!<\/span><\/h2>\n<p data-start=\"166\" data-end=\"365\">Olisse bed is a combination of modern minimalism with timeless elegance. The characteristic soft headrest with rounded lines not only catches the eye, but also provides comfortable support during evening relaxation with a book or morning coffee. The simple, geometric shape and careful finishing highlight the high quality of workmanship and attention to every detail.<\/p>\n<p>Choose the Olisse upholstered bed and order a model to fit your bedroom - directly from the manufacturer DAVHON Furniture.<\/p>\n<p><strong><br \/>\nOlisse upholstered bed - solid workmanship:<\/strong><\/p>\n<p>- rounded bed headrest with two rounded upholstered panels<\/p>\n<p>- bed structure made of wood and furniture board<\/p>\n<p>- liftable 32 slat wooden frame equipped with four springs for easy lifting<\/p>\n<p>- ability to choose the color or fabric of your dreams<\/p>\n<p>- bedding bin with no maximum load!<\/p>\n<p>- The bed does not include a mattress in the set. To ensure maximum sleeping comfort, we recommend choosing a suitable model from our offer:<em> <a style=\"font-weight: normal;\" href=\"https:\/\/davhonmeble.pl\/en\/product-category\/materace\/\" target=\"_blank\" rel=\"noopener\">see matching mattresses for upholstered beds<\/a><\/em><\/p>\n<p>- simple and quick assembly. Each bed and frame comes with an assembly kit and instructions<\/p>\n<p><strong><br \/>\nAdditional options <\/strong>(paid) - call and learn more:<\/p>\n<p>- metal frame (36 slatted) with gas cylinders for easy opening and closing of the bed<\/p>\n<p>- change of the dimension of the headrest<\/p>\n<p><strong><br \/>\nUpholstered bed dimensions<\/strong>:<\/p>\n<p>- overall length 214 cm<\/p>\n<p>- Overall width 149\/169\/189 ( depending on the size selected)<\/p>\n<p>- headrest height from the ground 104 cm<\/p>\n<p>- Height of the frame from the ground 31 cm<\/p>\n<p><strong><br \/>\nShipping and Fulfillment:<\/strong><\/p>\n<p>- shipping throughout the country in the amount of 160 z\u0142<\/p>\n<p>- payment on delivery (you pay only upon receipt of the goods)<\/p>\n<p>- personal collection available<\/p>\n<p>&nbsp;<\/p>\n<p>The bed is shipped in packages for self-assembly, and the assembly itself is very simple and fast. Delivery is carried out by a private carrier, thanks to which we guarantee that the bed will be delivered without any damage during transport.<br \/>\nPlease note: the driver is not required to bring furniture into the house\/apartment!<\/p>","protected":false},"excerpt":{"rendered":"<p>\u0141\u00f3\u017cko tapicerowane OLISSE z pojemnikiem.<\/p>\n<p>Produkt polskiego producenta DAVHON Meble.<\/p>\n<p>Mo\u017cliwo\u015b\u0107 wyboru wymiaru, stela\u017ca tkaniny oraz personalizacji wymiar\u00f3w.<\/p>","protected":false},"featured_media":52741,"comment_status":"closed","ping_status":"closed","template":"","meta":{"_acf_changed":false},"product_brand":[],"product_cat":[1259,1289,1276,1277,1278],"product_tag":[],"class_list":{"0":"post-52740","1":"product","2":"type-product","3":"status-publish","4":"has-post-thumbnail","6":"product_cat-lozka-tapicerowane","7":"product_cat-lozka-tapicerowane-120x200","8":"product_cat-lozka-tapicerowane-140x200","9":"product_cat-lozka-tapicerowane-160x200","10":"product_cat-lozka-tapicerowane-180x200","11":"tm-has-options","13":"first","14":"instock","15":"shipping-taxable","16":"purchasable","17":"product-type-simple"},"acf":[],"_links":{"self":[{"href":"https:\/\/davhonmeble.pl\/en\/wp-json\/wp\/v2\/product\/52740","targetHints":{"allow":["GET"]}}],"collection":[{"href":"https:\/\/davhonmeble.pl\/en\/wp-json\/wp\/v2\/product"}],"about":[{"href":"https:\/\/davhonmeble.pl\/en\/wp-json\/wp\/v2\/types\/product"}],"replies":[{"embeddable":true,"href":"https:\/\/davhonmeble.pl\/en\/wp-json\/wp\/v2\/comments?post=52740"}],"wp:featuredmedia":[{"embeddable":true,"href":"https:\/\/davhonmeble.pl\/en\/wp-json\/wp\/v2\/media\/52741"}],"wp:attachment":[{"href":"https:\/\/davhonmeble.pl\/en\/wp-json\/wp\/v2\/media?parent=52740"}],"wp:term":[{"taxonomy":"product_brand","embeddable":true,"href":"https:\/\/davhonmeble.pl\/en\/wp-json\/wp\/v2\/product_brand?post=52740"},{"taxonomy":"product_cat","embeddable":true,"href":"https:\/\/davhonmeble.pl\/en\/wp-json\/wp\/v2\/product_cat?post=52740"},{"taxonomy":"product_tag","embeddable":true,"href":"https:\/\/davhonmeble.pl\/en\/wp-json\/wp\/v2\/product_tag?post=52740"}],"curies":[{"name":"wp","href":"https:\/\/api.w.org\/{rel}","templated":true}]}}