{"id":52722,"date":"2026-02-16T21:56:07","date_gmt":"2026-02-16T20:56:07","guid":{"rendered":"https:\/\/davhonmeble.pl\/?post_type=product&#038;p=52722"},"modified":"2026-02-16T22:16:24","modified_gmt":"2026-02-16T21:16:24","slug":"lozko-tapicerowane-kleo-ii-od-reki","status":"publish","type":"product","link":"https:\/\/davhonmeble.pl\/en\/product\/lozko-tapicerowane-kleo-ii-od-reki\/","title":{"rendered":"KLEO II upholstered bed \u201eON HAND\u201d"},"content":{"rendered":"<figure id=\"attachment_51530\" aria-describedby=\"caption-attachment-51530\" style=\"width: 1920px\" class=\"wp-caption alignnone\"><a href=\"https:\/\/davhonmeble.pl\/wp-content\/uploads\/2026\/01\/riviera91-kleo-2.jpg\"><img fetchpriority=\"high\" decoding=\"async\" class=\"wp-image-51530 size-full\" src=\"https:\/\/davhonmeble.pl\/wp-content\/uploads\/2026\/01\/riviera91-kleo-2.jpg\" alt=\"\" width=\"1920\" height=\"1280\" srcset=\"https:\/\/davhonmeble.pl\/wp-content\/uploads\/2026\/01\/riviera91-kleo-2.jpg 1920w, https:\/\/davhonmeble.pl\/wp-content\/uploads\/2026\/01\/riviera91-kleo-2-250x167.jpg 250w, https:\/\/davhonmeble.pl\/wp-content\/uploads\/2026\/01\/riviera91-kleo-2-300x200.jpg 300w, https:\/\/davhonmeble.pl\/wp-content\/uploads\/2026\/01\/riviera91-kleo-2-1000x667.jpg 1000w, https:\/\/davhonmeble.pl\/wp-content\/uploads\/2026\/01\/riviera91-kleo-2-64x43.jpg 64w, https:\/\/davhonmeble.pl\/wp-content\/uploads\/2026\/01\/riviera91-kleo-2-1024x683.jpg 1024w, https:\/\/davhonmeble.pl\/wp-content\/uploads\/2026\/01\/riviera91-kleo-2-18x12.jpg 18w, https:\/\/davhonmeble.pl\/wp-content\/uploads\/2026\/01\/riviera91-kleo-2-768x512.jpg 768w, https:\/\/davhonmeble.pl\/wp-content\/uploads\/2026\/01\/riviera91-kleo-2-1536x1024.jpg 1536w, https:\/\/davhonmeble.pl\/wp-content\/uploads\/2026\/01\/riviera91-kleo-2-2048x1365.jpg 2048w\" sizes=\"(max-width: 1920px) 100vw, 1920px\" \/><\/a><figcaption id=\"caption-attachment-51530\" class=\"wp-caption-text\">fabric: Riviera95<\/figcaption><\/figure>\n<p><span style=\"font-size: 36px;\"><strong>WOODEN FRAME<\/strong>:<\/span><\/p>\n<p><a href=\"https:\/\/davhonmeble.pl\/wp-content\/uploads\/2026\/01\/OTTO-stelaz-drewniany.jpg\"><img decoding=\"async\" class=\"wp-image-51537 size-full\" src=\"https:\/\/davhonmeble.pl\/wp-content\/uploads\/2026\/01\/OTTO-stelaz-drewniany.jpg\" alt=\"\" width=\"1920\" height=\"1440\" srcset=\"https:\/\/davhonmeble.pl\/wp-content\/uploads\/2026\/01\/OTTO-stelaz-drewniany.jpg 1920w, https:\/\/davhonmeble.pl\/wp-content\/uploads\/2026\/01\/OTTO-stelaz-drewniany-250x188.jpg 250w, https:\/\/davhonmeble.pl\/wp-content\/uploads\/2026\/01\/OTTO-stelaz-drewniany-300x225.jpg 300w, https:\/\/davhonmeble.pl\/wp-content\/uploads\/2026\/01\/OTTO-stelaz-drewniany-1000x750.jpg 1000w, https:\/\/davhonmeble.pl\/wp-content\/uploads\/2026\/01\/OTTO-stelaz-drewniany-64x48.jpg 64w, https:\/\/davhonmeble.pl\/wp-content\/uploads\/2026\/01\/OTTO-stelaz-drewniany-16x12.jpg 16w, https:\/\/davhonmeble.pl\/wp-content\/uploads\/2026\/01\/OTTO-stelaz-drewniany-768x576.jpg 768w, https:\/\/davhonmeble.pl\/wp-content\/uploads\/2026\/01\/OTTO-stelaz-drewniany-1024x768.jpg 1024w, https:\/\/davhonmeble.pl\/wp-content\/uploads\/2026\/01\/OTTO-stelaz-drewniany-1536x1152.jpg 1536w, https:\/\/davhonmeble.pl\/wp-content\/uploads\/2026\/01\/OTTO-stelaz-drewniany-2048x1536.jpg 2048w\" sizes=\"(max-width: 1920px) 100vw, 1920px\" \/><\/a><\/p>\n<p>&nbsp;<\/p>\n<p>Bedding container with wood frame and elastic slats made of birch wood. Spring lifts assist in opening the container and keep it in a raised position.<\/p>\n<p>&nbsp;<\/p>\n<p><span style=\"font-size: 36px;\"><strong>METAL FRAME:<\/strong><\/span><\/p>\n<p>&nbsp;<\/p>\n<p><a href=\"https:\/\/davhonmeble.pl\/wp-content\/uploads\/2026\/01\/OTTO-stelaz-metalowy.jpg\"><img decoding=\"async\" class=\"wp-image-51538 size-full\" src=\"https:\/\/davhonmeble.pl\/wp-content\/uploads\/2026\/01\/OTTO-stelaz-metalowy.jpg\" alt=\"\" width=\"1920\" height=\"1440\" srcset=\"https:\/\/davhonmeble.pl\/wp-content\/uploads\/2026\/01\/OTTO-stelaz-metalowy.jpg 1920w, https:\/\/davhonmeble.pl\/wp-content\/uploads\/2026\/01\/OTTO-stelaz-metalowy-250x188.jpg 250w, https:\/\/davhonmeble.pl\/wp-content\/uploads\/2026\/01\/OTTO-stelaz-metalowy-300x225.jpg 300w, https:\/\/davhonmeble.pl\/wp-content\/uploads\/2026\/01\/OTTO-stelaz-metalowy-1000x750.jpg 1000w, https:\/\/davhonmeble.pl\/wp-content\/uploads\/2026\/01\/OTTO-stelaz-metalowy-64x48.jpg 64w, https:\/\/davhonmeble.pl\/wp-content\/uploads\/2026\/01\/OTTO-stelaz-metalowy-16x12.jpg 16w, https:\/\/davhonmeble.pl\/wp-content\/uploads\/2026\/01\/OTTO-stelaz-metalowy-768x576.jpg 768w, https:\/\/davhonmeble.pl\/wp-content\/uploads\/2026\/01\/OTTO-stelaz-metalowy-1024x768.jpg 1024w, https:\/\/davhonmeble.pl\/wp-content\/uploads\/2026\/01\/OTTO-stelaz-metalowy-1536x1152.jpg 1536w, https:\/\/davhonmeble.pl\/wp-content\/uploads\/2026\/01\/OTTO-stelaz-metalowy-2048x1536.jpg 2048w\" sizes=\"(max-width: 1920px) 100vw, 1920px\" \/><\/a><\/p>\n<p>Easy access is provided by a liftable mattress frame. The gas cylinders used in it mean that you don't need much force to lift it up. The frame of the frame is made of metal, while the sprung slats were produced from birch wood, which are placed in plastic holders. Such a solution ensures that the whole structure is quiet and well dampens vibrations transmitted from the bed. Proper distribution of the slats along the entire length helps in proper ventilation of the mattress.<\/p>\n<p>&nbsp;<\/p>\n<p><span style=\"font-size: 36px;\"><strong>DIMENSIONS<\/strong>:<\/span><\/p>\n<p><a href=\"https:\/\/davhonmeble.pl\/wp-content\/uploads\/2026\/01\/wymiary-lozka_-gotowe.jpg\"><img loading=\"lazy\" decoding=\"async\" class=\"alignnone wp-image-51536 size-full\" src=\"https:\/\/davhonmeble.pl\/wp-content\/uploads\/2026\/01\/wymiary-lozka_-gotowe.jpg\" alt=\"\" width=\"1920\" height=\"1440\" srcset=\"https:\/\/davhonmeble.pl\/wp-content\/uploads\/2026\/01\/wymiary-lozka_-gotowe.jpg 1920w, https:\/\/davhonmeble.pl\/wp-content\/uploads\/2026\/01\/wymiary-lozka_-gotowe-250x188.jpg 250w, https:\/\/davhonmeble.pl\/wp-content\/uploads\/2026\/01\/wymiary-lozka_-gotowe-300x225.jpg 300w, https:\/\/davhonmeble.pl\/wp-content\/uploads\/2026\/01\/wymiary-lozka_-gotowe-1000x750.jpg 1000w, https:\/\/davhonmeble.pl\/wp-content\/uploads\/2026\/01\/wymiary-lozka_-gotowe-64x48.jpg 64w, https:\/\/davhonmeble.pl\/wp-content\/uploads\/2026\/01\/wymiary-lozka_-gotowe-16x12.jpg 16w, https:\/\/davhonmeble.pl\/wp-content\/uploads\/2026\/01\/wymiary-lozka_-gotowe-768x576.jpg 768w, https:\/\/davhonmeble.pl\/wp-content\/uploads\/2026\/01\/wymiary-lozka_-gotowe-1024x768.jpg 1024w, https:\/\/davhonmeble.pl\/wp-content\/uploads\/2026\/01\/wymiary-lozka_-gotowe-1536x1152.jpg 1536w, https:\/\/davhonmeble.pl\/wp-content\/uploads\/2026\/01\/wymiary-lozka_-gotowe-2048x1536.jpg 2048w\" sizes=\"(max-width: 1920px) 100vw, 1920px\" \/><\/a>Beds are shipped in packages for self-assembly, and the assembly itself is very simple and fast. Delivery is carried out by a private carrier, thanks to which we guarantee that the bed will be delivered without any damage during transport.<\/p>\n<p>Note: the driver is not required to bring furniture into the house\/apartment<\/p>","protected":false},"excerpt":{"rendered":"<p>STELA\u017b DREWNIANY: &nbsp; Pojemnik na po\u015bciel ze stela\u017cem na ramie drewnianej i listew elastycznych z drewna brzozowego. Podno\u015bniki spr\u0119\u017cynowe wspomagaj\u0105 otwieranie pojemnika oraz utrzymuj\u0105 go w uniesionej pozycji. &nbsp; STELA\u017b METALOWY: &nbsp; \u0141atwy dost\u0119p zapewnia podnoszony stela\u017c pod materac. Zastosowane w nim si\u0142owniki gazowe sprawiaj\u0105, \u017ce nie trzeba wiele si\u0142y, aby unie\u015b\u0107 go do g\u00f3ry. [&hellip;]<\/p>\n","protected":false},"featured_media":52434,"comment_status":"closed","ping_status":"closed","template":"","meta":{"_acf_changed":false},"product_brand":[],"product_cat":[1261],"product_tag":[],"class_list":{"0":"post-52722","1":"product","2":"type-product","3":"status-publish","4":"has-post-thumbnail","6":"product_cat-dostepne-od-reki","7":"tm-has-options","9":"first","10":"instock","11":"shipping-taxable","12":"purchasable","13":"product-type-simple"},"acf":[],"_links":{"self":[{"href":"https:\/\/davhonmeble.pl\/en\/wp-json\/wp\/v2\/product\/52722","targetHints":{"allow":["GET"]}}],"collection":[{"href":"https:\/\/davhonmeble.pl\/en\/wp-json\/wp\/v2\/product"}],"about":[{"href":"https:\/\/davhonmeble.pl\/en\/wp-json\/wp\/v2\/types\/product"}],"replies":[{"embeddable":true,"href":"https:\/\/davhonmeble.pl\/en\/wp-json\/wp\/v2\/comments?post=52722"}],"wp:featuredmedia":[{"embeddable":true,"href":"https:\/\/davhonmeble.pl\/en\/wp-json\/wp\/v2\/media\/52434"}],"wp:attachment":[{"href":"https:\/\/davhonmeble.pl\/en\/wp-json\/wp\/v2\/media?parent=52722"}],"wp:term":[{"taxonomy":"product_brand","embeddable":true,"href":"https:\/\/davhonmeble.pl\/en\/wp-json\/wp\/v2\/product_brand?post=52722"},{"taxonomy":"product_cat","embeddable":true,"href":"https:\/\/davhonmeble.pl\/en\/wp-json\/wp\/v2\/product_cat?post=52722"},{"taxonomy":"product_tag","embeddable":true,"href":"https:\/\/davhonmeble.pl\/en\/wp-json\/wp\/v2\/product_tag?post=52722"}],"curies":[{"name":"wp","href":"https:\/\/api.w.org\/{rel}","templated":true}]}}