{"id":52240,"date":"2026-01-20T15:05:17","date_gmt":"2026-01-20T13:05:17","guid":{"rendered":"https:\/\/davhonmeble.pl\/?post_type=product&#038;p=52240"},"modified":"2026-01-25T21:57:15","modified_gmt":"2026-01-25T19:57:15","slug":"lozko-tapicerowane-senvi-od-reki","status":"publish","type":"product","link":"https:\/\/davhonmeble.pl\/en\/product\/lozko-tapicerowane-senvi-od-reki\/","title":{"rendered":"SENVI upholstered bed \u201eON HAND\u201d"},"content":{"rendered":"<p>&nbsp;<\/p>\n<p><span style=\"font-size: 36px;\"><strong>WOODEN FRAME<\/strong>:<\/span><\/p>\n<p><img fetchpriority=\"high\" decoding=\"async\" class=\"alignnone wp-image-9232 size-full\" src=\"https:\/\/srv104004.seohost.com.pl\/wp-content\/uploads\/2024\/01\/stelaz_drewniany-scaled.jpg\" alt=\"\" width=\"2560\" height=\"2211\" \/><\/p>\n<p>Bedding container with wood frame and elastic slats made of birch wood. Spring lifts assist in opening the container and keep it in a raised position.<\/p>\n<p>&nbsp;<\/p>\n<p><span style=\"font-size: 36px;\"><strong>METAL FRAME:<\/strong><\/span><\/p>\n<p>&nbsp;<\/p>\n<p><img decoding=\"async\" class=\"wp-image-9233 size-full\" src=\"https:\/\/srv104004.seohost.com.pl\/wp-content\/uploads\/2024\/01\/stelaz_metalowy-scaled.jpg\" alt=\"\" width=\"2560\" height=\"2211\" \/><\/p>\n<p>Easy access is provided by a liftable mattress frame. The gas cylinders used in it mean that you don't need much force to lift it up. The frame of the frame is made of metal, while the sprung slats were produced from birch wood, which are placed in plastic holders. Such a solution ensures that the whole structure is quiet and well dampens vibrations transmitted from the bed. Proper distribution of the slats along the entire length helps in proper ventilation of the mattress.<\/p>\n<p>&nbsp;<\/p>\n<p><span style=\"font-size: 36px;\"><strong>DIMENSIONS<\/strong>:<\/span><\/p>\n<p><img decoding=\"async\" class=\"alignnone wp-image-5862 size-full\" src=\"https:\/\/srv104004.seohost.com.pl\/wp-content\/uploads\/2020\/09\/katia-venna-szkuc-1-scaled.jpg\" alt=\"\" width=\"2560\" height=\"1951\" \/>Beds are shipped in packages for self-assembly, and the assembly itself is very simple and fast. Delivery is carried out by a private carrier, thanks to which we guarantee that the bed will be delivered without any damage during transport.<\/p>\n<p>Note: the driver is not required to bring furniture into the house\/apartment<\/p>","protected":false},"excerpt":{"rendered":"<p>&nbsp; STELA\u017b DREWNIANY: Pojemnik na po\u015bciel ze stela\u017cem na ramie drewnianej i listew elastycznych z drewna brzozowego. Podno\u015bniki spr\u0119\u017cynowe wspomagaj\u0105 otwieranie pojemnika oraz utrzymuj\u0105 go w uniesionej pozycji. &nbsp; STELA\u017b METALOWY: &nbsp; \u0141atwy dost\u0119p zapewnia podnoszony stela\u017c pod materac. Zastosowane w nim si\u0142owniki gazowe sprawiaj\u0105, \u017ce nie trzeba wiele si\u0142y, aby unie\u015b\u0107 go do g\u00f3ry. [&hellip;]<\/p>\n","protected":false},"featured_media":51624,"comment_status":"closed","ping_status":"closed","template":"","meta":{"_acf_changed":false},"product_brand":[],"product_cat":[1261],"product_tag":[],"class_list":{"0":"post-52240","1":"product","2":"type-product","3":"status-publish","4":"has-post-thumbnail","6":"product_cat-dostepne-od-reki","7":"tm-has-options","9":"first","10":"instock","11":"shipping-taxable","12":"purchasable","13":"product-type-simple"},"acf":[],"_links":{"self":[{"href":"https:\/\/davhonmeble.pl\/en\/wp-json\/wp\/v2\/product\/52240","targetHints":{"allow":["GET"]}}],"collection":[{"href":"https:\/\/davhonmeble.pl\/en\/wp-json\/wp\/v2\/product"}],"about":[{"href":"https:\/\/davhonmeble.pl\/en\/wp-json\/wp\/v2\/types\/product"}],"replies":[{"embeddable":true,"href":"https:\/\/davhonmeble.pl\/en\/wp-json\/wp\/v2\/comments?post=52240"}],"wp:featuredmedia":[{"embeddable":true,"href":"https:\/\/davhonmeble.pl\/en\/wp-json\/wp\/v2\/media\/51624"}],"wp:attachment":[{"href":"https:\/\/davhonmeble.pl\/en\/wp-json\/wp\/v2\/media?parent=52240"}],"wp:term":[{"taxonomy":"product_brand","embeddable":true,"href":"https:\/\/davhonmeble.pl\/en\/wp-json\/wp\/v2\/product_brand?post=52240"},{"taxonomy":"product_cat","embeddable":true,"href":"https:\/\/davhonmeble.pl\/en\/wp-json\/wp\/v2\/product_cat?post=52240"},{"taxonomy":"product_tag","embeddable":true,"href":"https:\/\/davhonmeble.pl\/en\/wp-json\/wp\/v2\/product_tag?post=52240"}],"curies":[{"name":"wp","href":"https:\/\/api.w.org\/{rel}","templated":true}]}}