{"id":51324,"date":"2026-01-17T01:17:38","date_gmt":"2026-01-16T23:17:38","guid":{"rendered":"https:\/\/davhonmeble.pl\/?post_type=product&#038;p=51324"},"modified":"2026-03-13T11:16:17","modified_gmt":"2026-03-13T10:16:17","slug":"lozko-tapicerowane-sentra-z-pojemnikiem","status":"publish","type":"product","link":"https:\/\/davhonmeble.pl\/en\/product\/lozko-tapicerowane-sentra-z-pojemnikiem\/","title":{"rendered":"SENTRA upholstered bed with a storage box"},"content":{"rendered":"<p><strong>SENTRA bed <\/strong>A unique upholstered bed that impresses with vertical stitching on the headboard and footboard, adding elegance to the entire bedroom. With this bed you will create a cozy atmosphere in your bedroom, inviting you to relax after a challenging day. This model is equipped with a gas actuator\/automatic lift metal - sturdy - frame with bedding storage. This is an ideal solution for those who appreciate not only beauty, but also functionality in their bedroom.<\/p>\n<p><strong><br \/>\nEXECUTION:<\/strong><\/p>\n<p>- liftable metal frame<\/p>\n<p>- headboard\/headboard of bed stitched<\/p>\n<p>- frame equipped with gas automats (gas actuators) + furniture board<\/p>\n<p>- bedding container (no maximum load!)<\/p>\n<p>- ability to choose the color or fabric of your dreams<\/p>\n<p>- The basic metal frame is equipped with 1000N automatic\/gas actuators and 34 wooden slats included (17 per side). There is an option to buy a RATED frame with 24 slats per side (48 slats in the whole frame), whose load capacity is higher by more than 100 kg, and the mattress itself adapts even better to the body due to the higher density of the arrangement of the spring slats<\/p>\n<p>- The bed does not include a mattress in the set. To ensure maximum sleeping comfort, we recommend choosing a suitable model from our offer:<em> <a style=\"font-weight: normal;\" href=\"https:\/\/davhonmeble.pl\/en\/product-category\/materace\/\" target=\"_blank\" rel=\"noopener\">see matching mattresses for upholstered beds<\/a><\/em><\/p>\n<p>- simple and quick assembly. Each bed and frame comes with an assembly kit and instructions<\/p>\n<p><strong><br \/>\nADDITIONAL OPTIONS<\/strong> (paid) - call and learn more:<\/p>\n<p>- option to buy a STRENGTHENED frame with 48 slats throughout the bed (the space between the spring slats in the strengthened frame is 2.5 cm, and in the basic version it is 6 cm)<\/p>\n<p>- change of dimensions of sides\/headboard<\/p>\n<p>- use of opening metal frame on the long side (left\/right)<\/p>\n<p><strong><br \/>\nDIMENSIONS<\/strong>:<\/p>\n<p>- overall length 214 cm<\/p>\n<p>- Overall width 98\/128\/148\/168\/188\/208 ( depending on the size selected)<\/p>\n<p>- height of the headrest from the ground 85 cm<\/p>\n<p>- Height of the frame from the ground 30 cm<\/p>\n<p><strong><br \/>\nSHIPPING:<\/strong><\/p>\n<p>- shipping throughout the country in the amount of 160 z\u0142<\/p>\n<p>- payment on delivery (you pay only upon receipt of the goods)<\/p>\n<p>- personal collection available<\/p>\n<p>&nbsp;<\/p>\n<p>The bed is shipped in packages for self-assembly, and the assembly itself is very simple and fast. Delivery is carried out by a private carrier, thanks to which we guarantee that the bed will be delivered without any damage during transport.<br \/>\nPlease note: the driver is not required to bring furniture into the house\/apartment!<\/p>","protected":false},"excerpt":{"rendered":"<p>\u0141\u00f3\u017cko SENTRA wyj\u0105tkowe \u0142\u00f3\u017cko tapicerowane, kt\u00f3re zachwyca pionowymi przeszyciami na wezg\u0142owiu oraz zan\u00f3\u017cku, dodaj\u0105c elegancji ca\u0142ej sypialni. Z tym \u0142\u00f3\u017ckiem stworzysz przytuln\u0105 atmosfer\u0119 w sypialni, zach\u0119caj\u0105c do relaksu po dniu pe\u0142nym wyzwa\u0144. Model ten wyposa\u017cony jest w podnoszony za pomoc\u0105 si\u0142ownik\u00f3w gazowych\/automat\u00f3w metalowy &#8211; solidny &#8211; stela\u017c z pojemnikiem na po\u015bciel. To idealne rozwi\u0105zanie dla [&hellip;]<\/p>\n","protected":false},"featured_media":51618,"comment_status":"closed","ping_status":"closed","template":"","meta":{"_acf_changed":false},"product_brand":[],"product_cat":[1259,1289,1276,1277,1278,1279,1290],"product_tag":[],"class_list":{"0":"post-51324","1":"product","2":"type-product","3":"status-publish","4":"has-post-thumbnail","6":"product_cat-lozka-tapicerowane","7":"product_cat-lozka-tapicerowane-120x200","8":"product_cat-lozka-tapicerowane-140x200","9":"product_cat-lozka-tapicerowane-160x200","10":"product_cat-lozka-tapicerowane-180x200","11":"product_cat-lozka-tapicerowane-200x200","12":"product_cat-lozka-tapicerowane-90x200","13":"tm-has-options","15":"first","16":"instock","17":"shipping-taxable","18":"purchasable","19":"product-type-simple"},"acf":[],"_links":{"self":[{"href":"https:\/\/davhonmeble.pl\/en\/wp-json\/wp\/v2\/product\/51324","targetHints":{"allow":["GET"]}}],"collection":[{"href":"https:\/\/davhonmeble.pl\/en\/wp-json\/wp\/v2\/product"}],"about":[{"href":"https:\/\/davhonmeble.pl\/en\/wp-json\/wp\/v2\/types\/product"}],"replies":[{"embeddable":true,"href":"https:\/\/davhonmeble.pl\/en\/wp-json\/wp\/v2\/comments?post=51324"}],"wp:featuredmedia":[{"embeddable":true,"href":"https:\/\/davhonmeble.pl\/en\/wp-json\/wp\/v2\/media\/51618"}],"wp:attachment":[{"href":"https:\/\/davhonmeble.pl\/en\/wp-json\/wp\/v2\/media?parent=51324"}],"wp:term":[{"taxonomy":"product_brand","embeddable":true,"href":"https:\/\/davhonmeble.pl\/en\/wp-json\/wp\/v2\/product_brand?post=51324"},{"taxonomy":"product_cat","embeddable":true,"href":"https:\/\/davhonmeble.pl\/en\/wp-json\/wp\/v2\/product_cat?post=51324"},{"taxonomy":"product_tag","embeddable":true,"href":"https:\/\/davhonmeble.pl\/en\/wp-json\/wp\/v2\/product_tag?post=51324"}],"curies":[{"name":"wp","href":"https:\/\/api.w.org\/{rel}","templated":true}]}}