{"id":51321,"date":"2026-01-17T01:17:38","date_gmt":"2026-01-16T23:17:38","guid":{"rendered":"https:\/\/davhonmeble.pl\/?post_type=product&#038;p=51321"},"modified":"2026-03-11T20:07:40","modified_gmt":"2026-03-11T19:07:40","slug":"lozko-tapicerowane-stelvio-z-pojemnikiem","status":"publish","type":"product","link":"https:\/\/davhonmeble.pl\/en\/product\/lozko-tapicerowane-stelvio-z-pojemnikiem\/","title":{"rendered":"Upholstered bed STELVIO with a container"},"content":{"rendered":"<p><span style=\"font-family: Roboto;\"><strong>STELVIO bed<\/strong> was created for people who care about an elegant and impeccable bedroom design. The main distinguishing feature of the bed is the upholstered, convex framed upholstered panel, which will magnificently decorate your space. This unique model, will easily meet the needs of any, even the most demanding user, while subtly becoming a decoration of the place where you rest. <\/span>A version of this product is equipped with a bedding container.<\/p>\n<p><strong><br \/>\nEXECUTION:<\/strong><\/p>\n<p>- bed headboard with upholstered panel<\/p>\n<p>- bed structure made of wood and furniture board<\/p>\n<p>- liftable 32 slat wooden frame equipped with four springs for easy lifting<\/p>\n<p>- ability to choose the color or fabric of your dreams<\/p>\n<p>- bedding bin with no maximum load!<\/p>\n<p>- The bed does not include a mattress in the set. To ensure maximum sleeping comfort, we recommend choosing a suitable model from our offer:<em> <a style=\"font-weight: normal;\" href=\"https:\/\/davhonmeble.pl\/en\/product-category\/materace\/\" target=\"_blank\" rel=\"noopener\">see matching mattresses for upholstered beds<\/a><\/em><\/p>\n<p>- simple and quick assembly. Each bed and frame comes with an assembly kit and instructions<\/p>\n<p><strong><br \/>\nADDITIONAL OPTIONS<\/strong> (paid) - call and learn more:<\/p>\n<p>- the possibility of using a metal frame (36 slats) with gas actuators, which greatly assist in opening and closing the bed<\/p>\n<p>- change of the dimension of the headrest<\/p>\n<p><strong><br \/>\nDIMENSIONS<\/strong>:<\/p>\n<p>- overall length 214 cm<\/p>\n<p>- Total width 129\/149\/169\/189 ( depending on the selected size)<\/p>\n<p>- headrest height from the ground 89 cm<\/p>\n<p>- Height of the frame from the ground 31 cm<\/p>\n<p><strong><br \/>\nSHIPPING:<\/strong><\/p>\n<p>- shipping throughout the country in the amount of 160 z\u0142<\/p>\n<p>- payment on delivery (you pay only upon receipt of the goods)<\/p>\n<p>- personal collection available<\/p>\n<p>&nbsp;<\/p>\n<p>The bed is shipped in packages for self-assembly, and the assembly itself is very simple and fast. Delivery is carried out by a private carrier, thanks to which we guarantee that the bed will be delivered without any damage during transport.<br \/>\nPlease note: the driver is not required to bring furniture into the house\/apartment!<\/p>","protected":false},"excerpt":{"rendered":"<p>\u0141\u00f3\u017cko STELVIO zosta\u0142o stworzone z\u00a0my\u015bl\u0105 o\u00a0osobach, kt\u00f3re dbaj\u0105 o\u00a0elegancki i\u00a0nieskazitelny wystr\u00f3j sypialni.\u00a0G\u0142\u00f3wnym elementem wyr\u00f3\u017cniaj\u0105cym \u0142\u00f3\u017cko jest tapicerowany, wypuk\u0142y panel tapicerowany w ramce, kt\u00f3ry wspaniale ozdobi Twoj\u0105 przestrze\u0144. Ten niepowtarzalny model, bez problemu zaspokoi potrzeby ka\u017cdego, nawet najbardziej wymagaj\u0105cego u\u017cytkownika, przy czym subtelnie stanie si\u0119 ozdob\u0105 miejsca, w kt\u00f3rym wypoczywa. Wersja tego produktu jest wyposa\u017cona w [&hellip;]<\/p>\n","protected":false},"featured_media":52432,"comment_status":"closed","ping_status":"closed","template":"","meta":{"_acf_changed":false},"product_brand":[],"product_cat":[1259,1289,1276,1277,1278],"product_tag":[],"class_list":{"0":"post-51321","1":"product","2":"type-product","3":"status-publish","4":"has-post-thumbnail","6":"product_cat-lozka-tapicerowane","7":"product_cat-lozka-tapicerowane-120x200","8":"product_cat-lozka-tapicerowane-140x200","9":"product_cat-lozka-tapicerowane-160x200","10":"product_cat-lozka-tapicerowane-180x200","11":"tm-has-options","13":"first","14":"instock","15":"shipping-taxable","16":"purchasable","17":"product-type-simple"},"acf":[],"_links":{"self":[{"href":"https:\/\/davhonmeble.pl\/en\/wp-json\/wp\/v2\/product\/51321","targetHints":{"allow":["GET"]}}],"collection":[{"href":"https:\/\/davhonmeble.pl\/en\/wp-json\/wp\/v2\/product"}],"about":[{"href":"https:\/\/davhonmeble.pl\/en\/wp-json\/wp\/v2\/types\/product"}],"replies":[{"embeddable":true,"href":"https:\/\/davhonmeble.pl\/en\/wp-json\/wp\/v2\/comments?post=51321"}],"wp:featuredmedia":[{"embeddable":true,"href":"https:\/\/davhonmeble.pl\/en\/wp-json\/wp\/v2\/media\/52432"}],"wp:attachment":[{"href":"https:\/\/davhonmeble.pl\/en\/wp-json\/wp\/v2\/media?parent=51321"}],"wp:term":[{"taxonomy":"product_brand","embeddable":true,"href":"https:\/\/davhonmeble.pl\/en\/wp-json\/wp\/v2\/product_brand?post=51321"},{"taxonomy":"product_cat","embeddable":true,"href":"https:\/\/davhonmeble.pl\/en\/wp-json\/wp\/v2\/product_cat?post=51321"},{"taxonomy":"product_tag","embeddable":true,"href":"https:\/\/davhonmeble.pl\/en\/wp-json\/wp\/v2\/product_tag?post=51321"}],"curies":[{"name":"wp","href":"https:\/\/api.w.org\/{rel}","templated":true}]}}