{"id":51319,"date":"2026-01-17T01:17:38","date_gmt":"2026-01-16T23:17:38","guid":{"rendered":"https:\/\/davhonmeble.pl\/?post_type=product&#038;p=51319"},"modified":"2026-03-11T20:07:31","modified_gmt":"2026-03-11T19:07:31","slug":"lozko-tapicerowane-neo-slim-z-dwoma-pojemnikami","status":"publish","type":"product","link":"https:\/\/davhonmeble.pl\/en\/product\/lozko-tapicerowane-neo-slim-z-dwoma-pojemnikami\/","title":{"rendered":"NEO SLIM upholstered bed with two bins"},"content":{"rendered":"<p>Upholstered bed <strong>NEO SLIM <\/strong>will make your bedroom more chic and elegant. Attention is drawn to the beautiful decorative buttons or crystals repeated on the headboard as well. All this makes Neo dazzle regardless of the color of the upholstery. Its assets will be highlighted by both intense and saturated shades and subdued colors. The biggest advantage of this model is the fact that the mattress sits on a built-in wooden frame, thanks to which the bed is no wider than the mattress in use! The frame is equipped with a non-slip mat that prevents the mattress from sliding, and it also has gas cylinders that make the container open very easily.<\/p>\n<p><strong><br \/>\nEXECUTION:<\/strong><\/p>\n<p>- bed head quilted with buttons<\/p>\n<p>- bed structure made of wood and particle board<\/p>\n<p>- liftable wooden frame equipped with gas cylinders for easy lifting, as well as an anti-slip mat<\/p>\n<p>- ability to choose the color or fabric of your dreams<\/p>\n<p>- bedding container made of furniture board<\/p>\n<p>- Quilting with buttons in the color of the fabric<\/p>\n<p>- The bed does not include a mattress in the set. To ensure maximum sleeping comfort, we recommend choosing a suitable model from our offer:<em> <a style=\"font-weight: normal;\" href=\"https:\/\/davhonmeble.pl\/en\/product-category\/materace\/\" target=\"_blank\" rel=\"noopener\">see matching mattresses for upholstered beds<\/a><\/em><\/p>\n<p>- simple and quick assembly. Each bed and frame comes with an assembly kit and instructions<\/p>\n<p><strong><br \/>\nADDITIONAL OPTIONS<\/strong> (paid):<\/p>\n<p>- change in the dimension of the headrest to 115 centimeters<\/p>\n<p>- changing buttons to crystals<\/p>\n<p><strong><br \/>\nDIMENSIONS<\/strong>:<\/p>\n<p>- total length 210 cm<\/p>\n<p>- total width 140\/160\/180 ( depending on the selected size)<\/p>\n<p>- height of the headrest from the ground 100 cm (can be changed to 115 cm)<\/p>\n<p>- frame height without mattress 33 cm<\/p>\n<p><strong><br \/>\nSHIPPING:<\/strong><\/p>\n<p>- shipping throughout the country in the amount of 160 z\u0142<\/p>\n<p>- payment on delivery (you pay only upon receipt of the goods)<\/p>\n<p>- personal collection available<\/p>\n<p>&nbsp;<\/p>\n<p>The bed is shipped in packages for self-assembly, and the assembly itself is very simple and fast. Delivery is carried out by a private carrier, thanks to which we guarantee that the bed will be delivered without any damage during transport.<br \/>\nPlease note: the driver is not required to bring furniture into the house\/apartment!<\/p>","protected":false},"excerpt":{"rendered":"<p>\u0141\u00f3\u017cko tapicerowane NEO SLIM sprawi, \u017ce Twoja sypialnia zyska na szyku i elegancji. Uwag\u0119 przykuwaj\u0105 pi\u0119kne ozdobne guziki lub kryszta\u0142y powt\u00f3rzone r\u00f3wnie\u017c na przedn\u00f3\u017cku. Wszystko to sprawia, \u017ce Neo ol\u015bniewa niezale\u017cnie od koloru tapicerki. Jego atuty podkre\u015bl\u0105 zar\u00f3wno intensywne i nasycone odcienie, jak i stonowane barwy. Najwi\u0119ksz\u0105 zalet\u0105 tego modelu jest fakt, i\u017c materac uk\u0142ada [&hellip;]<\/p>\n","protected":false},"featured_media":51597,"comment_status":"closed","ping_status":"closed","template":"","meta":{"_acf_changed":false},"product_brand":[],"product_cat":[1259,1276,1277,1278],"product_tag":[],"class_list":{"0":"post-51319","1":"product","2":"type-product","3":"status-publish","4":"has-post-thumbnail","6":"product_cat-lozka-tapicerowane","7":"product_cat-lozka-tapicerowane-140x200","8":"product_cat-lozka-tapicerowane-160x200","9":"product_cat-lozka-tapicerowane-180x200","10":"tm-has-options","12":"first","13":"instock","14":"shipping-taxable","15":"purchasable","16":"product-type-simple"},"acf":[],"_links":{"self":[{"href":"https:\/\/davhonmeble.pl\/en\/wp-json\/wp\/v2\/product\/51319","targetHints":{"allow":["GET"]}}],"collection":[{"href":"https:\/\/davhonmeble.pl\/en\/wp-json\/wp\/v2\/product"}],"about":[{"href":"https:\/\/davhonmeble.pl\/en\/wp-json\/wp\/v2\/types\/product"}],"replies":[{"embeddable":true,"href":"https:\/\/davhonmeble.pl\/en\/wp-json\/wp\/v2\/comments?post=51319"}],"wp:featuredmedia":[{"embeddable":true,"href":"https:\/\/davhonmeble.pl\/en\/wp-json\/wp\/v2\/media\/51597"}],"wp:attachment":[{"href":"https:\/\/davhonmeble.pl\/en\/wp-json\/wp\/v2\/media?parent=51319"}],"wp:term":[{"taxonomy":"product_brand","embeddable":true,"href":"https:\/\/davhonmeble.pl\/en\/wp-json\/wp\/v2\/product_brand?post=51319"},{"taxonomy":"product_cat","embeddable":true,"href":"https:\/\/davhonmeble.pl\/en\/wp-json\/wp\/v2\/product_cat?post=51319"},{"taxonomy":"product_tag","embeddable":true,"href":"https:\/\/davhonmeble.pl\/en\/wp-json\/wp\/v2\/product_tag?post=51319"}],"curies":[{"name":"wp","href":"https:\/\/api.w.org\/{rel}","templated":true}]}}