{"id":51311,"date":"2026-01-17T01:17:38","date_gmt":"2026-01-16T23:17:38","guid":{"rendered":"https:\/\/davhonmeble.pl\/?post_type=product&#038;p=51311"},"modified":"2026-03-13T11:15:53","modified_gmt":"2026-03-13T10:15:53","slug":"sofa-dwuosobowa-gino","status":"publish","type":"product","link":"https:\/\/davhonmeble.pl\/en\/product\/sofa-dwuosobowa-gino\/","title":{"rendered":"GINO two-seater sofa"},"content":{"rendered":"<p><strong>Sofa dwuosobowa GINO<\/strong><span data-sheets-value=\"{&quot;1&quot;:2,&quot;2&quot;:&quot;Je\u015bli szukasz mebla, kt\u00f3ry idealnie dope\u0142ni zar\u00f3wno rustykaln\u0105 sypialni\u0119, jak i salon w stylu industrialnym, wybierz wygodny kremowy fotel TORIA z l\u015bni\u0105cym z\u0142otym stela\u017cem. Za spraw\u0105 niebanalnego, plecionego wyko\u0144czenia ca\u0142o\u015b\u0107 sprawia wra\u017cenie niezwykle misternie wykonanego elementu wystroju. Jasny odcie\u0144 be\u017cu gwarantuje, \u017ce w Twoim wn\u0119trzu zago\u015bci nienachalna elegancja i namiastka luksusu. Mebel zosta\u0142 wykonany z najwy\u017cszej jako\u015bci materia\u0142\u00f3w, wi\u0119c stworzono go z my\u015bl\u0105 o Twojej wygodzie i jak najlepszej prezencji.\\n\\nGdziekolwiek zdecydujesz si\u0119 postawi\u0107 be\u017cowy fotel TORIA - przy toaletce, w salonie czy jadalni - b\u0119dzie on pasowa\u0107 do ka\u017cdego pomieszczenia utrzymanego zar\u00f3wno w jasnych, jak i ciemnych barwach. Delikatne po\u0142\u0105czenie kolor\u00f3w w fotelu TORIA sprawia, \u017ce inne dodatki w pokoju mog\u0105 mie\u0107 wyraziste, intensywne odcienie, a mebel i tak b\u0119dzie si\u0119 wyr\u00f3\u017cnia\u0142. Fotel \u015bwietnie wygl\u0105da na tle industrialnej, ceglanej \u015bciany, a tak\u017ce w otoczeniu be\u017cowo-br\u0105zowych dodatk\u00f3w boho.&quot;}\" data-sheets-userformat=\"{&quot;2&quot;:957,&quot;3&quot;:{&quot;1&quot;:0},&quot;5&quot;:{&quot;1&quot;:[{&quot;1&quot;:2,&quot;2&quot;:0,&quot;5&quot;:{&quot;1&quot;:2,&quot;2&quot;:0}},{&quot;1&quot;:0,&quot;2&quot;:0,&quot;3&quot;:3},{&quot;1&quot;:1,&quot;2&quot;:0,&quot;4&quot;:1}]},&quot;6&quot;:{&quot;1&quot;:[{&quot;1&quot;:2,&quot;2&quot;:0,&quot;5&quot;:{&quot;1&quot;:2,&quot;2&quot;:0}},{&quot;1&quot;:0,&quot;2&quot;:0,&quot;3&quot;:3},{&quot;1&quot;:1,&quot;2&quot;:0,&quot;4&quot;:1}]},&quot;7&quot;:{&quot;1&quot;:[{&quot;1&quot;:2,&quot;2&quot;:0,&quot;5&quot;:{&quot;1&quot;:2,&quot;2&quot;:0}},{&quot;1&quot;:0,&quot;2&quot;:0,&quot;3&quot;:3},{&quot;1&quot;:1,&quot;2&quot;:0,&quot;4&quot;:1}]},&quot;8&quot;:{&quot;1&quot;:[{&quot;1&quot;:2,&quot;2&quot;:0,&quot;5&quot;:{&quot;1&quot;:2,&quot;2&quot;:0}},{&quot;1&quot;:0,&quot;2&quot;:0,&quot;3&quot;:3},{&quot;1&quot;:1,&quot;2&quot;:0,&quot;4&quot;:1}]},&quot;10&quot;:0,&quot;11&quot;:4,&quot;12&quot;:0}\"> to po\u0142\u0105czenie funkcjonalno\u015bci, wygody i \u015bwietnej prezencji. Welurowe wyko\u0144czenie nadaje ca\u0142o\u015bci subtelny b\u0142ysk, kt\u00f3ry podkre\u015bli \u015bwie\u017cy wygl\u0105d zar\u00f3wno przestronnym salonie, jak i przytulnej sypialni. Wyb\u00f3r fotela zaspokoi pragnienia klient\u00f3w, kt\u00f3rym zale\u017cy na dopasowaniu ka\u017cdego elementu wystroju. Wybierz w\u0142a\u015bnie ten model, je\u015bli szukasz czego\u015b klasycznego, ale niezwykle eleganckiego i gustownego.<\/span><\/p>\n<p><strong><br \/>\nCECHY PRODUKTU:<\/strong><\/p>\n<p>\u2013\u00a0spr\u0119\u017cyna falista na siedzisku<\/p>\n<p>\u2013\u00a0ty\u0142 sofy obity w tym samym materiale<\/p>\n<p>\u2013\u00a0wygodne siedzisko<\/p>\n<p>\u2013\u00a0solidne n\u00f3\u017cki z drewna<\/p>\n<p>\u2013\u00a0mi\u0119kkie oparcie<\/p>\n<p>\u2013\u00a0komfortowe pod\u0142okietniki<\/p>\n<p>\u2013\u00a0uniwersalna szaro\u015b\u0107<\/p>\n<p>\u2013\u00a0odporna na \u015bcieranie<\/p>\n<p>\u2013\u00a0brak funkcji spania<\/p>\n<p>\u2013 mo\u017cliwo\u015b\u0107 wyboru wymarzonego dla siebie koloru lub tkaniny<\/p>\n<p><strong><br \/>\nWYMIARY:<\/strong><\/p>\n<p>\u2013 szeroko\u015b\u0107 ca\u0142kowita: 140 cm<\/p>\n<p>\u2013 wysoko\u015b\u0107 ca\u0142kowita: 75 cm<\/p>\n<p>\u2013 g\u0142\u0119boko\u015b\u0107 ca\u0142kowita: 74 cm<\/p>\n<p>\u2013 szeroko\u015b\u0107 siedziska: 105 cm<\/p>\n<p>\u2013 g\u0142\u0119boko\u015b\u0107 siedziska: 55 cm<\/p>\n<p>\u2013 wysoko\u015b\u0107 oparcia: 40 cm<\/p>\n<p>\u2013 wysoko\u015b\u0107 od ziemi do siedziska: 43 cm<\/p>\n<p>\u2013 wysoko\u015b\u0107 n\u00f3\u017cek: 23 cm<\/p>\n<p><strong><br \/>\nWYSY\u0141KA:<\/strong><\/p>\n<p>\u2013 wysy\u0142ka na terenie ca\u0142ego kraju wysoko\u015bci 160 z\u0142<\/p>\n<p>\u2013 p\u0142atno\u015b\u0107 za pobraniem (p\u0142acisz dopiero przy odbiorze towaru)<\/p>\n<p>\u2013 istnieje mo\u017cliwo\u015b\u0107 odbioru osobistego<\/p>\n<p>&nbsp;<\/p>\n<p>Sofa wysy\u0142ana jest w ca\u0142o\u015bci, jedynymi elementami do przykr\u0119cenia s\u0105 drewniane n\u00f3\u017cki. Realizacje dostawy wykonuje prywatny przewo\u017anik dzi\u0119ki czemu gwarantujemy, \u017ce sofa zostanie dostarczone bez jakichkolwiek uszkodze\u0144 podczas transportu.<br \/>\nUwaga: kierowca nie ma obowi\u0105zku wnoszenia mebli do domu\/mieszkania!<\/p>\n","protected":false},"excerpt":{"rendered":"<p>Sofa dwuosobowa GINO to po\u0142\u0105czenie funkcjonalno\u015bci, wygody i \u015bwietnej prezencji. Welurowe wyko\u0144czenie nadaje ca\u0142o\u015bci subtelny b\u0142ysk, kt\u00f3ry podkre\u015bli \u015bwie\u017cy wygl\u0105d zar\u00f3wno przestronnym salonie, jak i przytulnej sypialni. Wyb\u00f3r fotela zaspokoi pragnienia klient\u00f3w, kt\u00f3rym zale\u017cy na dopasowaniu ka\u017cdego elementu wystroju. Wybierz w\u0142a\u015bnie ten model, je\u015bli szukasz czego\u015b klasycznego, ale niezwykle eleganckiego i gustownego. CECHY PRODUKTU: \u2013\u00a0spr\u0119\u017cyna [&hellip;]<\/p>\n","protected":false},"featured_media":52679,"comment_status":"closed","ping_status":"closed","template":"","meta":{"_acf_changed":false},"product_brand":[],"product_cat":[1257,1269],"product_tag":[],"class_list":{"0":"post-51311","1":"product","2":"type-product","3":"status-publish","4":"has-post-thumbnail","6":"product_cat-narozniki-sofy-i-fotele","7":"product_cat-sofy","8":"tm-has-options","10":"first","11":"instock","12":"sale","13":"shipping-taxable","14":"purchasable","15":"product-type-simple"},"acf":[],"_links":{"self":[{"href":"https:\/\/davhonmeble.pl\/en\/wp-json\/wp\/v2\/product\/51311","targetHints":{"allow":["GET"]}}],"collection":[{"href":"https:\/\/davhonmeble.pl\/en\/wp-json\/wp\/v2\/product"}],"about":[{"href":"https:\/\/davhonmeble.pl\/en\/wp-json\/wp\/v2\/types\/product"}],"replies":[{"embeddable":true,"href":"https:\/\/davhonmeble.pl\/en\/wp-json\/wp\/v2\/comments?post=51311"}],"wp:featuredmedia":[{"embeddable":true,"href":"https:\/\/davhonmeble.pl\/en\/wp-json\/wp\/v2\/media\/52679"}],"wp:attachment":[{"href":"https:\/\/davhonmeble.pl\/en\/wp-json\/wp\/v2\/media?parent=51311"}],"wp:term":[{"taxonomy":"product_brand","embeddable":true,"href":"https:\/\/davhonmeble.pl\/en\/wp-json\/wp\/v2\/product_brand?post=51311"},{"taxonomy":"product_cat","embeddable":true,"href":"https:\/\/davhonmeble.pl\/en\/wp-json\/wp\/v2\/product_cat?post=51311"},{"taxonomy":"product_tag","embeddable":true,"href":"https:\/\/davhonmeble.pl\/en\/wp-json\/wp\/v2\/product_tag?post=51311"}],"curies":[{"name":"wp","href":"https:\/\/api.w.org\/{rel}","templated":true}]}}