{"id":51308,"date":"2026-01-17T01:17:38","date_gmt":"2026-01-16T23:17:38","guid":{"rendered":"https:\/\/davhonmeble.pl\/?post_type=product&#038;p=51308"},"modified":"2026-03-13T11:12:23","modified_gmt":"2026-03-13T10:12:23","slug":"fotel-dina-w-stylu-skandynawskim","status":"publish","type":"product","link":"https:\/\/davhonmeble.pl\/en\/product\/fotel-dina-w-stylu-skandynawskim\/","title":{"rendered":"DINA armchair in Scandinavian style"},"content":{"rendered":"<p>An absolute price and visual hit! <strong>Dina armchair<\/strong> It is ideal for the living room, office or cafe. It will work well in any arrangement, and the highest quality of materials used in production makes everyone want it at their place.<\/p>\n<p><strong><br \/>\nPRODUCT FEATURES:<\/strong><\/p>\n<p>- corrugated spring on the seat<\/p>\n<p>- the back of the sofa upholstered in the same material<\/p>\n<p>- comfortable seat<\/p>\n<p>- sturdy wooden legs<\/p>\n<p>- simple and cozy Scandinavian style<\/p>\n<p>- soft backrest<\/p>\n<p>- comfortable armrests<\/p>\n<p>- universal grey<\/p>\n<p>- abrasion resistant<\/p>\n<p>- ability to choose the color or fabric of your dreams<\/p>\n<p><strong><br \/>\nDIMENSIONS:<\/strong><\/p>\n<p>- total width: 80 cm<\/p>\n<p>- total height: 75 cm<\/p>\n<p>- total depth: 74 cm<\/p>\n<p>- seat width: 45 cm<\/p>\n<p>- seat depth: 52 cm<\/p>\n<p>- backrest height: 40 cm<\/p>\n<p>- height from ground to seat: 43 cm<\/p>\n<p>- height of the feet: 23 cm<\/p>\n<p>&nbsp;<\/p>\n<p><strong>SHIPPING:<\/strong><\/p>\n<p>- shipping throughout the country of 80 z\u0142<\/p>\n<p>- payment on delivery (you pay only upon receipt of the goods)<\/p>\n<p>- personal collection available<\/p>\n<p>&nbsp;<\/p>\n<p>The armchair is shipped whole, the only parts to be screwed are the wooden legs. Delivery is carried out by a private carrier, thanks to which we guarantee that it will be delivered without any damage during transport.<br \/>\nPlease note: the driver is not required to bring furniture into the house\/apartment!<\/p>","protected":false},"excerpt":{"rendered":"<p>Absolutny hit cenowy i wizualny! Fotel Dina jest idealny do salonu, biura czy te\u017c kawiarni. Sprawdzi si\u0119 w ka\u017cdej aran\u017cacji, a najwy\u017csza jako\u015b\u0107 materia\u0142\u00f3w stosowanych przy produkcji sprawia, \u017ce ka\u017cdy chce j\u0105 u siebie. CECHY PRODUKTU: \u2013\u00a0spr\u0119\u017cyna falista na siedzisku \u2013\u00a0ty\u0142 sofy obity w tym samym materiale \u2013\u00a0wygodne siedzisko \u2013\u00a0solidne n\u00f3\u017cki z drewna \u2013\u00a0prosty i [&hellip;]<\/p>\n","protected":false},"featured_media":52672,"comment_status":"closed","ping_status":"closed","template":"","meta":{"_acf_changed":false},"product_brand":[],"product_cat":[1270,1257],"product_tag":[],"class_list":{"0":"post-51308","1":"product","2":"type-product","3":"status-publish","4":"has-post-thumbnail","6":"product_cat-fotele","7":"product_cat-narozniki-sofy-i-fotele","8":"tm-has-options","10":"first","11":"instock","12":"sale","13":"shipping-taxable","14":"purchasable","15":"product-type-simple"},"acf":[],"_links":{"self":[{"href":"https:\/\/davhonmeble.pl\/en\/wp-json\/wp\/v2\/product\/51308","targetHints":{"allow":["GET"]}}],"collection":[{"href":"https:\/\/davhonmeble.pl\/en\/wp-json\/wp\/v2\/product"}],"about":[{"href":"https:\/\/davhonmeble.pl\/en\/wp-json\/wp\/v2\/types\/product"}],"replies":[{"embeddable":true,"href":"https:\/\/davhonmeble.pl\/en\/wp-json\/wp\/v2\/comments?post=51308"}],"wp:featuredmedia":[{"embeddable":true,"href":"https:\/\/davhonmeble.pl\/en\/wp-json\/wp\/v2\/media\/52672"}],"wp:attachment":[{"href":"https:\/\/davhonmeble.pl\/en\/wp-json\/wp\/v2\/media?parent=51308"}],"wp:term":[{"taxonomy":"product_brand","embeddable":true,"href":"https:\/\/davhonmeble.pl\/en\/wp-json\/wp\/v2\/product_brand?post=51308"},{"taxonomy":"product_cat","embeddable":true,"href":"https:\/\/davhonmeble.pl\/en\/wp-json\/wp\/v2\/product_cat?post=51308"},{"taxonomy":"product_tag","embeddable":true,"href":"https:\/\/davhonmeble.pl\/en\/wp-json\/wp\/v2\/product_tag?post=51308"}],"curies":[{"name":"wp","href":"https:\/\/api.w.org\/{rel}","templated":true}]}}