{"id":51307,"date":"2026-01-17T01:17:38","date_gmt":"2026-01-16T23:17:38","guid":{"rendered":"https:\/\/davhonmeble.pl\/?post_type=product&#038;p=51307"},"modified":"2026-03-20T20:08:52","modified_gmt":"2026-03-20T19:08:52","slug":"materac-panama-premium","status":"publish","type":"product","link":"https:\/\/davhonmeble.pl\/en\/product\/materac-panama-premium\/","title":{"rendered":"Panama Premium Mattress"},"content":{"rendered":"<p><strong>Panama Premium Mattress <\/strong>is dedicated to people who are looking for a balance between ideal point support for the body and freedom to change position during sleep. Optimally balanced proportions of the components used in the Panama Premium mattress in the form of polyurethane foam and latex foam allow for effective regeneration and relaxation of the body, and thus guarantee a peaceful, healthy sleep and customer satisfaction, providing high sleeping comfort. This 24 centimeter model is equipped with a 7-zone profiled multipocket spring insert for optimal point elasticity.<\/p>\n<p>The pocket springs used in standard pocket mattresses contain about 272 springs\/m2. Our premium mattresses contain pocket springs of the multipocket type, i.e. about 510 springs\/m2, which significantly affects the life of the mattress, and also increases the comfort of sleep, since there are almost twice as many points of support.<strong><a href=\"https:\/\/davhonmeble.pl\/wp-content\/uploads\/2026\/01\/95AA7117-2263-4B67-964F-2964349D6F65.jpg\"><img fetchpriority=\"high\" decoding=\"async\" class=\"aligncenter wp-image-52666 size-large\" src=\"https:\/\/davhonmeble.pl\/wp-content\/uploads\/2026\/01\/95AA7117-2263-4B67-964F-2964349D6F65-1024x683.jpg\" alt=\"\" width=\"800\" height=\"534\" srcset=\"https:\/\/davhonmeble.pl\/wp-content\/uploads\/2026\/01\/95AA7117-2263-4B67-964F-2964349D6F65-1024x683.jpg 1024w, https:\/\/davhonmeble.pl\/wp-content\/uploads\/2026\/01\/95AA7117-2263-4B67-964F-2964349D6F65-300x200.jpg 300w, https:\/\/davhonmeble.pl\/wp-content\/uploads\/2026\/01\/95AA7117-2263-4B67-964F-2964349D6F65-768x512.jpg 768w, https:\/\/davhonmeble.pl\/wp-content\/uploads\/2026\/01\/95AA7117-2263-4B67-964F-2964349D6F65-18x12.jpg 18w, https:\/\/davhonmeble.pl\/wp-content\/uploads\/2026\/01\/95AA7117-2263-4B67-964F-2964349D6F65-250x167.jpg 250w, https:\/\/davhonmeble.pl\/wp-content\/uploads\/2026\/01\/95AA7117-2263-4B67-964F-2964349D6F65-1000x667.jpg 1000w, https:\/\/davhonmeble.pl\/wp-content\/uploads\/2026\/01\/95AA7117-2263-4B67-964F-2964349D6F65-64x43.jpg 64w, https:\/\/davhonmeble.pl\/wp-content\/uploads\/2026\/01\/95AA7117-2263-4B67-964F-2964349D6F65.jpg 1536w\" sizes=\"(max-width: 800px) 100vw, 800px\" \/><\/a>EXECUTION:<\/strong><\/p>\n<p><em>LATEX PIANO 2 cm<\/em> - It is anti-allergenic and has high durability and point elasticity, properly adapts to the shapes of the body. It reduces the risk of dust mites. Thanks to the large number of holes, the mattress is in continuous ventilation.<\/p>\n<p><em>coconut mat 1 cm<\/em> - raw material in 100% ecological, derived from coconut shells. It has anti-allergenic properties, excellent protection against the growth of dust mites and microorganisms, and is resilient and flexible. Mattresses with coconut fiber are durable, resistant to moisture and deformation. The mat has a very high density, so that the body does not sink into the mattress.<\/p>\n<p><em>T2552 POLYURETAN foam 2 cm<\/em> - High-quality foam is an additional filling of the mattress. This foam has a high resistance to deformation and warping. It provides adequate cushioning for the body, has a breathable structure, is flexible and resilient.<\/p>\n<p><em>upholstery felt 1 mm<\/em> - A natural spacer that separates the spring layer from the foam layer. Natural felt can significantly extend the life of the mattress, and also strengthens its structure. Felt also has the advantage of high elasticity and adhesion to the given surface It is used between the pocket springs and the next layer. It is a very important , strengthening element of the mattress.<\/p>\n<p><em>KEY SPRINGS 12 cm<\/em> - The springs divide the mattress into 7 zones, each with appropriate support for a particular part of the body. With the profiled foam that is used as the top layer of the mattress, the zoned pocket springs used in the mattress give even more sleeping comfort. The springs work independently of each other, so two people sleeping next to each other don't experience the discomfort of the other person fidgeting. The mattress is also great for people of different body weights, as the pocket springs ensure that the mattress does not bend towards the other person.<\/p>\n<p><em>upholstery felt 1 mm<\/em> - A natural spacer that separates the spring layer from the foam layer. Natural felt can significantly extend the life of the mattress, and also strengthens its structure. Felt also has the advantage of high elasticity and adhesion to the given surface It is used between the pocket springs and the next layer. It is a very important , strengthening element of the mattress.<\/p>\n<p><em>T2552 POLYURETHANE PIANO 5 cm<\/em> - High-quality foam is an additional filling of the mattress. This foam has a high resistance to deformation and warping. It provides adequate cushioning for the body, has a breathable structure, is flexible and resilient.<\/p>\n<p><em>coconut mat 1 cm<\/em> - raw material in 100% ecological, derived from coconut shells. It has anti-allergenic properties, excellent protection against the growth of dust mites and microorganisms, and is resilient and flexible. Mattresses with coconut fiber are durable, resistant to moisture and deformation. The mat has a very high density, so that the body does not sink into the mattress.<\/p>\n<p><em>SILVER BORFEAUX QUILTED COVER<\/em> - Quilted knit fabric with silver ions, has anti-fungal properties. Anti-allergenic, having a zipper, which helps in maintaining hygiene. It prevents dirt from entering the mattress, protects against the penetration of bacteria, fungi, mold and dust mites.<\/p>\n<p><strong><br \/>\nTAKE CARE OF THE HEALTH OF YOUR SPINE!<\/strong><\/p>\n<p>It is important to choose a very good mattress for your spine, it will allow us to better recover, relax. The firmness of the mattress should be adjusted to the weight and height and personal preference of the person sleeping on it, to relieve the pressure on the spine, take care of proper circulation and muscle relaxation. That's why our mattress has two firmnesses, you can adjust the side according to your needs.<\/p>\n<p><strong><br \/>\n<\/strong><strong>HARDNESS:<\/strong><\/p>\n<p><a href=\"https:\/\/davhonmeble.pl\/wp-content\/uploads\/2026\/01\/B7B956D0-601E-494B-9D51-D524D247698B.png\"><img decoding=\"async\" class=\"alignleft wp-image-52667\" src=\"https:\/\/davhonmeble.pl\/wp-content\/uploads\/2026\/01\/B7B956D0-601E-494B-9D51-D524D247698B-1024x683.png\" alt=\"\" width=\"623\" height=\"416\" srcset=\"https:\/\/davhonmeble.pl\/wp-content\/uploads\/2026\/01\/B7B956D0-601E-494B-9D51-D524D247698B-1024x683.png 1024w, https:\/\/davhonmeble.pl\/wp-content\/uploads\/2026\/01\/B7B956D0-601E-494B-9D51-D524D247698B-300x200.png 300w, https:\/\/davhonmeble.pl\/wp-content\/uploads\/2026\/01\/B7B956D0-601E-494B-9D51-D524D247698B-768x512.png 768w, https:\/\/davhonmeble.pl\/wp-content\/uploads\/2026\/01\/B7B956D0-601E-494B-9D51-D524D247698B-18x12.png 18w, https:\/\/davhonmeble.pl\/wp-content\/uploads\/2026\/01\/B7B956D0-601E-494B-9D51-D524D247698B-250x167.png 250w, https:\/\/davhonmeble.pl\/wp-content\/uploads\/2026\/01\/B7B956D0-601E-494B-9D51-D524D247698B-1000x667.png 1000w, https:\/\/davhonmeble.pl\/wp-content\/uploads\/2026\/01\/B7B956D0-601E-494B-9D51-D524D247698B-64x43.png 64w, https:\/\/davhonmeble.pl\/wp-content\/uploads\/2026\/01\/B7B956D0-601E-494B-9D51-D524D247698B.png 1536w\" sizes=\"(max-width: 623px) 100vw, 623px\" \/><\/a><\/p>\n<p>&nbsp;<\/p>\n<p>&nbsp;<\/p>\n<p>&nbsp;<\/p>\n<p>&nbsp;<\/p>\n<p>&nbsp;<\/p>\n<p>&nbsp;<\/p>\n<p>&nbsp;<\/p>\n<p>&nbsp;<\/p>\n<p>&nbsp;<\/p>\n<p>&nbsp;<\/p>\n<p>&nbsp;<\/p>\n<p><strong>SHIPPING:<\/strong><\/p>\n<p>- free shipping nationwide<\/p>\n<p>- payment on delivery (you pay only upon receipt of the goods)<\/p>\n<p>- personal collection available<\/p>\n<p>- mattresses are delivered whole, so they are not subject to damage caused by rolling them<\/p>\n<p>&nbsp;<\/p>\n<p>Realization of delivery is carried out by a private carrier, so we guarantee that the goods will be delivered without any damage during transport.<br \/>\nNote: the driver is not obliged to bring the goods into the house\/apartment!<\/p>","protected":false},"excerpt":{"rendered":"<p>Materac Panama Premium dedykowany jest osobom, kt\u00f3re poszukuj\u0105 r\u00f3wnowagi pomi\u0119dzy idealnym wsparciem punktowym cia\u0142a a swobod\u0105 w zmianie pozycji podczas snu. Optymalnie zbilansowane proporcje zastosowanych w materacu Panama Premium komponent\u00f3w w postaci pianki poliuretanowej oraz pianki lateksowej pozwala na skuteczn\u0105 regeneracj\u0119 i relaks organizmu, a co za tym idzie \u2013 gwarantuje spokojny, zdrowy sen oraz [&hellip;]<\/p>\n","protected":false},"featured_media":51714,"comment_status":"closed","ping_status":"closed","template":"","meta":{"_acf_changed":false},"product_brand":[],"product_cat":[1260,1281,1282,1283,1284,1285,1280,1292,1294,1291],"product_tag":[],"class_list":{"0":"post-51307","1":"product","2":"type-product","3":"status-publish","4":"has-post-thumbnail","6":"product_cat-materace","7":"product_cat-materace-120x200","8":"product_cat-materace-140x200","9":"product_cat-materace-160x200","10":"product_cat-materace-180x200","11":"product_cat-materace-200x200","12":"product_cat-materace-90x200","13":"product_cat-materace-srednio-miekkie-h2","14":"product_cat-materace-twarde-h4","15":"product_cat-twardosc-materaca","16":"tm-has-options","18":"first","19":"instock","20":"sale","21":"shipping-taxable","22":"purchasable","23":"product-type-simple"},"acf":[],"_links":{"self":[{"href":"https:\/\/davhonmeble.pl\/en\/wp-json\/wp\/v2\/product\/51307","targetHints":{"allow":["GET"]}}],"collection":[{"href":"https:\/\/davhonmeble.pl\/en\/wp-json\/wp\/v2\/product"}],"about":[{"href":"https:\/\/davhonmeble.pl\/en\/wp-json\/wp\/v2\/types\/product"}],"replies":[{"embeddable":true,"href":"https:\/\/davhonmeble.pl\/en\/wp-json\/wp\/v2\/comments?post=51307"}],"wp:featuredmedia":[{"embeddable":true,"href":"https:\/\/davhonmeble.pl\/en\/wp-json\/wp\/v2\/media\/51714"}],"wp:attachment":[{"href":"https:\/\/davhonmeble.pl\/en\/wp-json\/wp\/v2\/media?parent=51307"}],"wp:term":[{"taxonomy":"product_brand","embeddable":true,"href":"https:\/\/davhonmeble.pl\/en\/wp-json\/wp\/v2\/product_brand?post=51307"},{"taxonomy":"product_cat","embeddable":true,"href":"https:\/\/davhonmeble.pl\/en\/wp-json\/wp\/v2\/product_cat?post=51307"},{"taxonomy":"product_tag","embeddable":true,"href":"https:\/\/davhonmeble.pl\/en\/wp-json\/wp\/v2\/product_tag?post=51307"}],"curies":[{"name":"wp","href":"https:\/\/api.w.org\/{rel}","templated":true}]}}