{"id":51306,"date":"2026-01-17T01:17:38","date_gmt":"2026-01-16T23:17:38","guid":{"rendered":"https:\/\/davhonmeble.pl\/?post_type=product&#038;p=51306"},"modified":"2026-03-20T20:09:15","modified_gmt":"2026-03-20T19:09:15","slug":"materac-river-premium","status":"publish","type":"product","link":"https:\/\/davhonmeble.pl\/en\/product\/materac-river-premium\/","title":{"rendered":"River Premium Mattress"},"content":{"rendered":"<p><strong>River Premium Mattress <\/strong>It is a model built with a multipocket 7 zone pocket format. It has in its structure about 510 springs per m2, which provides a perfect fit to the figure. The mattress is equipped on both sides with layers of high quality thermoelastic memory foam with a thickness of 2 cm. The system of pocket springs has been divided into 7 zones of hardness, which through differentiated hardness perfectly support the various parts of the body. The thickness of the mattress insert is 20 cm. Multipocket provides optimum point elasticity, so it can perfectly adapt to the weight, body shape and favorite position of a person, so in each case provides undisturbed rest in conditions conducive to complete relaxation.<\/p>\n<p>The pocket springs used in standard pocket mattresses contain about 272 springs\/m2. Our premium mattresses contain pocket springs of the multipocket type, i.e. about 510 springs\/m2, which significantly affects the life of the mattress, and also increases the comfort of sleep, since there are almost twice as many points of support.<\/p>\n<p>&nbsp;<\/p>\n<p><img fetchpriority=\"high\" decoding=\"async\" class=\"lazyloaded lazy-loaded alignnone wp-image-1620 size-full\" src=\"https:\/\/srv104004.seohost.com.pl\/wp-content\/uploads\/2021\/02\/Materac-Piankowy-Manhattan-PROFILOWANY-7-STREF-Rodzaj-materaca-Piankowy.jpg\" alt=\"\" width=\"864\" height=\"429\" data-srcset=\"https:\/\/srv104004.seohost.com.pl\/wp-content\/uploads\/2020\/10\/strefy_3.jpg 979w, https:\/\/srv104004.seohost.com.pl\/wp-content\/uploads\/2020\/10\/strefy_3-300x188.jpg 300w, https:\/\/srv104004.seohost.com.pl\/wp-content\/uploads\/2020\/10\/strefy_3-768x482.jpg 768w, https:\/\/srv104004.seohost.com.pl\/wp-content\/uploads\/2020\/10\/strefy_3-680x427.jpg 680w\" data-src=\"https:\/\/srv104004.seohost.com.pl\/wp-content\/uploads\/2020\/10\/strefy_3.jpg\" data-sizes=\"(max-width: 757px) 100vw, 757px\" \/><\/p>\n<p><strong><br \/>\nEXECUTION:<\/strong><\/p>\n<p><em>LATEX PERFORATED FOAM 3 cm <\/em>- Anti-allergenic and has high durability and point elasticity, properly adapts to the shapes of the body. It reduces the risk of dust mites. Thanks to the large number of holes, the mattress is in continuous ventilation.<\/p>\n<p><em>MEMORY TERMOELASTIC PIANO 2 cm<\/em> - Responds to pressure and body temperature. It perfectly mimics the shape of the body, allows the spine to assume a natural position. The coconut mat is produced from natural coconut fiber. It provides better air circulation and hardens the mattress.<\/p>\n<p><em>UPHOLSTERY FIL -<\/em> Stiffens the entire structure increasing the strength of the mattress. It separates the spring insert from the foam.<\/p>\n<p><em>POCKET SPRINGS<\/em> - It consists of springs placed in separate pockets so they are independent of each other and point elastic. In addition, it does not make metallic sounds under the pressure of body weight. The format is divided into 7 zones of hardness. Each of them is appropriately adapted to a particular part of the body.<\/p>\n<p><em>UPHOLSTERY FELT <\/em>- Stiffens the entire structure increasing the strength of the mattress. It separates the spring insert from the foam.<\/p>\n<p><em>polyurethane foam 2 cm<\/em> - It is resistant to deformation. Thanks to its properties, it is anti-allergenic and maintains adequate ventilation around the springs. In addition, it surrounds the mattress to form a strong frame.<\/p>\n<p><em>coconut mat 1 cm<\/em> - Made of 100% natural coconut fibers. It has anti-fungal and anti-allergenic properties. It wicks away moisture well and hardens the mattress. It is beneficial for healthy sleep.<\/p>\n<p><em>MEMORY TERMOELASTIC PIANO 2 cm<\/em> - It perfectly adapts to the shape and weight of the body, providing it with adequate support and proper blood circulation. Under the influence of body temperature, it increases its elasticity and resilience. This foam is suitable for people with various spinal disorders.<\/p>\n<p><strong><br \/>\nTAKE CARE OF THE HEALTH OF YOUR SPINE!<\/strong><\/p>\n<p>It is important to choose a very good mattress for your spine, it will allow us to better recover, relax. The firmness of the mattress should be adjusted to the weight and height and personal preference of the person sleeping on it, to relieve the pressure on the spine, take care of proper circulation and muscle relaxation. That's why our mattress has two firmnesses, you can adjust the side according to your needs.<\/p>\n<p><strong><br \/>\nHARDNESS:<\/strong><\/p>\n<p>&nbsp;<\/p>\n<p><img decoding=\"async\" class=\"lazyloaded lazy-loaded alignnone wp-image-1440 size-full\" src=\"https:\/\/srv104004.seohost.com.pl\/wp-content\/uploads\/2020\/10\/h1-h2.jpg\" alt=\"\" width=\"609\" height=\"120\" data-srcset=\"https:\/\/srv104004.seohost.com.pl\/wp-content\/uploads\/2020\/10\/h3h3.jpg 607w, https:\/\/srv104004.seohost.com.pl\/wp-content\/uploads\/2020\/10\/h3h3-300x66.jpg 300w\" data-src=\"https:\/\/srv104004.seohost.com.pl\/wp-content\/uploads\/2020\/10\/h3h3.jpg\" data-sizes=\"(max-width: 607px) 100vw, 607px\" \/><\/p>\n<p><strong><br \/>\nSHIPPING:<\/strong><\/p>\n<p>- free shipping nationwide<\/p>\n<p>- payment on delivery (you pay only upon receipt of the goods)<\/p>\n<p>- personal collection available<\/p>\n<p>- mattresses are delivered whole, so they are not subject to damage caused by rolling them<\/p>\n<p>&nbsp;<\/p>\n<p>Realization of delivery is carried out by a private carrier, so we guarantee that the goods will be delivered without any damage during transport.<br \/>\nNote: the driver is not obliged to bring the goods into the house\/apartment!<\/p>","protected":false},"excerpt":{"rendered":"<p>Materac River Premium to model zbudowany z formatki kieszeniowej multipocket 7 stref. Posiada on w swojej strukturze oko\u0142o 510 spr\u0119\u017cyn na m2, co zapewnia doskona\u0142e dopasowanie do sylwetki. Materac obustronnie zosta\u0142 wyposa\u017cony w warstwy z wysokiej jako\u015bci piank\u0119 termoelastyczn\u0105 memory o grubo\u015bci 2 cm. System spr\u0119\u017cyn kieszeniowych zosta\u0142 podzielony na 7 stref twardo\u015bci, kt\u00f3re poprzez [&hellip;]<\/p>\n","protected":false},"featured_media":51720,"comment_status":"closed","ping_status":"closed","template":"","meta":{"_acf_changed":false},"product_brand":[],"product_cat":[1260,1281,1282,1283,1284,1285,1280,1301,1292,1291],"product_tag":[],"class_list":{"0":"post-51306","1":"product","2":"type-product","3":"status-publish","4":"has-post-thumbnail","6":"product_cat-materace","7":"product_cat-materace-120x200","8":"product_cat-materace-140x200","9":"product_cat-materace-160x200","10":"product_cat-materace-180x200","11":"product_cat-materace-200x200","12":"product_cat-materace-90x200","13":"product_cat-materace-miekkie-h1","14":"product_cat-materace-srednio-miekkie-h2","15":"product_cat-twardosc-materaca","16":"tm-has-options","18":"first","19":"instock","20":"sale","21":"shipping-taxable","22":"purchasable","23":"product-type-simple"},"acf":[],"_links":{"self":[{"href":"https:\/\/davhonmeble.pl\/en\/wp-json\/wp\/v2\/product\/51306","targetHints":{"allow":["GET"]}}],"collection":[{"href":"https:\/\/davhonmeble.pl\/en\/wp-json\/wp\/v2\/product"}],"about":[{"href":"https:\/\/davhonmeble.pl\/en\/wp-json\/wp\/v2\/types\/product"}],"replies":[{"embeddable":true,"href":"https:\/\/davhonmeble.pl\/en\/wp-json\/wp\/v2\/comments?post=51306"}],"wp:featuredmedia":[{"embeddable":true,"href":"https:\/\/davhonmeble.pl\/en\/wp-json\/wp\/v2\/media\/51720"}],"wp:attachment":[{"href":"https:\/\/davhonmeble.pl\/en\/wp-json\/wp\/v2\/media?parent=51306"}],"wp:term":[{"taxonomy":"product_brand","embeddable":true,"href":"https:\/\/davhonmeble.pl\/en\/wp-json\/wp\/v2\/product_brand?post=51306"},{"taxonomy":"product_cat","embeddable":true,"href":"https:\/\/davhonmeble.pl\/en\/wp-json\/wp\/v2\/product_cat?post=51306"},{"taxonomy":"product_tag","embeddable":true,"href":"https:\/\/davhonmeble.pl\/en\/wp-json\/wp\/v2\/product_tag?post=51306"}],"curies":[{"name":"wp","href":"https:\/\/api.w.org\/{rel}","templated":true}]}}