{"id":51303,"date":"2026-01-17T01:17:38","date_gmt":"2026-01-16T23:17:38","guid":{"rendered":"https:\/\/davhonmeble.pl\/?post_type=product&#038;p=51303"},"modified":"2026-03-13T11:15:18","modified_gmt":"2026-03-13T10:15:18","slug":"lozko-tapicerowane-brimes-z-pojemnikiem","status":"publish","type":"product","link":"https:\/\/davhonmeble.pl\/en\/product\/lozko-tapicerowane-brimes-z-pojemnikiem\/","title":{"rendered":"BRIMES upholstered bed with a storage box"},"content":{"rendered":"<p><strong>BRIMES bed <\/strong>presents features that will allow you to place it both in a modern, minimalist, cozy, classic or austere bedroom. The bed has a simple, non-challenging form, symmetrical shapes and is not overly decorated. The beautiful headboard is given character by upholstered panels attached to it, so that we get a \u201epush up\u201d effect, as well as incredible comfort.<\/p>\n<p><strong><br \/>\nEXECUTION:<\/strong><\/p>\n<p>- liftable metal frame<\/p>\n<p>- panel headrest (1 panel is 12 cm high)<\/p>\n<p>- ability to choose the color or fabric of your dreams<\/p>\n<p>- The basic metal frame is equipped with 1000N automatic\/gas actuators and 34 wooden slats included (17 per side). There is an option to buy a RATED frame with 24 slats per side (48 slats in the whole frame), whose load capacity is higher by more than 100 kg, and the mattress itself adapts even better to the body due to the higher density of the arrangement of the spring slats<\/p>\n<p>- The bed does not include a mattress in the set. To ensure maximum sleeping comfort, we recommend choosing a suitable model from our offer:<em> <a style=\"font-weight: normal;\" href=\"https:\/\/davhonmeble.pl\/en\/product-category\/materace\/\" target=\"_blank\" rel=\"noopener\">see matching mattresses for upholstered beds<\/a><\/em><\/p>\n<p>- simple and quick assembly. Each bed and frame comes with an assembly kit and instructions<\/p>\n<p><strong><br \/>\nADDITIONAL OPTIONS<\/strong> (paid) - call and learn more:<\/p>\n<p>- option to buy a STRENGTHENED frame with 48 slats throughout the bed (the space between the spring slats in the strengthened frame is 2.5 cm, and in the basic version it is 6 cm)<\/p>\n<p>- change in the dimensions of the sides\/headboard (1 panel = 12 cm)<\/p>\n<p>- use of opening metal frame on the long side (left\/right)<\/p>\n<p><strong><br \/>\nDIMENSIONS<\/strong>:<\/p>\n<p>- overall length 214 cm<\/p>\n<p>- Overall width 98\/128\/148\/168\/188\/208 (depending on the size selected)<\/p>\n<p>- height of the headrest from the ground 90 cm<\/p>\n<p>- Height of the frame from the ground 30 cm<\/p>\n<p><strong>SHIPPING:<\/strong><\/p>\n<p>- shipping throughout the country in the amount of 160 z\u0142<\/p>\n<p>- payment on delivery (you pay only upon receipt of the goods)<\/p>\n<p>- personal collection available<\/p>\n<p>&nbsp;<\/p>\n<p>The bed is shipped in packages for self-assembly, and the assembly itself is very simple and fast. Delivery is carried out by a private carrier, thanks to which we guarantee that the bed will be delivered without any damage during transport.<br \/>\nPlease note: the driver is not required to bring furniture into the house\/apartment!<\/p>","protected":false},"excerpt":{"rendered":"<p>\u0141\u00f3\u017cko BRIMES prezentuje cechy, kt\u00f3re pozwol\u0105 umie\u015bci\u0107 je zar\u00f3wno w nowoczesnej, minimalistycznej, przytulnej, klasycznej czy surowej sypialni. \u0141\u00f3\u017cko ma prost\u0105, niewyzywaj\u0105c\u0105 form\u0119, symetryczne kszta\u0142ty i nie jest przesadnie ozdobione. Pi\u0119knemu wezg\u0142owiu charakteru nadaj\u0105 przymocowane do niego panele tapicerowane, dzi\u0119ki czemu uzyskujemy efekt &#8222;push up&#8221;, a tak\u017ce niebywa\u0142y komfort u\u017cytkowania. WYKONANIE: \u2013 podnoszony metalowy stela\u017c \u2013 [&hellip;]<\/p>\n","protected":false},"featured_media":52412,"comment_status":"closed","ping_status":"closed","template":"","meta":{"_acf_changed":false},"product_brand":[],"product_cat":[1259,1289,1276,1277,1278,1279,1290],"product_tag":[],"class_list":{"0":"post-51303","1":"product","2":"type-product","3":"status-publish","4":"has-post-thumbnail","6":"product_cat-lozka-tapicerowane","7":"product_cat-lozka-tapicerowane-120x200","8":"product_cat-lozka-tapicerowane-140x200","9":"product_cat-lozka-tapicerowane-160x200","10":"product_cat-lozka-tapicerowane-180x200","11":"product_cat-lozka-tapicerowane-200x200","12":"product_cat-lozka-tapicerowane-90x200","13":"tm-has-options","15":"first","16":"instock","17":"shipping-taxable","18":"purchasable","19":"product-type-simple"},"acf":[],"_links":{"self":[{"href":"https:\/\/davhonmeble.pl\/en\/wp-json\/wp\/v2\/product\/51303","targetHints":{"allow":["GET"]}}],"collection":[{"href":"https:\/\/davhonmeble.pl\/en\/wp-json\/wp\/v2\/product"}],"about":[{"href":"https:\/\/davhonmeble.pl\/en\/wp-json\/wp\/v2\/types\/product"}],"replies":[{"embeddable":true,"href":"https:\/\/davhonmeble.pl\/en\/wp-json\/wp\/v2\/comments?post=51303"}],"wp:featuredmedia":[{"embeddable":true,"href":"https:\/\/davhonmeble.pl\/en\/wp-json\/wp\/v2\/media\/52412"}],"wp:attachment":[{"href":"https:\/\/davhonmeble.pl\/en\/wp-json\/wp\/v2\/media?parent=51303"}],"wp:term":[{"taxonomy":"product_brand","embeddable":true,"href":"https:\/\/davhonmeble.pl\/en\/wp-json\/wp\/v2\/product_brand?post=51303"},{"taxonomy":"product_cat","embeddable":true,"href":"https:\/\/davhonmeble.pl\/en\/wp-json\/wp\/v2\/product_cat?post=51303"},{"taxonomy":"product_tag","embeddable":true,"href":"https:\/\/davhonmeble.pl\/en\/wp-json\/wp\/v2\/product_tag?post=51303"}],"curies":[{"name":"wp","href":"https:\/\/api.w.org\/{rel}","templated":true}]}}