{"id":51302,"date":"2026-01-17T01:17:38","date_gmt":"2026-01-16T23:17:38","guid":{"rendered":"https:\/\/davhonmeble.pl\/?post_type=product&#038;p=51302"},"modified":"2026-03-11T20:06:47","modified_gmt":"2026-03-11T19:06:47","slug":"lozko-tapicerowane-mars-na-metalowych-nogach","status":"publish","type":"product","link":"https:\/\/davhonmeble.pl\/en\/product\/lozko-tapicerowane-mars-na-metalowych-nogach\/","title":{"rendered":"Upholstered bed MARS on metal legs"},"content":{"rendered":"<p><strong>Mars bed<\/strong>, whose characteristic feature is a comfortable, high headrest, not only looks beautiful, but also provides high comfort during rest. Stylish vertical stitching makes the bed ideally suited to modern interiors. In addition, the 18 cm high metal legs add lightness to the bed and allow you to conveniently keep order under the furniture.<\/p>\n<p><strong><br \/>\nEXECUTION:<\/strong><\/p>\n<p>- solid frame construction based on furniture board<\/p>\n<p>- mattress frame consisting of 32 flexible slats (16 per side)<\/p>\n<p>- metal 18 cm legs<\/p>\n<p>- center strip to reinforce the structure<\/p>\n<p>- ability to choose the color or fabric of your dreams<\/p>\n<p>- The bed does not include a mattress in the set. To ensure maximum sleeping comfort, we recommend choosing a suitable model from our offer:<em> <a style=\"font-weight: normal;\" href=\"https:\/\/davhonmeble.pl\/en\/product-category\/materace\/\" target=\"_blank\" rel=\"noopener\">see matching mattresses for upholstered beds<\/a><\/em><\/p>\n<p>- simple and quick assembly. Each bed and frame comes with an assembly kit and instructions<\/p>\n<p><strong><br \/>\nDIMENSIONS:<\/strong><\/p>\n<p>- overall length 214 cm<\/p>\n<p>- Total width 148\/168\/188 cm ( depending on the selected size)<\/p>\n<p>- headrest height from the ground 105 cm<\/p>\n<p>- height of the feet 18 cm<\/p>\n<p><strong><br \/>\nSHIPPING:<\/strong><\/p>\n<p>- shipping throughout the country of 160 z\u0142<\/p>\n<p>- payment on delivery (you pay only upon receipt of the goods)<\/p>\n<p>- personal collection available<\/p>\n<p>&nbsp;<\/p>\n<p>The bed is shipped in packages for self-assembly, and the assembly itself is very simple and fast. Delivery is carried out by a private carrier, thanks to which we guarantee that the bed will be delivered without any damage during transport.<br \/>\nPlease note: the driver is not required to bring furniture into the house\/apartment!<\/p>","protected":false},"excerpt":{"rendered":"<p>\u0141\u00f3\u017cko Mars, kt\u00f3rego charakterystyczn\u0105 cech\u0105 jest wygodne, wysokie wezg\u0142owie, nie tylko pi\u0119knie si\u0119 prezentuje, ale r\u00f3wnie\u017c zapewnia wysoki komfort podczas wypoczynku. Stylowe, pionowe przeszycia sprawiaj\u0105, \u017ce \u0142\u00f3\u017cko idealnie odnajdzie si\u0119 w nowoczesnych wn\u0119trzach. Ponadto wysokie na 18 cm metalowe n\u00f3\u017cki dodadz\u0105 mu lekko\u015bci i pozwalaj\u0105 w wygodny spos\u00f3b utrzyma\u0107 porz\u0105dek pod meblem. WYKONANIE: \u2013\u00a0solidna konstrukcja [&hellip;]<\/p>\n","protected":false},"featured_media":51566,"comment_status":"closed","ping_status":"closed","template":"","meta":{"_acf_changed":false},"product_brand":[],"product_cat":[1259,1276,1277,1278],"product_tag":[],"class_list":{"0":"post-51302","1":"product","2":"type-product","3":"status-publish","4":"has-post-thumbnail","6":"product_cat-lozka-tapicerowane","7":"product_cat-lozka-tapicerowane-140x200","8":"product_cat-lozka-tapicerowane-160x200","9":"product_cat-lozka-tapicerowane-180x200","10":"tm-has-options","12":"first","13":"instock","14":"shipping-taxable","15":"purchasable","16":"product-type-simple"},"acf":[],"_links":{"self":[{"href":"https:\/\/davhonmeble.pl\/en\/wp-json\/wp\/v2\/product\/51302","targetHints":{"allow":["GET"]}}],"collection":[{"href":"https:\/\/davhonmeble.pl\/en\/wp-json\/wp\/v2\/product"}],"about":[{"href":"https:\/\/davhonmeble.pl\/en\/wp-json\/wp\/v2\/types\/product"}],"replies":[{"embeddable":true,"href":"https:\/\/davhonmeble.pl\/en\/wp-json\/wp\/v2\/comments?post=51302"}],"wp:featuredmedia":[{"embeddable":true,"href":"https:\/\/davhonmeble.pl\/en\/wp-json\/wp\/v2\/media\/51566"}],"wp:attachment":[{"href":"https:\/\/davhonmeble.pl\/en\/wp-json\/wp\/v2\/media?parent=51302"}],"wp:term":[{"taxonomy":"product_brand","embeddable":true,"href":"https:\/\/davhonmeble.pl\/en\/wp-json\/wp\/v2\/product_brand?post=51302"},{"taxonomy":"product_cat","embeddable":true,"href":"https:\/\/davhonmeble.pl\/en\/wp-json\/wp\/v2\/product_cat?post=51302"},{"taxonomy":"product_tag","embeddable":true,"href":"https:\/\/davhonmeble.pl\/en\/wp-json\/wp\/v2\/product_tag?post=51302"}],"curies":[{"name":"wp","href":"https:\/\/api.w.org\/{rel}","templated":true}]}}