{"id":51297,"date":"2026-01-17T01:17:37","date_gmt":"2026-01-16T23:17:37","guid":{"rendered":"https:\/\/davhonmeble.pl\/?post_type=product&#038;p=51297"},"modified":"2026-03-13T11:19:38","modified_gmt":"2026-03-13T10:19:38","slug":"lozko-tapicerowane-lola-na-metalowych-nogach","status":"publish","type":"product","link":"https:\/\/davhonmeble.pl\/en\/product\/lozko-tapicerowane-lola-na-metalowych-nogach\/","title":{"rendered":"LOLA upholstered bed on metal legs"},"content":{"rendered":"<p><span style=\"font-size: 12pt;\">Bed <strong>LOLA<\/strong> is first of all a comfortable and solidly made bed, and at the same time incredibly designer. This is a unique proposal that is sure to appeal to supporters of practical and stylish bedroom furnishings. Elegant soft headboard, stylish and durable fabrics and graceful golden legs will make the bed look great, while providing excellent conditions for sleep and rest.<\/span><\/p>\n<p><strong><br \/>\nEXECUTION:<\/strong><\/p>\n<p>- wooden frame of 32 or 48 slats (non-lifting)<\/p>\n<p>- metal gold legs<\/p>\n<p>- center strip to reinforce the structure<\/p>\n<p>- panel headrest<\/p>\n<p>- ability to choose the color or fabric of your dreams<\/p>\n<p>- The bed does not include a mattress in the set. To ensure maximum sleeping comfort, we recommend choosing a suitable model from our offer:<em> <a style=\"font-weight: normal;\" href=\"https:\/\/davhonmeble.pl\/en\/product-category\/materace\/\" target=\"_blank\" rel=\"noopener\">see matching mattresses for upholstered beds<\/a><\/em><\/p>\n<p>- simple and quick assembly. Each bed and frame comes with an assembly kit and instructions<\/p>\n<p><strong><br \/>\nADDITIONAL OPTIONS<\/strong> (paid) - call and learn more:<\/p>\n<p>- the option to buy a non-lifting HIGHLIGHTED frame with 24 slats on one side (48 slats in the whole frame), whose load-bearing capacity is more than 100 kg higher, and the mattress itself adapts even better to the body due to the higher density of the arrangement of the spring slats<\/p>\n<p>- change of headrest dimensions<\/p>\n<p><strong><br \/>\nDIMENSIONS:<\/strong><\/p>\n<p>- overall length 214 cm<\/p>\n<p>- Total width 98\/128\/148\/168\/188\/208 cm ( depending on the selected size)<\/p>\n<p>- height of sides 20 cm<\/p>\n<p>- height of the headrest from the ground 90 cm<\/p>\n<p>- height of the feet 13 cm<\/p>\n<p><strong><br \/>\nSHIPPING:<\/strong><\/p>\n<p>- shipping throughout the country of 160 z\u0142<\/p>\n<p>- payment on delivery (you pay only upon receipt of the goods)<\/p>\n<p>- personal collection available<\/p>\n<p>&nbsp;<\/p>\n<p>The bed is shipped in packages for self-assembly, and the assembly itself is very simple and fast. Delivery is carried out by a private carrier, thanks to which we guarantee that the bed will be delivered without any damage during transport.<br \/>\nPlease note: the driver is not required to bring furniture into the house\/apartment!<\/p>","protected":false},"excerpt":{"rendered":"<p>\u0141\u00f3\u017cko LOLA to przede wszystkim wygodne i solidnie wykonane \u0142\u00f3\u017cko, a przy tym niesamowicie designerskie. To wyj\u0105tkowa propozycja, kt\u00f3ra z pewno\u015bci\u0105 przypadnie do gustu zwolennikom praktycznych i stylowych element\u00f3w wyposa\u017cenia sypialni. Eleganckie, mi\u0119kkie wezg\u0142owie, stylowe i wytrzyma\u0142e tkaniny oraz zgrabne z\u0142ote n\u00f3\u017cki sprawi\u0105, \u017ce \u0142\u00f3\u017cko b\u0119dzie si\u0119 \u015bwietnie prezentowa\u0142o, a przy tym zapewni doskona\u0142e warunki [&hellip;]<\/p>\n","protected":false},"featured_media":51559,"comment_status":"closed","ping_status":"closed","template":"","meta":{"_acf_changed":false},"product_brand":[],"product_cat":[1259,1289,1276,1277,1278,1279,1290],"product_tag":[],"class_list":{"0":"post-51297","1":"product","2":"type-product","3":"status-publish","4":"has-post-thumbnail","6":"product_cat-lozka-tapicerowane","7":"product_cat-lozka-tapicerowane-120x200","8":"product_cat-lozka-tapicerowane-140x200","9":"product_cat-lozka-tapicerowane-160x200","10":"product_cat-lozka-tapicerowane-180x200","11":"product_cat-lozka-tapicerowane-200x200","12":"product_cat-lozka-tapicerowane-90x200","13":"product_shipping_class-standard","14":"tm-has-options","16":"first","17":"instock","18":"shipping-taxable","19":"purchasable","20":"product-type-simple"},"acf":[],"_links":{"self":[{"href":"https:\/\/davhonmeble.pl\/en\/wp-json\/wp\/v2\/product\/51297","targetHints":{"allow":["GET"]}}],"collection":[{"href":"https:\/\/davhonmeble.pl\/en\/wp-json\/wp\/v2\/product"}],"about":[{"href":"https:\/\/davhonmeble.pl\/en\/wp-json\/wp\/v2\/types\/product"}],"replies":[{"embeddable":true,"href":"https:\/\/davhonmeble.pl\/en\/wp-json\/wp\/v2\/comments?post=51297"}],"wp:featuredmedia":[{"embeddable":true,"href":"https:\/\/davhonmeble.pl\/en\/wp-json\/wp\/v2\/media\/51559"}],"wp:attachment":[{"href":"https:\/\/davhonmeble.pl\/en\/wp-json\/wp\/v2\/media?parent=51297"}],"wp:term":[{"taxonomy":"product_brand","embeddable":true,"href":"https:\/\/davhonmeble.pl\/en\/wp-json\/wp\/v2\/product_brand?post=51297"},{"taxonomy":"product_cat","embeddable":true,"href":"https:\/\/davhonmeble.pl\/en\/wp-json\/wp\/v2\/product_cat?post=51297"},{"taxonomy":"product_tag","embeddable":true,"href":"https:\/\/davhonmeble.pl\/en\/wp-json\/wp\/v2\/product_tag?post=51297"}],"curies":[{"name":"wp","href":"https:\/\/api.w.org\/{rel}","templated":true}]}}