{"id":51295,"date":"2026-01-17T01:17:37","date_gmt":"2026-01-16T23:17:37","guid":{"rendered":"https:\/\/davhonmeble.pl\/?post_type=product&#038;p=51295"},"modified":"2026-03-11T20:10:14","modified_gmt":"2026-03-11T19:10:14","slug":"lozko-tapicerowane-leo-z-pojemnikiem","status":"publish","type":"product","link":"https:\/\/davhonmeble.pl\/en\/product\/lozko-tapicerowane-leo-z-pojemnikiem\/","title":{"rendered":"Upholstered bed LEO with a container"},"content":{"rendered":"<p><strong>LEO bed <\/strong>is an exceptional piece of bedroom furniture distinguished by exceptional comfort and sublime design. Simple, but sophisticated form, with a rich character juxtaposed with the texture of velvet upholstery in a noble color, creates a bed with extraordinary possibilities of use and arrangement.<\/p>\n<p><strong><br \/>\nEXECUTION:<\/strong><\/p>\n<p>- bed head quilted with crystals<\/p>\n<p>- bed structure made of wood and particle board<\/p>\n<p>- Lifting wooden frame 32-layer equipped with springs for easy lifting<\/p>\n<p>- ability to choose the color or fabric of your dreams<\/p>\n<p>- bedding container made of furniture board<\/p>\n<p>- The bed does not include a mattress in the set. To ensure maximum sleeping comfort, we recommend choosing a suitable model from our offer:<em> <a style=\"font-weight: normal;\" href=\"https:\/\/davhonmeble.pl\/en\/product-category\/materace\/\" target=\"_blank\" rel=\"noopener\">see matching mattresses for upholstered beds<\/a><\/em><\/p>\n<p>- simple and quick assembly. Each bed and frame comes with an assembly kit and instructions<\/p>\n<p><strong><br \/>\nADDITIONAL OPTIONS<\/strong> (paid):<\/p>\n<p>- it is possible to buy a STRENGTHENED frame with 48 slats throughout the bed (the space between the spring slats in the strengthened frame is 2.5 cm, and in the basic version it is 6 cm)<\/p>\n<p>- possibility to raise the headrest<\/p>\n<p><strong><br \/>\nDIMENSIONS<\/strong>:<\/p>\n<p>- total length 218 cm<\/p>\n<p>- Total width 135\/155\/175\/195\/215 ( depending on the selected size)<\/p>\n<p>- height of the headrest from the ground 100 cm<\/p>\n<p>- Height of the frame from the ground 35 cm<\/p>\n<p><strong><br \/>\nSHIPPING:<\/strong><\/p>\n<p>- shipping throughout the country in the amount of 160 z\u0142<\/p>\n<p>- payment on delivery (you pay only upon receipt of the goods)<\/p>\n<p>- personal collection available<\/p>\n<p>&nbsp;<\/p>\n<p>The bed is shipped in packages for self-assembly, and the assembly itself is very simple and fast. Delivery is carried out by a private carrier, thanks to which we guarantee that the bed will be delivered without any damage during transport.<br \/>\nPlease note: the driver is not required to bring furniture into the house\/apartment!<\/p>","protected":false},"excerpt":{"rendered":"<p>\u0141\u00f3\u017cko LEO to wyj\u0105tkowy mebel sypialniany wyr\u00f3\u017cniaj\u0105cy si\u0119 wyj\u0105tkowym komfortem i wysublimowanym designem. Prosta, lecz wysmakowana forma, o bogatym charakterze zestawiona z faktur\u0105 welwetowej tapicerki w szlachetnym kolorze, tworzy \u0142\u00f3\u017cko o niezwyk\u0142ych mo\u017cliwo\u015bciach u\u017cytkowych i aran\u017cacyjnych. WYKONANIE: \u2013 wezg\u0142owie \u0142\u00f3\u017cka pikowane kryszta\u0142kami \u2013 konstrukcja \u0142\u00f3\u017cka wykonana z drewna i p\u0142yty wi\u00f3rowej \u2013 podnoszony drewniany stela\u017c [&hellip;]<\/p>\n","protected":false},"featured_media":51553,"comment_status":"closed","ping_status":"closed","template":"","meta":{"_acf_changed":false},"product_brand":[],"product_cat":[1259,1289,1276,1277,1278,1279],"product_tag":[],"class_list":{"0":"post-51295","1":"product","2":"type-product","3":"status-publish","4":"has-post-thumbnail","6":"product_cat-lozka-tapicerowane","7":"product_cat-lozka-tapicerowane-120x200","8":"product_cat-lozka-tapicerowane-140x200","9":"product_cat-lozka-tapicerowane-160x200","10":"product_cat-lozka-tapicerowane-180x200","11":"product_cat-lozka-tapicerowane-200x200","12":"tm-has-options","14":"first","15":"instock","16":"shipping-taxable","17":"purchasable","18":"product-type-simple"},"acf":[],"_links":{"self":[{"href":"https:\/\/davhonmeble.pl\/en\/wp-json\/wp\/v2\/product\/51295","targetHints":{"allow":["GET"]}}],"collection":[{"href":"https:\/\/davhonmeble.pl\/en\/wp-json\/wp\/v2\/product"}],"about":[{"href":"https:\/\/davhonmeble.pl\/en\/wp-json\/wp\/v2\/types\/product"}],"replies":[{"embeddable":true,"href":"https:\/\/davhonmeble.pl\/en\/wp-json\/wp\/v2\/comments?post=51295"}],"wp:featuredmedia":[{"embeddable":true,"href":"https:\/\/davhonmeble.pl\/en\/wp-json\/wp\/v2\/media\/51553"}],"wp:attachment":[{"href":"https:\/\/davhonmeble.pl\/en\/wp-json\/wp\/v2\/media?parent=51295"}],"wp:term":[{"taxonomy":"product_brand","embeddable":true,"href":"https:\/\/davhonmeble.pl\/en\/wp-json\/wp\/v2\/product_brand?post=51295"},{"taxonomy":"product_cat","embeddable":true,"href":"https:\/\/davhonmeble.pl\/en\/wp-json\/wp\/v2\/product_cat?post=51295"},{"taxonomy":"product_tag","embeddable":true,"href":"https:\/\/davhonmeble.pl\/en\/wp-json\/wp\/v2\/product_tag?post=51295"}],"curies":[{"name":"wp","href":"https:\/\/api.w.org\/{rel}","templated":true}]}}