{"id":51289,"date":"2026-01-17T01:17:37","date_gmt":"2026-01-16T23:17:37","guid":{"rendered":"https:\/\/davhonmeble.pl\/?post_type=product&#038;p=51289"},"modified":"2026-04-19T19:26:53","modified_gmt":"2026-04-19T18:26:53","slug":"fotel-ergo","status":"publish","type":"product","link":"https:\/\/davhonmeble.pl\/en\/product\/fotel-ergo\/","title":{"rendered":"ERGO Armchair"},"content":{"rendered":"<div class=\"_1voj4 _z9prt _1xzdi _ai5yc _5d6n2 _15lj1\">\n<div class=\"_2d49e_5pK0q\">\n<p>The compact size makes <b>ERGO <\/b>will fit anywhere, and the whole thing looks extremely light, while providing a comfortable place for a seated person. The upholstery made of durable fabric and the natural wood frame ensure adequate stability and easy cleaning. The sofa exudes retro charm and will fit perfectly into vintage, modern or Scandinavian style interior designs.<\/p>\n<p><strong><br \/>\nPRODUCT FEATURES:<\/strong><\/p>\n<p>- nice to the touch fabric<\/p>\n<p>- wooden legs<\/p>\n<p>- solid workmanship<\/p>\n<p>- very comfortable design<\/p>\n<p>- back upholstered with the same material<\/p>\n<p>- corrugated spring on the seat<\/p>\n<p><strong><br \/>\nDIMENSIONS:<\/strong><\/p>\n<p>- total width: 73 cm<\/p>\n<p>- total height: 70 cm<\/p>\n<p>- total depth: 57 cm<\/p>\n<p>- seat width: 42 cm<\/p>\n<p>- seat depth: 42 cm<\/p>\n<p>- Height of the feet: 21cm<\/p>\n<p><strong><br \/>\nSHIPPING:<\/strong><\/p>\n<p>- nationwide shipping of 90 PLN<\/p>\n<p>- payment on delivery (you pay only upon receipt of the goods)<\/p>\n<p>- personal collection available<\/p>\n<p>&nbsp;<\/p>\n<p>The sofa is shipped whole, the only parts to be screwed are the wooden legs. Delivery is carried out by a private carrier, thanks to which we guarantee that the sofa will be delivered without any damage during transport.<br \/>\nPlease note: the driver is not required to bring furniture into the house\/apartment!<\/p>\n<\/div>\n<\/div>","protected":false},"excerpt":{"rendered":"<p>Kompaktowy rozmiar sprawia, \u017ce ERGO zmie\u015bci si\u0119 wsz\u0119dzie, a ca\u0142o\u015b\u0107 prezentuje si\u0119 niezwykle lekko, zapewniaj\u0105c przy tym komfortowe miejsce dla siedz\u0105cej osoby. Obicie z wytrzyma\u0142ej tkaniny i rama z drewna naturalnego zapewniaj\u0105 odpowiedni\u0105 stabilno\u015b\u0107 i \u0142atwo\u015b\u0107 czyszczenia. Sofa emanuje urokiem retro i doskonale wpasuje si\u0119 w aran\u017cacje wn\u0119trz w stylu vintage, nowoczesnym czy skandynawskim. CECHY [&hellip;]<\/p>\n","protected":false},"featured_media":52684,"comment_status":"closed","ping_status":"closed","template":"","meta":{"_acf_changed":false},"product_brand":[],"product_cat":[1270,1257],"product_tag":[1303],"class_list":{"0":"post-51289","1":"product","2":"type-product","3":"status-publish","4":"has-post-thumbnail","6":"product_cat-fotele","7":"product_cat-narozniki-sofy-i-fotele","8":"product_tag-davhon","9":"tm-has-options","11":"first","12":"instock","13":"sale","14":"shipping-taxable","15":"purchasable","16":"product-type-simple"},"acf":[],"_links":{"self":[{"href":"https:\/\/davhonmeble.pl\/en\/wp-json\/wp\/v2\/product\/51289","targetHints":{"allow":["GET"]}}],"collection":[{"href":"https:\/\/davhonmeble.pl\/en\/wp-json\/wp\/v2\/product"}],"about":[{"href":"https:\/\/davhonmeble.pl\/en\/wp-json\/wp\/v2\/types\/product"}],"replies":[{"embeddable":true,"href":"https:\/\/davhonmeble.pl\/en\/wp-json\/wp\/v2\/comments?post=51289"}],"wp:featuredmedia":[{"embeddable":true,"href":"https:\/\/davhonmeble.pl\/en\/wp-json\/wp\/v2\/media\/52684"}],"wp:attachment":[{"href":"https:\/\/davhonmeble.pl\/en\/wp-json\/wp\/v2\/media?parent=51289"}],"wp:term":[{"taxonomy":"product_brand","embeddable":true,"href":"https:\/\/davhonmeble.pl\/en\/wp-json\/wp\/v2\/product_brand?post=51289"},{"taxonomy":"product_cat","embeddable":true,"href":"https:\/\/davhonmeble.pl\/en\/wp-json\/wp\/v2\/product_cat?post=51289"},{"taxonomy":"product_tag","embeddable":true,"href":"https:\/\/davhonmeble.pl\/en\/wp-json\/wp\/v2\/product_tag?post=51289"}],"curies":[{"name":"wp","href":"https:\/\/api.w.org\/{rel}","templated":true}]}}