{"id":51287,"date":"2026-01-17T01:17:36","date_gmt":"2026-01-16T23:17:36","guid":{"rendered":"https:\/\/davhonmeble.pl\/?post_type=product&#038;p=51287"},"modified":"2026-03-13T11:21:10","modified_gmt":"2026-03-13T10:21:10","slug":"lozko-tapicerowane-kleo-z-pojemnikiem","status":"publish","type":"product","link":"https:\/\/davhonmeble.pl\/en\/product\/lozko-tapicerowane-kleo-z-pojemnikiem\/","title":{"rendered":"Upholstered bed KLEO with a container"},"content":{"rendered":"<p>Bed <b>KLEO <\/b>has a headrest in the most fashionable form - panel, which makes it a model on which, you can not be indifferent. This is a proposal created for lovers of modern design, who appreciate comfort at home. The whole bed is made of solid materials that will ensure its usefulness for decades.<\/p>\n<p><strong><br \/>\nEXECUTION:<\/strong><\/p>\n<p>- liftable metal frame<\/p>\n<p>- panel headrest<\/p>\n<p>- ability to choose the color or fabric of your dreams<\/p>\n<p>- The basic metal frame is equipped with 1000N automatic\/gas actuators and 34 wooden slats included (17 per side). There is an option to buy a RATED frame with 24 slats per side (48 slats in the whole frame), whose load capacity is higher by more than 100 kg, and the mattress itself adapts even better to the body due to the higher density of the arrangement of the spring slats<\/p>\n<p>- The bed does not include a mattress in the set. To ensure maximum sleeping comfort, we recommend choosing a suitable model from our offer:<em> <a style=\"font-weight: normal;\" href=\"https:\/\/davhonmeble.pl\/en\/product-category\/materace\/\" target=\"_blank\" rel=\"noopener\">see matching mattresses for upholstered beds<\/a><\/em><\/p>\n<p>- simple and quick assembly. Each bed and frame comes with an assembly kit and instructions<\/p>\n<p><strong><br \/>\nADDITIONAL OPTIONS<\/strong> (paid) - call and learn more:<\/p>\n<p>- option to buy a STRENGTHENED frame with 48 slats throughout the bed (the space between the spring slats in the strengthened frame is 2.5 cm, and in the basic version it is 6 cm)<\/p>\n<p>- change in the dimensions of the sides\/headboard (1 panel = 25 cm)<\/p>\n<p>- use of opening metal frame on the long side (left\/right)<\/p>\n<p><strong><br \/>\nDIMENSIONS<\/strong>:<\/p>\n<p>- overall length 214 cm<\/p>\n<p>- Overall width 98\/128\/148\/168\/188\/208 (depending on the size selected)<\/p>\n<p>- height of the headrest from the ground 90 cm<\/p>\n<p>- Height of the frame from the ground 30 cm<\/p>\n<p><strong><br \/>\nSHIPPING:<\/strong><\/p>\n<p>- shipping throughout the country in the amount of 160 z\u0142<\/p>\n<p>- payment on delivery (you pay only upon receipt of the goods)<\/p>\n<p>- personal collection available<\/p>\n<p>&nbsp;<\/p>\n<p>The bed is shipped in packages for self-assembly, and the assembly itself is very simple and fast. Delivery is carried out by a private carrier, thanks to which we guarantee that the bed will be delivered without any damage during transport.<br \/>\nPlease note: the driver is not required to bring furniture into the house\/apartment!<\/p>","protected":false},"excerpt":{"rendered":"<p>\u0141\u00f3\u017cko KLEO posiada wezg\u0142owie w najmodniejszej formie &#8211; panelowej, co sprawia, \u017ce to model na kt\u00f3ry, nie mo\u017cna by\u0107 oboj\u0119tnym. To propozycja stworzona do mi\u0142o\u015bnik\u00f3w nowoczesnego designu, kt\u00f3rzy ceni\u0105 wygod\u0119 w domowym zaciszu. Ca\u0142o\u015b\u0107 \u0142\u00f3\u017cka zosta\u0142a wykonana z solidnych materia\u0142\u00f3w, kt\u00f3re zapewni\u0105 jego u\u017cyteczno\u015b\u0107 na dekady. WYKONANIE: \u2013 podnoszony metalowy stela\u017c \u2013 panelowe wezg\u0142owie \u2013 [&hellip;]<\/p>\n","protected":false},"featured_media":51540,"comment_status":"closed","ping_status":"closed","template":"","meta":{"_acf_changed":false},"product_brand":[],"product_cat":[1259,1289,1276,1277,1278,1279,1290],"product_tag":[],"class_list":{"0":"post-51287","1":"product","2":"type-product","3":"status-publish","4":"has-post-thumbnail","6":"product_cat-lozka-tapicerowane","7":"product_cat-lozka-tapicerowane-120x200","8":"product_cat-lozka-tapicerowane-140x200","9":"product_cat-lozka-tapicerowane-160x200","10":"product_cat-lozka-tapicerowane-180x200","11":"product_cat-lozka-tapicerowane-200x200","12":"product_cat-lozka-tapicerowane-90x200","13":"tm-has-options","15":"first","16":"instock","17":"shipping-taxable","18":"purchasable","19":"product-type-simple"},"acf":[],"_links":{"self":[{"href":"https:\/\/davhonmeble.pl\/en\/wp-json\/wp\/v2\/product\/51287","targetHints":{"allow":["GET"]}}],"collection":[{"href":"https:\/\/davhonmeble.pl\/en\/wp-json\/wp\/v2\/product"}],"about":[{"href":"https:\/\/davhonmeble.pl\/en\/wp-json\/wp\/v2\/types\/product"}],"replies":[{"embeddable":true,"href":"https:\/\/davhonmeble.pl\/en\/wp-json\/wp\/v2\/comments?post=51287"}],"wp:featuredmedia":[{"embeddable":true,"href":"https:\/\/davhonmeble.pl\/en\/wp-json\/wp\/v2\/media\/51540"}],"wp:attachment":[{"href":"https:\/\/davhonmeble.pl\/en\/wp-json\/wp\/v2\/media?parent=51287"}],"wp:term":[{"taxonomy":"product_brand","embeddable":true,"href":"https:\/\/davhonmeble.pl\/en\/wp-json\/wp\/v2\/product_brand?post=51287"},{"taxonomy":"product_cat","embeddable":true,"href":"https:\/\/davhonmeble.pl\/en\/wp-json\/wp\/v2\/product_cat?post=51287"},{"taxonomy":"product_tag","embeddable":true,"href":"https:\/\/davhonmeble.pl\/en\/wp-json\/wp\/v2\/product_tag?post=51287"}],"curies":[{"name":"wp","href":"https:\/\/api.w.org\/{rel}","templated":true}]}}