{"id":51286,"date":"2026-01-17T01:17:36","date_gmt":"2026-01-16T23:17:36","guid":{"rendered":"https:\/\/davhonmeble.pl\/?post_type=product&#038;p=51286"},"modified":"2026-03-20T20:04:20","modified_gmt":"2026-03-20T19:04:20","slug":"materac-ankara-premium","status":"publish","type":"product","link":"https:\/\/davhonmeble.pl\/en\/product\/materac-ankara-premium\/","title":{"rendered":"Ankara Premium Mattress"},"content":{"rendered":"<p style=\"text-align: left;\"><strong>Ankara Premium Mattress<\/strong> was made of first grade raw materials, including T3550 polyurethane foam with very high density, which makes it very durable. The profiled seven-zone foam makes the mattress very comfortable and gives a massage sensation, and above all, provides the best positioning of the body during sleep - maximally eliminating back problems. A mattress with seven zones of firmness is a mattress whose interior has been divided into several such \u201estages\u201d, fragments of different hardness. It is intended to serve a more ergonomic positioning of the body on the mattress.<\/p>\n<p><img fetchpriority=\"high\" decoding=\"async\" class=\"alignnone wp-image-1463\" src=\"https:\/\/srv104004.seohost.com.pl\/wp-content\/uploads\/2020\/10\/strefy_3.jpg\" alt=\"\" width=\"757\" height=\"476\" \/><\/p>\n<p><strong><br \/>\nEXECUTION:<\/strong><\/p>\n<p>\u2013 <em>T3550 PROFILED 7 ZONE 4 cm foam<\/em> - Ensures proper fit to the shape of the body. Seven-zone profiling ensures, optimal sleeping position and spinal alignment.<\/p>\n<p>\u2013 <em>coconut mat 1 cm<\/em> - raw material in 100% ecological, derived from coconut shells. It has anti-allergenic properties, excellent protection against the growth of dust mites and microorganisms, and is resilient and flexible. Mattresses with coconut fiber are durable, resistant to moisture and deformation.<\/p>\n<p>\u2013 <em>POLYURETHANE PIANO T3550 13 cm<\/em> - The core of the mattress is made of certified polyurethane foam with increased firmness and density T3550. It is one of the densest foams used on the market. This foam is specially designed for mattresses, and its porous structure ensures proper resilience and air circulation, which prevents the development of dust mites and allergens<\/p>\n<p>\u2013 <em>COVER<\/em> - Does not contain allergenic substances, made of quilted material. It has a zipper, which allows easy removal of the cover, and can be washed at up to 40st.C.<\/p>\n<p><strong><br \/>\nHARDNESS:<\/strong><\/p>\n<p>&nbsp;<\/p>\n<p><img decoding=\"async\" class=\"alignnone size-full wp-image-1468\" src=\"https:\/\/srv104004.seohost.com.pl\/wp-content\/uploads\/2020\/10\/h3h3.jpg\" alt=\"\" width=\"607\" height=\"134\" \/><\/p>\n<p><strong><br \/>\nSHIPPING:<\/strong><\/p>\n<p>- free shipping nationwide<\/p>\n<p>- payment on delivery (you pay only upon receipt of the goods)<\/p>\n<p>- personal collection available<\/p>\n<p>- mattresses are delivered whole, so they are not subject to damage caused by rolling them<\/p>\n<p>&nbsp;<\/p>\n<p>Realization of delivery is carried out by a private carrier, so we guarantee that the goods will be delivered without any damage during transport.<br \/>\nNote: the driver is not obliged to bring the goods into the house\/apartment!<\/p>","protected":false},"excerpt":{"rendered":"<p>Materac Ankara Premium zosta\u0142 wykonany z surowc\u00f3w pierwszego gatunku, m.in z pianki poliuretanowej T3550 o bardzo du\u017cej g\u0119sto\u015bci, co sprawia, \u017ce jest bardzo wytrzyma\u0142y. Profilowana pianka siedmiostrefowa sprawia, \u017ce materac jest bardzo wygodny i daje uczucie masa\u017cu, a przede wszystkim zapewnia najlepsze u\u0142o\u017cenie cia\u0142a podczas snu &#8211; maksymalnie eliminuj\u0105c problemy z kr\u0119gos\u0142upem. Materac o siedmiu [&hellip;]<\/p>\n","protected":false},"featured_media":51700,"comment_status":"closed","ping_status":"closed","template":"","meta":{"_acf_changed":false},"product_brand":[],"product_cat":[1260,1281,1282,1283,1284,1285,1280,1293,1291],"product_tag":[],"class_list":{"0":"post-51286","1":"product","2":"type-product","3":"status-publish","4":"has-post-thumbnail","6":"product_cat-materace","7":"product_cat-materace-120x200","8":"product_cat-materace-140x200","9":"product_cat-materace-160x200","10":"product_cat-materace-180x200","11":"product_cat-materace-200x200","12":"product_cat-materace-90x200","13":"product_cat-materace-srednio-twarde-h3","14":"product_cat-twardosc-materaca","15":"tm-has-options","17":"first","18":"instock","19":"sale","20":"shipping-taxable","21":"purchasable","22":"product-type-simple"},"acf":[],"_links":{"self":[{"href":"https:\/\/davhonmeble.pl\/en\/wp-json\/wp\/v2\/product\/51286","targetHints":{"allow":["GET"]}}],"collection":[{"href":"https:\/\/davhonmeble.pl\/en\/wp-json\/wp\/v2\/product"}],"about":[{"href":"https:\/\/davhonmeble.pl\/en\/wp-json\/wp\/v2\/types\/product"}],"replies":[{"embeddable":true,"href":"https:\/\/davhonmeble.pl\/en\/wp-json\/wp\/v2\/comments?post=51286"}],"wp:featuredmedia":[{"embeddable":true,"href":"https:\/\/davhonmeble.pl\/en\/wp-json\/wp\/v2\/media\/51700"}],"wp:attachment":[{"href":"https:\/\/davhonmeble.pl\/en\/wp-json\/wp\/v2\/media?parent=51286"}],"wp:term":[{"taxonomy":"product_brand","embeddable":true,"href":"https:\/\/davhonmeble.pl\/en\/wp-json\/wp\/v2\/product_brand?post=51286"},{"taxonomy":"product_cat","embeddable":true,"href":"https:\/\/davhonmeble.pl\/en\/wp-json\/wp\/v2\/product_cat?post=51286"},{"taxonomy":"product_tag","embeddable":true,"href":"https:\/\/davhonmeble.pl\/en\/wp-json\/wp\/v2\/product_tag?post=51286"}],"curies":[{"name":"wp","href":"https:\/\/api.w.org\/{rel}","templated":true}]}}