{"id":51285,"date":"2026-01-17T01:17:36","date_gmt":"2026-01-16T23:17:36","guid":{"rendered":"https:\/\/davhonmeble.pl\/?post_type=product&#038;p=51285"},"modified":"2026-03-20T20:09:09","modified_gmt":"2026-03-20T19:09:09","slug":"materac-prada","status":"publish","type":"product","link":"https:\/\/davhonmeble.pl\/en\/product\/materac-prada\/","title":{"rendered":"Prada mattress"},"content":{"rendered":"<p>Pocket mattress <strong>PRADA<\/strong> is a perfect combination of latex and coconut layers, so we get two extreme hardnesses of the mattress. The pocket springs conform perfectly to your spine providing support while you sleep. The combination of latex and pocket springs causes the mattress to adapt perfectly to the line of your body, while supporting a healthy and anatomical position of the spine. Under the pressure applied to the surface of the mattress-it will automatically adjust to you, regardless of your weight or favorite sleeping position. This is due to the point pressure on the pocket springs and the carefully selected layers of the mattress. The core of the PRADA mattress is an insert of pocket springs. There are 272 of them in the mattress. Individually, each spring is wrapped in a pocket made of a special material that is resistant to mechanical movements. The presented mattress has a quilted hypoallergenic cover that has a zipper, allowing easy removal, which will make it easier to keep clean. Prada is a double-sided mattress, so that by paying once, you have access to two different firmnesses of the sleeping surface. This mattress has a thickness of 19 cm, it is also possible to purchase this model with a thickness of 24 cm.<\/p>\n<p><strong><br \/>\nLatex - what is it and what are its benefits?<\/strong><\/p>\n<p>Latex is a completely natural material, extracted from the rubber tree. Its health properties have been appreciated by many sectors of the economy, creating products of the highest quality. Latex has:<\/p>\n<p>- hypoallergenic properties significantly reduces the penetration and reproduction of mites, which are a source of allergy formation<\/p>\n<p>- antibacterial properties latex creates an environment that prevents the growth of bacteria<\/p>\n<p>- antifungal properties prevent the development of fungi and mold in the construction of the mattress<\/p>\n<p><strong><br \/>\nEXECUTION:<\/strong><\/p>\n<p>- fabric quilted with oatmeal and fiseline (2 cm)<\/p>\n<p>- latex foam format (2cm)<\/p>\n<p>- upholstery felt (1mm)<\/p>\n<p>- pocket springs pocket 272 springs\/m2 (12cm)<\/p>\n<p>- upholstery felt (1mm)<\/p>\n<p>- foam format (2cm)<\/p>\n<p>- coconut mat (1cm)<\/p>\n<p><strong>HARDNESS:<\/strong><\/p>\n<p>&nbsp;<\/p>\n<p><img fetchpriority=\"high\" decoding=\"async\" class=\"alignnone size-full wp-image-1434\" src=\"https:\/\/srv104004.seohost.com.pl\/wp-content\/uploads\/2020\/10\/h2-h3.jpg\" alt=\"\" width=\"607\" height=\"134\" \/><\/p>\n<p style=\"text-align: left;\"><strong><br \/>\nSHIPPING:<\/strong><\/p>\n<p>- free shipping nationwide<\/p>\n<p>- payment on delivery (you pay only upon receipt of the goods)<\/p>\n<p>- personal collection available<\/p>\n<p>- mattresses are delivered whole, so they are not subject to damage caused by rolling them<\/p>\n<p>&nbsp;<\/p>\n<p style=\"text-align: left;\">Realization of delivery is carried out by a private carrier, so we guarantee that the goods will be delivered without any damage during transport.<br \/>\nNote: the driver is not obliged to bring the goods into the house\/apartment!<\/p>","protected":false},"excerpt":{"rendered":"<p>Materac kieszeniowy PRADA to doskona\u0142e po\u0142\u0105czenie warstw lateksowej oraz kokosowej, dzi\u0119ki czemu uzyskujemy dwie skrajne twardo\u015bci materaca. Spr\u0119\u017cyny kieszeniowe idealnie dopasowuj\u0105 si\u0119 do kr\u0119gos\u0142upa stanowi\u0105c jego podparcie podczas snu. Po\u0142\u0105czenie lateksu i spr\u0119\u017cyn kieszeniowych powoduje idealne dopasowanie si\u0119 materaca do linii Twojego cia\u0142a, jednocze\u015bnie podtrzymuj\u0105c zdrow\u0105 i anatomiczn\u0105 pozycj\u0119 kr\u0119gos\u0142upa. Pod wp\u0142ywem nacisku wywieranego na [&hellip;]<\/p>\n","protected":false},"featured_media":51718,"comment_status":"closed","ping_status":"closed","template":"","meta":{"_acf_changed":false},"product_brand":[],"product_cat":[1260,1281,1282,1283,1284,1285,1280,1292,1293,1291],"product_tag":[],"class_list":{"0":"post-51285","1":"product","2":"type-product","3":"status-publish","4":"has-post-thumbnail","6":"product_cat-materace","7":"product_cat-materace-120x200","8":"product_cat-materace-140x200","9":"product_cat-materace-160x200","10":"product_cat-materace-180x200","11":"product_cat-materace-200x200","12":"product_cat-materace-90x200","13":"product_cat-materace-srednio-miekkie-h2","14":"product_cat-materace-srednio-twarde-h3","15":"product_cat-twardosc-materaca","16":"tm-has-options","18":"first","19":"instock","20":"sale","21":"shipping-taxable","22":"purchasable","23":"product-type-simple"},"acf":[],"_links":{"self":[{"href":"https:\/\/davhonmeble.pl\/en\/wp-json\/wp\/v2\/product\/51285","targetHints":{"allow":["GET"]}}],"collection":[{"href":"https:\/\/davhonmeble.pl\/en\/wp-json\/wp\/v2\/product"}],"about":[{"href":"https:\/\/davhonmeble.pl\/en\/wp-json\/wp\/v2\/types\/product"}],"replies":[{"embeddable":true,"href":"https:\/\/davhonmeble.pl\/en\/wp-json\/wp\/v2\/comments?post=51285"}],"wp:featuredmedia":[{"embeddable":true,"href":"https:\/\/davhonmeble.pl\/en\/wp-json\/wp\/v2\/media\/51718"}],"wp:attachment":[{"href":"https:\/\/davhonmeble.pl\/en\/wp-json\/wp\/v2\/media?parent=51285"}],"wp:term":[{"taxonomy":"product_brand","embeddable":true,"href":"https:\/\/davhonmeble.pl\/en\/wp-json\/wp\/v2\/product_brand?post=51285"},{"taxonomy":"product_cat","embeddable":true,"href":"https:\/\/davhonmeble.pl\/en\/wp-json\/wp\/v2\/product_cat?post=51285"},{"taxonomy":"product_tag","embeddable":true,"href":"https:\/\/davhonmeble.pl\/en\/wp-json\/wp\/v2\/product_tag?post=51285"}],"curies":[{"name":"wp","href":"https:\/\/api.w.org\/{rel}","templated":true}]}}