{"id":51283,"date":"2026-01-17T01:17:36","date_gmt":"2026-01-16T23:17:36","guid":{"rendered":"https:\/\/davhonmeble.pl\/?post_type=product&#038;p=51283"},"modified":"2026-03-20T20:08:41","modified_gmt":"2026-03-20T19:08:41","slug":"materac-nikozja","status":"publish","type":"product","link":"https:\/\/davhonmeble.pl\/en\/product\/materac-nikozja\/","title":{"rendered":"Nicosia mattress"},"content":{"rendered":"<p><strong>Nicosia<\/strong> is the most versatile mattress, and also at a mega-low price in its class. Double-sided pocket mattress eliminates upper back pain, provides comfort and healthy rest. Ideal for people who want to keep their spine in good shape. The combination of latex and pocket springs causes the mattress to conform perfectly to the lines of your body, while supporting a healthy and anatomical position of the spine The presented mattress has a quilted hypoallergenic cover with a zipper for easy removal, which will make it easy to keep clean. Nicosia is a double-sided mattress, so that by paying once, you have access to two different firmnesses of the sleeping surface. This mattress has a thickness of 20 cm, it is also possible to purchase this model with a thickness of 24 cm.<\/p>\n<p><strong><br \/>\nLatex - what is it and what are its benefits?<\/strong><\/p>\n<p>Latex is a completely natural material, extracted from the rubber tree. Its health properties have been appreciated by many sectors of the economy, creating products of the highest quality. Advantages:<\/p>\n<p>- hypoallergenic properties<\/p>\n<p>- significantly reduces the penetration and reproduction of mites, which are the source of allergy formation<\/p>\n<p>- antibacterial properties<\/p>\n<p>- latex creates an environment that prevents the growth of bacteria<\/p>\n<p>- antifungal properties<\/p>\n<p>- prevents the development of fungi and mold in the construction of the mattress<\/p>\n<p><strong><br \/>\nEXECUTION:<\/strong><\/p>\n<p>- fabric quilted with oatmeal and fiseline (2 cm)<\/p>\n<p>- thermoelastic foam (2cm)<\/p>\n<p>- latex foam format (4cm)<\/p>\n<p>- upholstery felt (1mm)<\/p>\n<p>- pocket springs pocket 272 springs\/m2 (12cm)<\/p>\n<p>- upholstery felt (1mm)<\/p>\n<p>- foam format (2cm)<\/p>\n<p><strong><br \/>\nHARDNESS:<\/strong><\/p>\n<p>&nbsp;<\/p>\n<p><img fetchpriority=\"high\" decoding=\"async\" class=\"alignnone size-full wp-image-1440\" src=\"https:\/\/srv104004.seohost.com.pl\/wp-content\/uploads\/2020\/10\/h1-h2.jpg\" alt=\"\" width=\"609\" height=\"120\" \/><\/p>\n<p><strong><br \/>\nSHIPPING:<\/strong><\/p>\n<p>- free shipping nationwide<\/p>\n<p>- payment on delivery (you pay only upon receipt of the goods)<\/p>\n<p>- personal collection available<\/p>\n<p>- mattresses are delivered whole, so they are not subject to damage caused by rolling them<\/p>\n<p>&nbsp;<\/p>\n<p>Realization of delivery is carried out by a private carrier, so we guarantee that the goods will be delivered without any damage during transport.<br \/>\nNote: the driver is not obliged to bring the goods into the house\/apartment!<\/p>","protected":false},"excerpt":{"rendered":"<p>Nikozja jest materacem najbardziej uniwersalnym, a do tego w mega niskiej cenie w swojej klasie. Dwustronny materac kieszeniowy niweluje b\u00f3le g\u00f3rnych partii kr\u0119gos\u0142upa, zapewnia komfort i zdrowy wypoczynek. Idealny dla os\u00f3b, kt\u00f3re chc\u0105 utrzyma\u0107 sw\u00f3j kr\u0119gos\u0142up w dobrej formie. Po\u0142\u0105czenie lateksu i spr\u0119\u017cyn kieszeniowych powoduje idealne dopasowanie si\u0119 materaca do linii Twojego cia\u0142a, jednocze\u015bnie podtrzymuj\u0105c [&hellip;]<\/p>\n","protected":false},"featured_media":51702,"comment_status":"closed","ping_status":"closed","template":"","meta":{"_acf_changed":false},"product_brand":[],"product_cat":[1260,1281,1282,1283,1284,1285,1280,1301,1292,1291],"product_tag":[],"class_list":{"0":"post-51283","1":"product","2":"type-product","3":"status-publish","4":"has-post-thumbnail","6":"product_cat-materace","7":"product_cat-materace-120x200","8":"product_cat-materace-140x200","9":"product_cat-materace-160x200","10":"product_cat-materace-180x200","11":"product_cat-materace-200x200","12":"product_cat-materace-90x200","13":"product_cat-materace-miekkie-h1","14":"product_cat-materace-srednio-miekkie-h2","15":"product_cat-twardosc-materaca","16":"tm-has-options","18":"first","19":"instock","20":"sale","21":"shipping-taxable","22":"purchasable","23":"product-type-simple"},"acf":[],"_links":{"self":[{"href":"https:\/\/davhonmeble.pl\/en\/wp-json\/wp\/v2\/product\/51283","targetHints":{"allow":["GET"]}}],"collection":[{"href":"https:\/\/davhonmeble.pl\/en\/wp-json\/wp\/v2\/product"}],"about":[{"href":"https:\/\/davhonmeble.pl\/en\/wp-json\/wp\/v2\/types\/product"}],"replies":[{"embeddable":true,"href":"https:\/\/davhonmeble.pl\/en\/wp-json\/wp\/v2\/comments?post=51283"}],"wp:featuredmedia":[{"embeddable":true,"href":"https:\/\/davhonmeble.pl\/en\/wp-json\/wp\/v2\/media\/51702"}],"wp:attachment":[{"href":"https:\/\/davhonmeble.pl\/en\/wp-json\/wp\/v2\/media?parent=51283"}],"wp:term":[{"taxonomy":"product_brand","embeddable":true,"href":"https:\/\/davhonmeble.pl\/en\/wp-json\/wp\/v2\/product_brand?post=51283"},{"taxonomy":"product_cat","embeddable":true,"href":"https:\/\/davhonmeble.pl\/en\/wp-json\/wp\/v2\/product_cat?post=51283"},{"taxonomy":"product_tag","embeddable":true,"href":"https:\/\/davhonmeble.pl\/en\/wp-json\/wp\/v2\/product_tag?post=51283"}],"curies":[{"name":"wp","href":"https:\/\/api.w.org\/{rel}","templated":true}]}}