{"id":51281,"date":"2026-01-17T01:17:36","date_gmt":"2026-01-16T23:17:36","guid":{"rendered":"https:\/\/davhonmeble.pl\/?post_type=product&#038;p=51281"},"modified":"2026-03-20T20:08:15","modified_gmt":"2026-03-20T19:08:15","slug":"materac-atena","status":"publish","type":"product","link":"https:\/\/davhonmeble.pl\/en\/product\/materac-atena\/","title":{"rendered":"Athena mattress"},"content":{"rendered":"<p>Mattress <strong>ATENA<\/strong> is a combination of an attractive price, good quality of the components used, and careful workmanship. The use of three key materials - polyurethane foam, thermo elastic foam and pocket springs - ensures high quality and comfortable use. Thanks to the use of VISCO thermoelastic foam, the mattress perfectly adapts to the shapes of the body under the influence of its temperature. Thermoelastic foam is also called \u201elazy foam\u201d because of its slow deformation - used in the mattress gives the effect of a pleasant \u201esinking\u201d into the surface. The presented mattress has a quilted hypoallergenic cover that has a zipper for easy removal, which will make it easier to keep clean. Atena is a double-sided mattress, so that by paying once, you have access to two different firmnesses of the sleeping surface. This mattress has a thickness of 18 cm, it is also possible to purchase this model with a thickness of 24 cm.<\/p>\n<p><strong><br \/>\nEXECUTION:<\/strong><\/p>\n<p>- fabric quilted with oatmeal and fiseline (2 cm)<\/p>\n<p>- thermoelastic foam (2cm)<\/p>\n<p>- upholstery felt (1 mm)<\/p>\n<p>- pocket springs pocket 272 springs\/m2 (12cm)<\/p>\n<p>- upholstery felt (1mm)<\/p>\n<p>- foam format (2cm)<\/p>\n<p><strong><br \/>\nHARDNESS:<\/strong><\/p>\n<p>&nbsp;<\/p>\n<p><img fetchpriority=\"high\" decoding=\"async\" class=\"alignnone size-full wp-image-1440\" src=\"https:\/\/srv104004.seohost.com.pl\/wp-content\/uploads\/2020\/10\/h1-h2.jpg\" alt=\"\" width=\"609\" height=\"120\" \/><\/p>\n<p><strong><br \/>\nSHIPPING:<\/strong><\/p>\n<p>- free shipping nationwide<\/p>\n<p>- payment on delivery (you pay only upon receipt of the goods)<\/p>\n<p>- personal collection available<\/p>\n<p>- mattresses are delivered whole, so they are not subject to damage caused by rolling them<\/p>\n<p>&nbsp;<\/p>\n<p>Realization of delivery is carried out by a private carrier, so we guarantee that the goods will be delivered without any damage during transport.<br \/>\nNote: the driver is not obliged to bring the goods into the house\/apartment!<\/p>","protected":false},"excerpt":{"rendered":"<p>Materac ATENA to po\u0142\u0105czenie atrakcyjnej ceny, dobrej jako\u015bci u\u017cytych komponent\u00f3w oraz staranno\u015bci wykonania. Wykorzystanie trzech kluczowych materia\u0142\u00f3w, jakimi jest pianka poliuretanowa, pianka termo elastyczna i spr\u0119\u017cyny kieszonkowe zapewnia wysok\u0105 jako\u015b\u0107 i wygod\u0119 u\u017cytkowania. Dzi\u0119ki zastosowaniu pianki termoelastycznej VISCO, materac idealnie dopasowuje si\u0119 do kszta\u0142t\u00f3w cia\u0142a pod wp\u0142ywem jego temperatury. Piank\u0119 termoelastyczna nazywa si\u0119 tak\u017ce \u201eleniw\u0105 [&hellip;]<\/p>\n","protected":false},"featured_media":51702,"comment_status":"closed","ping_status":"closed","template":"","meta":{"_acf_changed":false},"product_brand":[],"product_cat":[1260,1281,1282,1283,1284,1285,1280,1301,1292,1291],"product_tag":[],"class_list":{"0":"post-51281","1":"product","2":"type-product","3":"status-publish","4":"has-post-thumbnail","6":"product_cat-materace","7":"product_cat-materace-120x200","8":"product_cat-materace-140x200","9":"product_cat-materace-160x200","10":"product_cat-materace-180x200","11":"product_cat-materace-200x200","12":"product_cat-materace-90x200","13":"product_cat-materace-miekkie-h1","14":"product_cat-materace-srednio-miekkie-h2","15":"product_cat-twardosc-materaca","16":"tm-has-options","18":"first","19":"instock","20":"sale","21":"shipping-taxable","22":"purchasable","23":"product-type-simple"},"acf":[],"_links":{"self":[{"href":"https:\/\/davhonmeble.pl\/en\/wp-json\/wp\/v2\/product\/51281","targetHints":{"allow":["GET"]}}],"collection":[{"href":"https:\/\/davhonmeble.pl\/en\/wp-json\/wp\/v2\/product"}],"about":[{"href":"https:\/\/davhonmeble.pl\/en\/wp-json\/wp\/v2\/types\/product"}],"replies":[{"embeddable":true,"href":"https:\/\/davhonmeble.pl\/en\/wp-json\/wp\/v2\/comments?post=51281"}],"wp:featuredmedia":[{"embeddable":true,"href":"https:\/\/davhonmeble.pl\/en\/wp-json\/wp\/v2\/media\/51702"}],"wp:attachment":[{"href":"https:\/\/davhonmeble.pl\/en\/wp-json\/wp\/v2\/media?parent=51281"}],"wp:term":[{"taxonomy":"product_brand","embeddable":true,"href":"https:\/\/davhonmeble.pl\/en\/wp-json\/wp\/v2\/product_brand?post=51281"},{"taxonomy":"product_cat","embeddable":true,"href":"https:\/\/davhonmeble.pl\/en\/wp-json\/wp\/v2\/product_cat?post=51281"},{"taxonomy":"product_tag","embeddable":true,"href":"https:\/\/davhonmeble.pl\/en\/wp-json\/wp\/v2\/product_tag?post=51281"}],"curies":[{"name":"wp","href":"https:\/\/api.w.org\/{rel}","templated":true}]}}