{"id":51280,"date":"2026-01-17T01:17:36","date_gmt":"2026-01-16T23:17:36","guid":{"rendered":"https:\/\/davhonmeble.pl\/?post_type=product&#038;p=51280"},"modified":"2026-03-20T20:09:46","modified_gmt":"2026-03-20T19:09:46","slug":"materac-tirana","status":"publish","type":"product","link":"https:\/\/davhonmeble.pl\/en\/product\/materac-tirana\/","title":{"rendered":"Tirana mattress"},"content":{"rendered":"<p><strong>TIRANA mattress<\/strong> is a combination of an attractive price, good quality of the components used and careful workmanship. The presented mattress adapts to the shape and weight of the body, offering point displacement. The mattress has a quilted hypoallergenic cover that has a zipper, allowing easy removal for easy maintenance. This mattress has a thickness of 18 cm, it is also possible to purchase this model with a thickness of 24 cm.<\/p>\n<p><strong><br \/>\nEXECUTION:<\/strong><\/p>\n<p>- fabric quilted with oatmeal and fiseline (2 cm)<\/p>\n<p>- foam format (2cm)<\/p>\n<p>- upholstery felt (1 mm)<\/p>\n<p>- pocket springs pocket 272 springs\/m2 (12cm)<\/p>\n<p>- upholstery felt (1mm)<\/p>\n<p>- foam format (2cm)<\/p>\n<p><strong><br \/>\nHARDNESS:<\/strong><\/p>\n<p>&nbsp;<\/p>\n<p><img fetchpriority=\"high\" decoding=\"async\" class=\"alignnone size-full wp-image-1438\" src=\"https:\/\/srv104004.seohost.com.pl\/wp-content\/uploads\/2020\/10\/h2-h2.jpg\" alt=\"\" width=\"595\" height=\"131\" \/><\/p>\n<p><strong><br \/>\nSHIPPING:<\/strong><\/p>\n<p>- free shipping nationwide<\/p>\n<p>- payment on delivery (you pay only upon receipt of the goods)<\/p>\n<p>- personal collection available<\/p>\n<p>- mattresses are delivered whole, so they are not subject to damage caused by rolling them<\/p>\n<p>&nbsp;<\/p>\n<p>Realization of delivery is carried out by a private carrier, so we guarantee that the goods will be delivered without any damage during transport.<br \/>\nNote: the driver is not obliged to bring the goods into the house\/apartment!<\/p>","protected":false},"excerpt":{"rendered":"<p>Materac TIRANA to po\u0142\u0105czenie atrakcyjnej ceny, dobrej jako\u015bci u\u017cytych komponent\u00f3w oraz staranno\u015bci wykonania. Prezentowany materac dostosowuje si\u0119 do kszta\u0142tu i masy cia\u0142a oferuj\u0105c wyporno\u015b\u0107 punktow\u0105. Materac posiada pikowany pokrowiec hipoalergiczny posiadaj\u0105cy zamek b\u0142yskawiczny, umo\u017cliwiaj\u0105cy \u0142atwe zdejmowanie, kt\u00f3re u\u0142atwi utrzymanie czysto\u015bci. Materac ten posiada grubo\u015b\u0107 18 cm, istnieje r\u00f3wnie\u017c mo\u017cliwo\u015b\u0107 zakupu tego modelu o grubo\u015bci 24 [&hellip;]<\/p>\n","protected":false},"featured_media":51727,"comment_status":"closed","ping_status":"closed","template":"","meta":{"_acf_changed":false},"product_brand":[],"product_cat":[1260,1281,1282,1283,1284,1285,1280,1292,1291],"product_tag":[],"class_list":{"0":"post-51280","1":"product","2":"type-product","3":"status-publish","4":"has-post-thumbnail","6":"product_cat-materace","7":"product_cat-materace-120x200","8":"product_cat-materace-140x200","9":"product_cat-materace-160x200","10":"product_cat-materace-180x200","11":"product_cat-materace-200x200","12":"product_cat-materace-90x200","13":"product_cat-materace-srednio-miekkie-h2","14":"product_cat-twardosc-materaca","15":"tm-has-options","17":"first","18":"instock","19":"sale","20":"shipping-taxable","21":"purchasable","22":"product-type-simple"},"acf":[],"_links":{"self":[{"href":"https:\/\/davhonmeble.pl\/en\/wp-json\/wp\/v2\/product\/51280","targetHints":{"allow":["GET"]}}],"collection":[{"href":"https:\/\/davhonmeble.pl\/en\/wp-json\/wp\/v2\/product"}],"about":[{"href":"https:\/\/davhonmeble.pl\/en\/wp-json\/wp\/v2\/types\/product"}],"replies":[{"embeddable":true,"href":"https:\/\/davhonmeble.pl\/en\/wp-json\/wp\/v2\/comments?post=51280"}],"wp:featuredmedia":[{"embeddable":true,"href":"https:\/\/davhonmeble.pl\/en\/wp-json\/wp\/v2\/media\/51727"}],"wp:attachment":[{"href":"https:\/\/davhonmeble.pl\/en\/wp-json\/wp\/v2\/media?parent=51280"}],"wp:term":[{"taxonomy":"product_brand","embeddable":true,"href":"https:\/\/davhonmeble.pl\/en\/wp-json\/wp\/v2\/product_brand?post=51280"},{"taxonomy":"product_cat","embeddable":true,"href":"https:\/\/davhonmeble.pl\/en\/wp-json\/wp\/v2\/product_cat?post=51280"},{"taxonomy":"product_tag","embeddable":true,"href":"https:\/\/davhonmeble.pl\/en\/wp-json\/wp\/v2\/product_tag?post=51280"}],"curies":[{"name":"wp","href":"https:\/\/api.w.org\/{rel}","templated":true}]}}