{"id":51279,"date":"2026-01-17T01:17:36","date_gmt":"2026-01-16T23:17:36","guid":{"rendered":"https:\/\/davhonmeble.pl\/?post_type=product&#038;p=51279"},"modified":"2026-03-20T20:09:39","modified_gmt":"2026-03-20T19:09:39","slug":"materac-sofia","status":"publish","type":"product","link":"https:\/\/davhonmeble.pl\/en\/product\/materac-sofia\/","title":{"rendered":"Sofia mattress"},"content":{"rendered":"<p><strong>SOFIA mattress<\/strong> is a combination of an attractive price, good quality of the components used and careful workmanship. The use of three key materials - polyurethane foam, coconut mat and pocket springs - ensures high quality and comfortable use The presented mattress adapts to the shape and weight of the body, offering point displacement. 9 zones of springs ensure proper alignment of the spine. The presented mattress has a quilted hypoallergenic cover that has a zipper, allowing easy removal for easy maintenance. Sofia is a double-sided mattress, so that by paying once, you have access to two different firmnesses of the sleeping surface. This mattress has a thickness of 19 cm, it is also possible to purchase this model with a thickness of 24 cm.<\/p>\n<p><strong><br \/>\nEXECUTION:<\/strong><\/p>\n<p>- fabric quilted with oatmeal and fiseline (2 cm)<\/p>\n<p>- coconut mat (1cm)<\/p>\n<p>- foam format (2cm)<\/p>\n<p>- upholstery felt (1 mm)<\/p>\n<p>- pocket springs pocket 272 springs\/m2 (12cm)<\/p>\n<p>- upholstery felt (1mm)<\/p>\n<p>- foam format (2cm)<\/p>\n<p><strong><br \/>\nHARDNESS:<\/strong><\/p>\n<p>&nbsp;<\/p>\n<p><img fetchpriority=\"high\" decoding=\"async\" class=\"alignnone size-full wp-image-1423\" src=\"https:\/\/srv104004.seohost.com.pl\/wp-content\/uploads\/2020\/10\/h2-h3.jpg\" alt=\"\" width=\"607\" height=\"134\" \/><\/p>\n<p><strong><br \/>\nSHIPPING:<\/strong><\/p>\n<p>- free shipping nationwide<\/p>\n<p>- payment on delivery (you pay only upon receipt of the goods)<\/p>\n<p>- personal collection available<\/p>\n<p>- mattresses are delivered whole, so they are not subject to damage caused by rolling them<\/p>\n<p>&nbsp;<\/p>\n<p>Realization of delivery is carried out by a private carrier, so we guarantee that the goods will be delivered without any damage during transport.<br \/>\nNote: the driver is not obliged to bring the goods into the house\/apartment!<\/p>","protected":false},"excerpt":{"rendered":"<p>Materac SOFIA to po\u0142\u0105czenie atrakcyjnej ceny, dobrej jako\u015bci u\u017cytych komponent\u00f3w oraz staranno\u015bci wykonania. Wykorzystanie trzech kluczowych materia\u0142\u00f3w, jakimi jest pianka poliuretanowa, mata kokosowa i spr\u0119\u017cyny kieszonkowe zapewnia wysok\u0105 jako\u015b\u0107 i wygod\u0119 u\u017cytkowania Prezentowany materac dostosowuje si\u0119 do kszta\u0142tu i masy cia\u0142a oferuj\u0105c wyporno\u015b\u0107 punktow\u0105. 9 stref spr\u0119\u017cyn zapewnia w\u0142a\u015bciwe u\u0142o\u017cenie kr\u0119gos\u0142upa. Prezentowany materac posiada pikowany [&hellip;]<\/p>\n","protected":false},"featured_media":51725,"comment_status":"closed","ping_status":"closed","template":"","meta":{"_acf_changed":false},"product_brand":[],"product_cat":[1260,1281,1282,1283,1284,1285,1280,1292,1293,1291],"product_tag":[],"class_list":{"0":"post-51279","1":"product","2":"type-product","3":"status-publish","4":"has-post-thumbnail","6":"product_cat-materace","7":"product_cat-materace-120x200","8":"product_cat-materace-140x200","9":"product_cat-materace-160x200","10":"product_cat-materace-180x200","11":"product_cat-materace-200x200","12":"product_cat-materace-90x200","13":"product_cat-materace-srednio-miekkie-h2","14":"product_cat-materace-srednio-twarde-h3","15":"product_cat-twardosc-materaca","16":"tm-has-options","18":"first","19":"instock","20":"sale","21":"shipping-taxable","22":"purchasable","23":"product-type-simple"},"acf":[],"_links":{"self":[{"href":"https:\/\/davhonmeble.pl\/en\/wp-json\/wp\/v2\/product\/51279","targetHints":{"allow":["GET"]}}],"collection":[{"href":"https:\/\/davhonmeble.pl\/en\/wp-json\/wp\/v2\/product"}],"about":[{"href":"https:\/\/davhonmeble.pl\/en\/wp-json\/wp\/v2\/types\/product"}],"replies":[{"embeddable":true,"href":"https:\/\/davhonmeble.pl\/en\/wp-json\/wp\/v2\/comments?post=51279"}],"wp:featuredmedia":[{"embeddable":true,"href":"https:\/\/davhonmeble.pl\/en\/wp-json\/wp\/v2\/media\/51725"}],"wp:attachment":[{"href":"https:\/\/davhonmeble.pl\/en\/wp-json\/wp\/v2\/media?parent=51279"}],"wp:term":[{"taxonomy":"product_brand","embeddable":true,"href":"https:\/\/davhonmeble.pl\/en\/wp-json\/wp\/v2\/product_brand?post=51279"},{"taxonomy":"product_cat","embeddable":true,"href":"https:\/\/davhonmeble.pl\/en\/wp-json\/wp\/v2\/product_cat?post=51279"},{"taxonomy":"product_tag","embeddable":true,"href":"https:\/\/davhonmeble.pl\/en\/wp-json\/wp\/v2\/product_tag?post=51279"}],"curies":[{"name":"wp","href":"https:\/\/api.w.org\/{rel}","templated":true}]}}