{"id":51277,"date":"2026-01-17T01:17:36","date_gmt":"2026-01-16T23:17:36","guid":{"rendered":"https:\/\/davhonmeble.pl\/?post_type=product&#038;p=51277"},"modified":"2026-03-13T11:20:58","modified_gmt":"2026-03-13T10:20:58","slug":"sofa-dwuosobowa-ergo","status":"publish","type":"product","link":"https:\/\/davhonmeble.pl\/en\/product\/sofa-dwuosobowa-ergo\/","title":{"rendered":"Two-seater sofa ERGO"},"content":{"rendered":"<div class=\"_1voj4 _z9prt _1xzdi _ai5yc _5d6n2 _15lj1\">\n<div class=\"_2d49e_5pK0q\">\n<p>The compact size makes <b>ERGO <\/b>will fit anywhere, and the whole thing looks extremely light while providing comfortable seating for two. The upholstery made of durable fabric and the natural wood frame ensure adequate stability and easy cleaning. The sofa exudes retro charm and will fit perfectly into vintage, modern or Scandinavian style interior designs.<\/p>\n<p><strong><br \/>\nPRODUCT FEATURES:<\/strong><\/p>\n<p>- nice to the touch fabric<\/p>\n<p>- wooden legs<\/p>\n<p>- solid workmanship<\/p>\n<p>- very comfortable design<\/p>\n<p>- back upholstered with the same material<\/p>\n<p>- corrugated spring on the seat<\/p>\n<p><strong><br \/>\nDIMENSIONS:<\/strong><\/p>\n<p>- total width: 136 cm<\/p>\n<p>- total height: 70 cm<\/p>\n<p>- total depth: 57 cm<\/p>\n<p>- seat width: 105 cm<\/p>\n<p>- seat depth: 42 cm<\/p>\n<p>- Height of the feet: 21cm<\/p>\n<p><strong><br \/>\nSHIPPING:<\/strong><\/p>\n<p>- shipping throughout the country of 160 z\u0142<\/p>\n<p>- payment on delivery (you pay only upon receipt of the goods)<\/p>\n<p>- personal collection available<\/p>\n<p>&nbsp;<\/p>\n<p>The sofa is shipped whole, the only parts to be screwed are the wooden legs. Delivery is carried out by a private carrier, thanks to which we guarantee that the sofa will be delivered without any damage during transport.<br \/>\nPlease note: the driver is not required to bring furniture into the house\/apartment!<\/p>\n<\/div>\n<\/div>","protected":false},"excerpt":{"rendered":"<p>Kompaktowy rozmiar sprawia, \u017ce ERGO zmie\u015bci si\u0119 wsz\u0119dzie, a ca\u0142o\u015b\u0107 prezentuje si\u0119 niezwykle lekko, zapewniaj\u0105c przy tym komfortowe miejsce dla dw\u00f3ch os\u00f3b. Obicie z wytrzyma\u0142ej tkaniny i rama z drewna naturalnego zapewniaj\u0105 odpowiedni\u0105 stabilno\u015b\u0107 i \u0142atwo\u015b\u0107 czyszczenia. Sofa emanuje urokiem retro i doskonale wpasuje si\u0119 w aran\u017cacje wn\u0119trz w stylu vintage, nowoczesnym czy skandynawskim. CECHY [&hellip;]<\/p>\n","protected":false},"featured_media":52685,"comment_status":"closed","ping_status":"closed","template":"","meta":{"_acf_changed":false},"product_brand":[],"product_cat":[1257,1269],"product_tag":[],"class_list":{"0":"post-51277","1":"product","2":"type-product","3":"status-publish","4":"has-post-thumbnail","6":"product_cat-narozniki-sofy-i-fotele","7":"product_cat-sofy","8":"tm-has-options","10":"first","11":"instock","12":"sale","13":"shipping-taxable","14":"purchasable","15":"product-type-simple"},"acf":[],"_links":{"self":[{"href":"https:\/\/davhonmeble.pl\/en\/wp-json\/wp\/v2\/product\/51277","targetHints":{"allow":["GET"]}}],"collection":[{"href":"https:\/\/davhonmeble.pl\/en\/wp-json\/wp\/v2\/product"}],"about":[{"href":"https:\/\/davhonmeble.pl\/en\/wp-json\/wp\/v2\/types\/product"}],"replies":[{"embeddable":true,"href":"https:\/\/davhonmeble.pl\/en\/wp-json\/wp\/v2\/comments?post=51277"}],"wp:featuredmedia":[{"embeddable":true,"href":"https:\/\/davhonmeble.pl\/en\/wp-json\/wp\/v2\/media\/52685"}],"wp:attachment":[{"href":"https:\/\/davhonmeble.pl\/en\/wp-json\/wp\/v2\/media?parent=51277"}],"wp:term":[{"taxonomy":"product_brand","embeddable":true,"href":"https:\/\/davhonmeble.pl\/en\/wp-json\/wp\/v2\/product_brand?post=51277"},{"taxonomy":"product_cat","embeddable":true,"href":"https:\/\/davhonmeble.pl\/en\/wp-json\/wp\/v2\/product_cat?post=51277"},{"taxonomy":"product_tag","embeddable":true,"href":"https:\/\/davhonmeble.pl\/en\/wp-json\/wp\/v2\/product_tag?post=51277"}],"curies":[{"name":"wp","href":"https:\/\/api.w.org\/{rel}","templated":true}]}}