{"id":51272,"date":"2026-01-17T01:17:36","date_gmt":"2026-01-16T23:17:36","guid":{"rendered":"https:\/\/davhonmeble.pl\/?post_type=product&#038;p=51272"},"modified":"2026-03-11T20:10:51","modified_gmt":"2026-03-11T19:10:51","slug":"lozko-tapicerowane-aloa-z-pojemnikiem","status":"publish","type":"product","link":"https:\/\/davhonmeble.pl\/en\/product\/lozko-tapicerowane-aloa-z-pojemnikiem\/","title":{"rendered":"Upholstered bed ALOA with a container"},"content":{"rendered":"<p>Bed <strong>ALOA <\/strong>is a comfortable and stylish bed that fits into any bedroom. It was made of the highest quality materials ensuring durability and great attention to every detail. This model has a carefully contoured headrest, which will ensure your comfort while lounging in bed - both during your favorite reading and a movie session in front of the TV. The bed can be upholstered with the fabric and color of your choice. You are thus guaranteed to match the bed with most arrangements and easily match it with accessories and decorations. This model comes standard with a raised wooden frame equipped with springs. For your comfort, we have introduced the possibility of purchasing a metal frame together with gas actuators, which make it much easier to lift the frame together with the mattress.<\/p>\n<p><strong><br \/>\nEXECUTION:<\/strong><\/p>\n<p>- quilted bed headboard<\/p>\n<p>- bed structure made of wood and particle board<\/p>\n<p>- liftable 32 slat wooden frame equipped with four springs for easy lifting<\/p>\n<p>- ability to choose the color or fabric of your dreams<\/p>\n<p>- bedding bin with no maximum load!<\/p>\n<p>- The bed does not include a mattress in the set. To ensure maximum sleeping comfort, we recommend choosing a suitable model from our offer:<em> <a style=\"font-weight: normal;\" href=\"https:\/\/davhonmeble.pl\/en\/product-category\/materace\/\" target=\"_blank\" rel=\"noopener\">see matching mattresses for upholstered beds<\/a><\/em><\/p>\n<p>- simple and quick assembly. Each bed and frame comes with an assembly kit and instructions<\/p>\n<p><strong><br \/>\nADDITIONAL OPTIONS<\/strong> (paid) - call and learn more:<\/p>\n<p>- the possibility of using a metal frame (36 slats) with gas actuators, which greatly assist in opening and closing the bed<\/p>\n<p><strong><br \/>\nDIMENSIONS<\/strong>:<\/p>\n<p>- total length 226 cm<\/p>\n<p>- Overall width 99\/129\/149\/169\/189 ( depending on the size selected)<\/p>\n<p>- height of the headrest from the ground 99 cm<\/p>\n<p>- Height of the frame from the ground 31 cm<\/p>\n<p><strong><br \/>\nSHIPPING:<\/strong><\/p>\n<p>- shipping throughout the country in the amount of 160 z\u0142<\/p>\n<p>- payment on delivery (you pay only upon receipt of the goods)<\/p>\n<p>- personal collection available<\/p>\n<p>&nbsp;<\/p>\n<p>The bed is shipped in packages for self-assembly, and the assembly itself is very simple and fast. Delivery is carried out by a private carrier, thanks to which we guarantee that the bed will be delivered without any damage during transport.<br \/>\nPlease note: the driver is not required to bring furniture into the house\/apartment!<\/p>","protected":false},"excerpt":{"rendered":"<p>\u0141\u00f3\u017cko ALOA to wygodne i stylowe \u0142\u00f3\u017cko pasuj\u0105ce do ka\u017cdej sypialni. Wykonane zosta\u0142o z najwy\u017cszej jako\u015bci materia\u0142\u00f3w zapewniaj\u0105cych trwa\u0142o\u015b\u0107 i wielk\u0105 dba\u0142o\u015bci\u0105 o ka\u017cdy szczeg\u00f3\u0142y. Model ten posiada starannie wyprofilowane wezg\u0142owie, kt\u00f3re zapewni Ci wygod\u0119 podczas wypoczynku w \u0142\u00f3\u017cku &#8211; zar\u00f3wno podczas ulubionej lektury jak i seansu filmowego przed telewizorem. \u0141\u00f3\u017cko mo\u017ce zosta\u0107 obite tkanin\u0105 [&hellip;]<\/p>\n","protected":false},"featured_media":49534,"comment_status":"closed","ping_status":"closed","template":"","meta":{"_acf_changed":false},"product_brand":[],"product_cat":[1259,1289,1276,1277,1278,1290],"product_tag":[],"class_list":{"0":"post-51272","1":"product","2":"type-product","3":"status-publish","4":"has-post-thumbnail","6":"product_cat-lozka-tapicerowane","7":"product_cat-lozka-tapicerowane-120x200","8":"product_cat-lozka-tapicerowane-140x200","9":"product_cat-lozka-tapicerowane-160x200","10":"product_cat-lozka-tapicerowane-180x200","11":"product_cat-lozka-tapicerowane-90x200","12":"tm-has-options","14":"first","15":"instock","16":"shipping-taxable","17":"purchasable","18":"product-type-simple"},"acf":[],"_links":{"self":[{"href":"https:\/\/davhonmeble.pl\/en\/wp-json\/wp\/v2\/product\/51272","targetHints":{"allow":["GET"]}}],"collection":[{"href":"https:\/\/davhonmeble.pl\/en\/wp-json\/wp\/v2\/product"}],"about":[{"href":"https:\/\/davhonmeble.pl\/en\/wp-json\/wp\/v2\/types\/product"}],"replies":[{"embeddable":true,"href":"https:\/\/davhonmeble.pl\/en\/wp-json\/wp\/v2\/comments?post=51272"}],"wp:featuredmedia":[{"embeddable":true,"href":"https:\/\/davhonmeble.pl\/en\/wp-json\/wp\/v2\/media\/49534"}],"wp:attachment":[{"href":"https:\/\/davhonmeble.pl\/en\/wp-json\/wp\/v2\/media?parent=51272"}],"wp:term":[{"taxonomy":"product_brand","embeddable":true,"href":"https:\/\/davhonmeble.pl\/en\/wp-json\/wp\/v2\/product_brand?post=51272"},{"taxonomy":"product_cat","embeddable":true,"href":"https:\/\/davhonmeble.pl\/en\/wp-json\/wp\/v2\/product_cat?post=51272"},{"taxonomy":"product_tag","embeddable":true,"href":"https:\/\/davhonmeble.pl\/en\/wp-json\/wp\/v2\/product_tag?post=51272"}],"curies":[{"name":"wp","href":"https:\/\/api.w.org\/{rel}","templated":true}]}}