{"id":53537,"date":"2026-04-20T03:10:34","date_gmt":"2026-04-20T02:10:34","guid":{"rendered":"https:\/\/davhonmeble.pl\/?post_type=product&#038;p=53537"},"modified":"2026-04-20T09:47:52","modified_gmt":"2026-04-20T08:47:52","slug":"lozko-tapicerowane-140x200-meyn-z-pojemnikiem","status":"publish","type":"product","link":"https:\/\/davhonmeble.pl\/de\/produkt\/lozko-tapicerowane-140x200-meyn-z-pojemnikiem\/","title":{"rendered":"\u0141\u00f3\u017cko tapicerowane 140&#215;200 MEYN z pojemnikiem"},"content":{"rendered":"<h2>\u0141\u00f3\u017cko tapicerowane 140&#215;200 MEYN z pojemnikiem<\/h2>\n<p>Entdecken Sie modernes Design und au\u00dfergew\u00f6hnlichen Komfort mit unserem Polsterbett <strong>MEYN<\/strong>. Das elegante Design mit den schlanken vertikalen Paneelen, die in den Rahmen eingelassen sind, passt perfekt zu einer Vielzahl von Interieurs, von klassisch bis modern. Mit einer gro\u00dfen Auswahl an Stofffarben und -strukturen k\u00f6nnen Sie das Bett ganz nach Ihrem Geschmack und Ihrer Einrichtung gestalten. Funktionalit\u00e4t ist ein Schl\u00fcsselelement dieses Modells - das Bett ist mit einem ger\u00e4umigen Bettzeugkasten ausgestattet, der Ihnen zus\u00e4tzlichen Stauraum bietet.<\/p>\n<p>W\u00e4hlen Sie das Polsterbett MEYN und bestellen Sie das passende Modell f\u00fcr Ihr Schlafzimmer - direkt beim Hersteller DAVHON.<\/p>\n<p><strong><\/p>\n<p>\u0141\u00f3\u017cko tapicerowane 140&#215;200 MEYN &#8211; solidne wykonanie:<\/strong>.<\/p>\n<p>- Kopfteil des Bettes aus gepolsterten Paneelen, die in einen Rahmen eingesetzt sind<\/p>\n<p>- Bettkonstruktion aus Holz und M\u00f6belplatte<\/p>\n<p>- anhebbarer Holzrahmen mit 32 Latten, ausgestattet mit vier Federn, um das Anheben zu erleichtern<\/p>\n<p>- die M\u00f6glichkeit, die Farbe oder den Stoff Ihrer Tr\u00e4ume zu w\u00e4hlen<\/p>\n<p>- Streubeh\u00e4lter ohne H\u00f6chstlast!<\/p>\n<p>- Das Bett ist ohne Matratze im Set enthalten. F\u00fcr maximalen Schlafkomfort empfehlen wir, ein passendes Modell aus unserem Sortiment zu w\u00e4hlen:<em> <a style=\"font-weight: normal;\" href=\"https:\/\/davhonmeble.pl\/de\/produkt-kategorie\/materace\/\" target=\"_blank\" rel=\"noopener\">siehe passende 140\u00d7200 Matratzen f\u00fcr Polsterbetten<\/a><\/em><\/p>\n<p>- einfache und schnelle Montage. Jedes Bett und jeder Rahmen wird mit einem Montagesatz und einer Anleitung geliefert<\/p>\n<p><strong><\/p>\n<p>Zus\u00e4tzliche Optionen<\/strong>. (kostenpflichtig) - rufen Sie an und erfahren Sie mehr:<\/p>\n<p>- die M\u00f6glichkeit der Verwendung eines Metallrahmens (36 Lattenroste) mit Gasflaschen, die das \u00d6ffnen und Schlie\u00dfen des Bettes erheblich erleichtern<\/p>\n<p>- \u00c4nderung der Gr\u00f6\u00dfe des Kopfteils<\/p>\n<p><strong><\/p>\n<p>Abmessungen des Bettes:<\/strong>.<\/p>\n<p>- Gesamtl\u00e4nge 214 cm<\/p>\n<p>- Gesamtbreite 90\/129\/149\/169\/189 (je nach gew\u00e4hlter Gr\u00f6\u00dfe)<\/p>\n<p>- H\u00f6he der Kopfst\u00fctze \u00fcber dem Boden 89 cm<\/p>\n<p>- H\u00f6he des Rahmens vom Boden 31 cm<\/p>\n<p><strong><\/p>\n<p>Versand und Erf\u00fcllung:<\/strong>.<\/p>\n<p>- landesweiter Versand in H\u00f6he von 160 PLN<\/p>\n<p>- Nachnahme (Zahlung erst bei Erhalt der Ware)<\/p>\n<p>- pers\u00f6nliche Abholung m\u00f6glich<\/p>\n<p>&nbsp;<\/p>\n<p>Das Bett 140\u00d7200 wird in Paketen zur Selbstmontage versandt und die Montage selbst ist sehr einfach und schnell. Die Lieferung erfolgt durch eine private Spedition, wodurch wir garantieren, dass das Bett ohne Transportsch\u00e4den geliefert wird.<\/p>\n<p>Bitte beachten Sie: Der Fahrer ist nicht verpflichtet, die M\u00f6bel in das Haus\/die Wohnung zu bringen!<\/p>","protected":false},"excerpt":{"rendered":"<p>\u0141\u00f3\u017cko tapicerowane 140&#215;200 MEYN \u2013 eleganckie i solidne \u0142\u00f3\u017cko z pojemnikiem na po\u015bciel.<\/p>\n<p>Produkt polskiego producenta DAVHON Meble.<\/p>\n<p>Mo\u017cliwo\u015b\u0107 wyboru wymiaru oraz tkaniny.<\/p>","protected":false},"featured_media":51573,"comment_status":"open","ping_status":"closed","template":"","meta":{"_acf_changed":false},"product_brand":[],"product_cat":[1276],"product_tag":[],"class_list":{"0":"post-53537","1":"product","2":"type-product","3":"status-publish","4":"has-post-thumbnail","6":"product_cat-lozka-tapicerowane-140x200","7":"tm-has-options","9":"first","10":"instock","11":"shipping-taxable","12":"purchasable","13":"product-type-simple"},"acf":[],"_links":{"self":[{"href":"https:\/\/davhonmeble.pl\/de\/wp-json\/wp\/v2\/product\/53537","targetHints":{"allow":["GET"]}}],"collection":[{"href":"https:\/\/davhonmeble.pl\/de\/wp-json\/wp\/v2\/product"}],"about":[{"href":"https:\/\/davhonmeble.pl\/de\/wp-json\/wp\/v2\/types\/product"}],"replies":[{"embeddable":true,"href":"https:\/\/davhonmeble.pl\/de\/wp-json\/wp\/v2\/comments?post=53537"}],"wp:featuredmedia":[{"embeddable":true,"href":"https:\/\/davhonmeble.pl\/de\/wp-json\/wp\/v2\/media\/51573"}],"wp:attachment":[{"href":"https:\/\/davhonmeble.pl\/de\/wp-json\/wp\/v2\/media?parent=53537"}],"wp:term":[{"taxonomy":"product_brand","embeddable":true,"href":"https:\/\/davhonmeble.pl\/de\/wp-json\/wp\/v2\/product_brand?post=53537"},{"taxonomy":"product_cat","embeddable":true,"href":"https:\/\/davhonmeble.pl\/de\/wp-json\/wp\/v2\/product_cat?post=53537"},{"taxonomy":"product_tag","embeddable":true,"href":"https:\/\/davhonmeble.pl\/de\/wp-json\/wp\/v2\/product_tag?post=53537"}],"curies":[{"name":"wp","href":"https:\/\/api.w.org\/{rel}","templated":true}]}}