{"id":53534,"date":"2026-04-20T03:10:34","date_gmt":"2026-04-20T02:10:34","guid":{"rendered":"https:\/\/davhonmeble.pl\/?post_type=product&#038;p=53534"},"modified":"2026-04-20T09:47:52","modified_gmt":"2026-04-20T08:47:52","slug":"lozko-tapicerowane-200x200-fox-z-pojemnikiem","status":"publish","type":"product","link":"https:\/\/davhonmeble.pl\/de\/produkt\/lozko-tapicerowane-200x200-fox-z-pojemnikiem\/","title":{"rendered":"\u0141\u00f3\u017cko tapicerowane 200&#215;200 FOX z pojemnikiem"},"content":{"rendered":"<h2>\u0141\u00f3\u017cko tapicerowane 200&#215;200 FOX z pojemnikiem<\/h2>\n<p> <strong>\u0141\u00f3\u017cko 200&#215;200 FOX <\/strong>- modern, elegant und stilvoll - so l\u00e4sst sich dieses Modell in drei Worten beschreiben. Es ist die ideale Wahl f\u00fcr alle, die Wert auf Schlafkomfort und Innenraum\u00e4sthetik legen. Das breite Kopfteil und die Seiten, die die Matratze umgeben, kombiniert mit Cord- oder Boucle-Stoff verleihen der gesamten Struktur Eleganz und Charakter und machen das Bett FOX nicht nur zu einem Ort zum Schlafen, sondern auch zu einer geschmackvollen Dekoration Ihres Schlafzimmers. Dieses Modell ist mit einem Gasdruckzylinder\/automatisch anhebbaren Metallrahmen mit einem Bettkasten ausgestattet.<\/p>\n<p><strong><\/p>\n<p>AUSF\u00dcHRUNG:<\/strong>.<\/p>\n<p>- Hebeb\u00fchne aus Metall, ausgestattet mit Gasautomaten (Gasflaschen)<\/p>\n<p>- Streubeh\u00e4lter (keine H\u00f6chstlast!)<\/p>\n<p>- die M\u00f6glichkeit, die Farbe oder den Stoff Ihrer Tr\u00e4ume zu w\u00e4hlen<\/p>\n<p>- Der Basis-Metallrahmen ist mit 1000N Automatik-\/Gasantrieben und 34 Holzlatten im Set (17 pro Seite) ausgestattet. Es besteht die M\u00f6glichkeit, einen HEAVY-Rahmen mit 24 Latten auf einer Seite (48 Latten im gesamten Rahmen) zu kaufen, dessen Tragf\u00e4higkeit um \u00fcber 100 kg h\u00f6her ist und dessen Matratze sich durch eine h\u00f6here Dichte der Federleisten noch besser an den K\u00f6rper anpasst.<\/p>\n<p>- Das Bett ist ohne Matratze im Set enthalten. F\u00fcr maximalen Schlafkomfort empfehlen wir, ein passendes Modell aus unserem Sortiment zu w\u00e4hlen:<em> <a style=\"font-weight: normal;\" href=\"https:\/\/davhonmeble.pl\/de\/produkt-kategorie\/materace\/\" target=\"_blank\" rel=\"noopener\">siehe passende 200\u00d7200 Matratzen f\u00fcr Polsterbetten<\/a><\/em><\/p>\n<p>- einfache und schnelle Montage. Jedes Bett und jeder Rahmen wird mit einem Montagesatz und einer Anleitung geliefert<\/p>\n<p><strong><\/p>\n<p>ZUS\u00c4TZLICHE OPTIONEN<\/strong>. (kostenpflichtig) - rufen Sie an und erfahren Sie mehr:<\/p>\n<p>- Option zum Kauf eines REINFORCED-Rahmens mit 48 Latten im gesamten Bett (der Abstand zwischen den Federleisten betr\u00e4gt beim verst\u00e4rkten Rahmen 2,5 cm, w\u00e4hrend er bei der Basisversion 6 cm betr\u00e4gt)<\/p>\n<p>- Ver\u00e4nderung der Seiten-\/Kopffreiheitsma\u00dfe<\/p>\n<p>- Verwendung eines aufklappbaren Metallrahmens an der L\u00e4ngsseite (links\/rechts)<\/p>\n<p><strong><\/p>\n<p>ABMESSUNGEN<\/strong>.:<\/p>\n<p>- Gesamtl\u00e4nge 232 cm<\/p>\n<p>- Gesamtbreite 122\/152\/172\/192\/212\/232 (je nach gew\u00e4hlter Gr\u00f6\u00dfe)<\/p>\n<p>- H\u00f6he der Kopfst\u00fctze \u00fcber dem Boden 90 cm<\/p>\n<p>- H\u00f6he des Rahmens vom Boden 30 cm<\/p>\n<p><strong><\/p>\n<p>VERSAND:<\/strong>.<\/p>\n<p>- landesweiter Versand in H\u00f6he von 160 PLN<\/p>\n<p>- Nachnahme (Zahlung erst bei Erhalt der Ware)<\/p>\n<p>- pers\u00f6nliche Abholung m\u00f6glich<\/p>\n<p>&nbsp;<\/p>\n<p>Das Bett 200\u00d7200 wird in Paketen zur Selbstmontage versandt und die Montage selbst ist sehr einfach und schnell. Die Lieferung erfolgt durch eine private Spedition, wodurch wir garantieren, dass das Bett ohne Transportsch\u00e4den geliefert wird.<\/p>\n<p>Bitte beachten Sie: Der Fahrer ist nicht verpflichtet, die M\u00f6bel in das Haus\/die Wohnung zu bringen!<\/p>","protected":false},"excerpt":{"rendered":"<p>\u0141\u00f3\u017cko tapicerowane 200&#215;200 FOX z pojemnikiem \u0141\u00f3\u017cko 200&#215;200 FOX &#8211; nowoczesne, eleganckie i stylowe \u2013 tak w trzech s\u0142owach mo\u017cna opisa\u0107 ten model. To idealny wyb\u00f3r dla tych, kt\u00f3rzy ceni\u0105 sobie komfort snu i estetyk\u0119 wn\u0119trz. Szerokie wezg\u0142owie oraz boki, kt\u00f3re okalaj\u0105 materac, w po\u0142\u0105czeniu z tkanin\u0105 sztruksow\u0105 lub boucle dodaj\u0105 elegancji i charakteru ca\u0142ej [&hellip;]<\/p>\n","protected":false},"featured_media":51476,"comment_status":"open","ping_status":"closed","template":"","meta":{"_acf_changed":false},"product_brand":[],"product_cat":[1279],"product_tag":[],"class_list":{"0":"post-53534","1":"product","2":"type-product","3":"status-publish","4":"has-post-thumbnail","6":"product_cat-lozka-tapicerowane-200x200","7":"tm-has-options","9":"first","10":"instock","11":"shipping-taxable","12":"purchasable","13":"product-type-simple"},"acf":[],"_links":{"self":[{"href":"https:\/\/davhonmeble.pl\/de\/wp-json\/wp\/v2\/product\/53534","targetHints":{"allow":["GET"]}}],"collection":[{"href":"https:\/\/davhonmeble.pl\/de\/wp-json\/wp\/v2\/product"}],"about":[{"href":"https:\/\/davhonmeble.pl\/de\/wp-json\/wp\/v2\/types\/product"}],"replies":[{"embeddable":true,"href":"https:\/\/davhonmeble.pl\/de\/wp-json\/wp\/v2\/comments?post=53534"}],"wp:featuredmedia":[{"embeddable":true,"href":"https:\/\/davhonmeble.pl\/de\/wp-json\/wp\/v2\/media\/51476"}],"wp:attachment":[{"href":"https:\/\/davhonmeble.pl\/de\/wp-json\/wp\/v2\/media?parent=53534"}],"wp:term":[{"taxonomy":"product_brand","embeddable":true,"href":"https:\/\/davhonmeble.pl\/de\/wp-json\/wp\/v2\/product_brand?post=53534"},{"taxonomy":"product_cat","embeddable":true,"href":"https:\/\/davhonmeble.pl\/de\/wp-json\/wp\/v2\/product_cat?post=53534"},{"taxonomy":"product_tag","embeddable":true,"href":"https:\/\/davhonmeble.pl\/de\/wp-json\/wp\/v2\/product_tag?post=53534"}],"curies":[{"name":"wp","href":"https:\/\/api.w.org\/{rel}","templated":true}]}}