{"id":53523,"date":"2026-04-20T03:10:34","date_gmt":"2026-04-20T02:10:34","guid":{"rendered":"https:\/\/davhonmeble.pl\/?post_type=product&#038;p=53523"},"modified":"2026-04-20T09:47:51","modified_gmt":"2026-04-20T08:47:51","slug":"lozko-tapicerowane-90x200-mobi-z-pojemnikiem-i-zaokraglonym-zaglowkiem","status":"publish","type":"product","link":"https:\/\/davhonmeble.pl\/de\/produkt\/lozko-tapicerowane-90x200-mobi-z-pojemnikiem-i-zaokraglonym-zaglowkiem\/","title":{"rendered":"Polsterbett 90\u00d7200 MOBI mit einem Container und abgerundetem Kopfteil"},"content":{"rendered":"<h2>Polsterbett 90\u00d7200 MOBI mit einem Container und abgerundetem Kopfteil<\/h2>\n<p>Polsterbett 90\u00d7200 mit abgerundetem Kopfteil <strong>MOBI <\/strong>ist eine Kombination aus klassischem und modernem Design. Dieses Modell zeichnet sich durch ein glattes, abgerundetes Kopfteil aus, das jedem Interieur einen raffinierten Charme verleiht. Dar\u00fcber hinaus bietet es nicht nur ein \u00e4sthetisch ansprechendes Aussehen, sondern auch Komfort beim Ausruhen. Es ist die perfekte Unterst\u00fctzung f\u00fcr einen gesunden und erholsamen Schlaf.<\/p>\n<p><strong><\/p>\n<p>Polsterbett 90\u00d7200 MOBI - solide Verarbeitung:<\/strong>.<\/p>\n<p>- abgerundete Kopfst\u00fctze<\/p>\n<p>- Bettkonstruktion aus Holz und M\u00f6belplatte<\/p>\n<p>- Hebeb\u00fchne aus Metall, ausgestattet mit Gasautomaten (Gasflaschen)<\/p>\n<p>- die M\u00f6glichkeit, die Farbe oder den Stoff Ihrer Tr\u00e4ume zu w\u00e4hlen<\/p>\n<p>- Streubeh\u00e4lter ohne H\u00f6chstlast!<\/p>\n<p>- Das Bett ist ohne Matratze im Set enthalten. F\u00fcr maximalen Schlafkomfort empfehlen wir, ein passendes Modell aus unserem Sortiment zu w\u00e4hlen:<em> <a style=\"font-weight: normal;\" href=\"https:\/\/davhonmeble.pl\/de\/produkt-kategorie\/materace\/\" target=\"_blank\" rel=\"noopener\">siehe passende Matratzen 90\u00d7200 f\u00fcr Polsterbetten<\/a><\/em><\/p>\n<p>- einfache und schnelle Montage. Jedes Bett und jeder Rahmen wird mit einem Montagesatz und einer Anleitung geliefert<\/p>\n<p><strong><\/p>\n<p>Zus\u00e4tzliche Optionen <\/strong>.(kostenpflichtig) - rufen Sie an und erfahren Sie mehr:<\/p>\n<p>- REINFORCED-Rahmen mit 48 Latten im gesamten Bett (der Abstand zwischen den Federleisten betr\u00e4gt beim verst\u00e4rkten Rahmen 2,5 cm, bei der Basisversion 6 cm)<\/p>\n<p>- Ver\u00e4nderung der Seiten-\/Kopffreiheitsma\u00dfe<\/p>\n<p>- Verwendung eines aufklappbaren Metallrahmens an der L\u00e4ngsseite (links\/rechts)<\/p>\n<p><strong><\/p>\n<p>Polsterbett Abmessungen 90x200go<\/strong>.:<\/p>\n<p>- Gesamtl\u00e4nge 216 cm<\/p>\n<p>- Gesamtbreite 98\/128\/148\/168\/188\/208 (je nach gew\u00e4hlter Gr\u00f6\u00dfe)<\/p>\n<p>- H\u00f6he der Kopfst\u00fctze \u00fcber dem Boden 90 cm<\/p>\n<p>- H\u00f6he des Rahmens vom Boden 30 cm<\/p>\n<p><strong><\/p>\n<p>Versand und Erf\u00fcllung:<\/strong>.<\/p>\n<p>- landesweiter Versand in H\u00f6he von 160 PLN<\/p>\n<p>- Nachnahme (Zahlung erst bei Erhalt der Ware)<\/p>\n<p>- pers\u00f6nliche Abholung m\u00f6glich<\/p>\n<p>&nbsp;<\/p>\n<p>Das Bett 90\u00d7200 wird in Paketen zur Selbstmontage versandt und die Montage selbst ist sehr einfach und schnell. Die Lieferung erfolgt durch eine private Spedition, wodurch wir garantieren, dass das Bett ohne Transportsch\u00e4den geliefert wird.<\/p>\n<p>Bitte beachten Sie: Der Fahrer ist nicht verpflichtet, die M\u00f6bel in das Haus\/die Wohnung zu bringen!<\/p>","protected":false},"excerpt":{"rendered":"<p>\u0141\u00f3\u017cko tapicerowane 90&#215;200 MOBI z modnym, zaokr\u0105glonym zag\u0142\u00f3wkiem. Pojemnik na po\u015bciel, solidna konstrukcja i mo\u017cliwo\u015b\u0107 wyboru koloru. Idealne do nowoczesnej sypialni.<\/p>\n<h2 data-start=\"138\" data-end=\"212\"><strong data-start=\"141\" data-end=\"212\">Warum ein Polsterbett mit einem abgerundeten Kopfteil w\u00e4hlen?<\/strong><\/h2>\n<p data-start=\"214\" data-end=\"593\">\u0141\u00f3\u017cko tapicerowane 90&#215;200 z zaokr\u0105glonym zag\u0142\u00f3wkiem to jeden z najbardziej po\u017c\u0105danych trend\u00f3w we wsp\u00f3\u0142czesnych sypialniach. Mi\u0119kkie, ob\u0142e linie sprawiaj\u0105, \u017ce wn\u0119trze staje si\u0119 bardziej przytulne, eleganckie i harmonijne. W przeciwie\u0144stwie do ostrych, geometrycznych form, zaokr\u0105glony zag\u0142\u00f3wek wprowadza do sypialni spok\u00f3j i wizualn\u0105 lekko\u015b\u0107, co bezpo\u015brednio wp\u0142ywa na jako\u015b\u0107 wypoczynku.<\/p>\n<p data-start=\"595\" data-end=\"887\">Modell <strong data-start=\"601\" data-end=\"609\">MOBI<\/strong> ist ein modernes Polsterbett mit einem abgerundeten Kopfteil, das Stil, Komfort und Funktionalit\u00e4t vereint. Das sanft geschwungene Kopfteil sieht nicht nur schick aus, sondern st\u00fctzt auch bequem den R\u00fccken beim Lesen, Fernsehen oder beim Morgenkaffee im Bett.<\/p>\n<hr data-start=\"889\" data-end=\"892\" \/>\n<h2 data-start=\"894\" data-end=\"951\"><strong data-start=\"897\" data-end=\"951\">Modernes Polsterbett f\u00fcr ein stilvolles Schlafzimmer<\/strong><\/h2>\n<p data-start=\"953\" data-end=\"1188\">\u0141\u00f3\u017cko tapicerowane 90&#215;200 z zaokr\u0105glonym zag\u0142\u00f3wkiem MOBI doskonale pasuje do wn\u0119trz nowoczesnych, skandynawskich, minimalistycznych oraz glamour. Dzi\u0119ki zaokr\u0105glonym liniom mebel prezentuje si\u0119 elegancko i lekko, nawet w wi\u0119kszych rozmiarach.<\/p>\n<p data-start=\"1190\" data-end=\"1446\">Mit einer Auswahl an Farben und Stoffen l\u00e4sst sich das MOBI-Bett leicht an Ihr Schlafzimmer anpassen - von hellen, subtilen Farben bis hin zu knackigen und tiefen T\u00f6nen. Es ist ideal f\u00fcr alle, die eine koh\u00e4rente und moderne Inneneinrichtung schaffen wollen.<\/p>\n<hr data-start=\"1448\" data-end=\"1451\" \/>\n<h2 data-start=\"1453\" data-end=\"1493\"><strong data-start=\"1456\" data-end=\"1493\">Schlafkomfort und robuste Konstruktion<\/strong><\/h2>\n<p data-start=\"1495\" data-end=\"1802\">Model MOBI to nie tylko pi\u0119kny wygl\u0105d, ale r\u00f3wnie\u017c trwa\u0142o\u015b\u0107 i komfort u\u017cytkowania. Konstrukcja wykonana z drewna i p\u0142yty meblowej zapewnia stabilno\u015b\u0107 i d\u0142ugowieczno\u015b\u0107. \u0141\u00f3\u017cko 90&#215;200 wyposa\u017cone jest w metalowy stela\u017c z automatami gazowymi, kt\u00f3ry umo\u017cliwia \u0142atwe podnoszenie materaca i dost\u0119p do pojemnika na po\u015bciel.<\/p>\n<p data-start=\"1804\" data-end=\"2024\">\u0141\u00f3\u017cko tapicerowane 90&#215;200 z zaokr\u0105glonym zag\u0142\u00f3wkiem MOBI gwarantuje odpowiednie podparcie materaca, co przek\u0142ada si\u0119 na zdrowy i komfortowy sen. To idealny wyb\u00f3r dla os\u00f3b, kt\u00f3re ceni\u0105 wysok\u0105 jako\u015b\u0107 wykonania i codzienn\u0105 wygod\u0119.<\/p>\n<hr data-start=\"2026\" data-end=\"2029\" \/>\n<h2 data-start=\"2031\" data-end=\"2070\"><strong data-start=\"2034\" data-end=\"2070\">Funktionaler Streubeh\u00e4lter<\/strong><\/h2>\n<p data-start=\"2072\" data-end=\"2331\">Der eingebaute Bettzeugkasten macht das MOBI-Polsterbett mit abgerundetem Kopfteil \u00e4u\u00dferst praktisch. Darin k\u00f6nnen Sie Bettdecken, Kissen, Tagesdecken oder saisonale Textilien aufbewahren. Das spart Platz im Kleiderschrank und sorgt f\u00fcr Ordnung im Schlafzimmer.<\/p>\n<p data-start=\"2333\" data-end=\"2459\">Diese L\u00f6sung wird besonders von denjenigen gesch\u00e4tzt, die in kleineren R\u00e4umen leben, wo jeder Zentimeter Platz z\u00e4hlt.<\/p>\n<hr data-start=\"2461\" data-end=\"2464\" \/>\n<h2 data-start=\"2466\" data-end=\"2499\"><strong data-start=\"2469\" data-end=\"2499\">Sicherheit und Ergonomie<\/strong><\/h2>\n<p data-start=\"2501\" data-end=\"2786\">Das abgerundete Kopfteil ist nicht nur ein modisches Detail, sondern auch ein Plus an Sicherheit - das Fehlen von scharfen Kanten minimiert das Risiko von St\u00f6\u00dfen, was besonders in Haushalten mit Kindern wichtig ist. Durch die weiche Polsterung f\u00fchlt sich das Bett angenehm an und bietet mehr Komfort f\u00fcr den t\u00e4glichen Gebrauch.<\/p>\n<hr data-start=\"2788\" data-end=\"2791\" \/>\n<h2 data-start=\"2793\" data-end=\"2837\"><strong data-start=\"2796\" data-end=\"2837\">Warum ist das MOBI-Bett eine gute Wahl?<\/strong><\/h2>\n<p data-start=\"2839\" data-end=\"2911\">Wenn Sie sich f\u00fcr ein Polsterbett mit einem abgerundeten MOBI-Kopfteil entscheiden, gewinnen Sie:<\/p>\n<ul data-start=\"2912\" data-end=\"3076\">\n<li data-start=\"2912\" data-end=\"2941\">\n<p data-start=\"2914\" data-end=\"2941\">modernes und modisches Design<\/p>\n<\/li>\n<li data-start=\"2942\" data-end=\"2971\">\n<p data-start=\"2944\" data-end=\"2971\">hoher Ruhekomfort<\/p>\n<\/li>\n<li data-start=\"2972\" data-end=\"2995\">\n<p data-start=\"2974\" data-end=\"2995\">robuste Bauweise<\/p>\n<\/li>\n<li data-start=\"2996\" data-end=\"3030\">\n<p data-start=\"2998\" data-end=\"3030\">praktischer Bettzeugbeh\u00e4lter<\/p>\n<\/li>\n<li data-start=\"3031\" data-end=\"3076\">\n<p data-start=\"3033\" data-end=\"3076\">Farbe und Stoff individuell gestaltbar<\/p>\n<\/li>\n<\/ul>\n<p data-start=\"3078\" data-end=\"3166\">Ein Bett, das zum Mittelpunkt Ihres Schlafzimmers wird und jahrelang f\u00fcr Komfort sorgen wird.<\/p>\n<hr data-start=\"3168\" data-end=\"3171\" \/>\n<h2 data-start=\"3173\" data-end=\"3247\"><strong data-start=\"3176\" data-end=\"3247\">\u0141\u00f3\u017cko tapicerowane 90&#215;200 z zaokr\u0105glonym zag\u0142\u00f3wkiem \u2013 trend, kt\u00f3ry zostaje<\/strong><\/h2>\n<p data-start=\"3249\" data-end=\"3474\">Zaokr\u0105glone formy to jeden z najsilniejszych trend\u00f3w we wsp\u00f3\u0142czesnym designie wn\u0119trz. \u0141\u00f3\u017cko tapicerowane 90&#215;200 z zaokr\u0105glonym zag\u0142\u00f3wkiem MOBI idealnie wpisuje si\u0119 w ten nurt, oferuj\u0105c po\u0142\u0105czenie elegancji, wygody i funkcjonalno\u015bci.<\/p>\n<p data-start=\"3476\" data-end=\"3622\">Wenn Sie auf der Suche nach einem Bett sind, das sowohl stilvoll als auch praktisch ist - das <strong data-start=\"3546\" data-end=\"3580\">MOBI mit abgerundeter Kopfst\u00fctze<\/strong> ist eine Wahl, die Ihre Erwartungen erf\u00fcllen wird.<\/p>","protected":false},"featured_media":51590,"comment_status":"open","ping_status":"closed","template":"","meta":{"_acf_changed":false},"product_brand":[],"product_cat":[1290],"product_tag":[],"class_list":{"0":"post-53523","1":"product","2":"type-product","3":"status-publish","4":"has-post-thumbnail","6":"product_cat-lozka-tapicerowane-90x200","7":"tm-has-options","9":"first","10":"instock","11":"shipping-taxable","12":"purchasable","13":"product-type-simple"},"acf":[],"_links":{"self":[{"href":"https:\/\/davhonmeble.pl\/de\/wp-json\/wp\/v2\/product\/53523","targetHints":{"allow":["GET"]}}],"collection":[{"href":"https:\/\/davhonmeble.pl\/de\/wp-json\/wp\/v2\/product"}],"about":[{"href":"https:\/\/davhonmeble.pl\/de\/wp-json\/wp\/v2\/types\/product"}],"replies":[{"embeddable":true,"href":"https:\/\/davhonmeble.pl\/de\/wp-json\/wp\/v2\/comments?post=53523"}],"wp:featuredmedia":[{"embeddable":true,"href":"https:\/\/davhonmeble.pl\/de\/wp-json\/wp\/v2\/media\/51590"}],"wp:attachment":[{"href":"https:\/\/davhonmeble.pl\/de\/wp-json\/wp\/v2\/media?parent=53523"}],"wp:term":[{"taxonomy":"product_brand","embeddable":true,"href":"https:\/\/davhonmeble.pl\/de\/wp-json\/wp\/v2\/product_brand?post=53523"},{"taxonomy":"product_cat","embeddable":true,"href":"https:\/\/davhonmeble.pl\/de\/wp-json\/wp\/v2\/product_cat?post=53523"},{"taxonomy":"product_tag","embeddable":true,"href":"https:\/\/davhonmeble.pl\/de\/wp-json\/wp\/v2\/product_tag?post=53523"}],"curies":[{"name":"wp","href":"https:\/\/api.w.org\/{rel}","templated":true}]}}