{"id":53507,"date":"2026-04-20T03:10:30","date_gmt":"2026-04-20T02:10:30","guid":{"rendered":"https:\/\/davhonmeble.pl\/?post_type=product&#038;p=53507"},"modified":"2026-04-20T09:47:51","modified_gmt":"2026-04-20T08:47:51","slug":"lozko-tapicerowane-90x200-farro-z-pojemnikiem","status":"publish","type":"product","link":"https:\/\/davhonmeble.pl\/de\/produkt\/lozko-tapicerowane-90x200-farro-z-pojemnikiem\/","title":{"rendered":"Polsterbett 90\u00d7200 FARRO mit Staukasten"},"content":{"rendered":"<h2>Polsterbett 90\u00d7200 FARRO mit Staukasten<\/h2>\n<p> Bett 90\u00d7200 <strong>FARRO<\/strong> ist ein Design, das f\u00fcr diejenigen geschaffen wurde, die Klassiker und einfache, aber wirkungsvolle Formen in Verbindung mit hoher Produktqualit\u00e4t sch\u00e4tzen. Trotz seiner einfachen Form ist FARRO mit einer Kopfst\u00fctze ausgestattet, die aus vertikalen gepolsterten Paneelen besteht, die den R\u00fccken weich und bequem st\u00fctzen. Ein weiterer Vorteil ist die gro\u00dfe Auswahl an Stoffen und Farben f\u00fcr die Polsterung des Gestells und der Kopfst\u00fctze. Die von uns zur Verf\u00fcgung gestellten Stoffarten treffen sicher auch den Geschmack der anspruchsvollsten Kunden.<\/p>\n<p><strong><\/p>\n<p>AUSF\u00dcHRUNG:<\/strong>.<\/p>\n<p>- Metallerh\u00f6hung mit automatischen Gaskolben (Gasflaschen) + M\u00f6belplatte<\/p>\n<p>- Streubeh\u00e4lter (keine H\u00f6chstlast!)<\/p>\n<p>- die M\u00f6glichkeit, die Farbe oder den Stoff Ihrer Tr\u00e4ume zu w\u00e4hlen<\/p>\n<p>- Der Basis-Metallrahmen ist mit 1000N Automatik-\/Gasantrieben und 34 Holzlatten im Set (17 pro Seite) ausgestattet. Es besteht die M\u00f6glichkeit, einen HEAVY-Rahmen mit 24 Latten auf einer Seite (48 Latten im gesamten Rahmen) zu kaufen, dessen Tragf\u00e4higkeit um \u00fcber 100 kg h\u00f6her ist und dessen Matratze sich durch eine h\u00f6here Dichte der Federleisten noch besser an den K\u00f6rper anpasst.<\/p>\n<p>- Das Bett ist ohne Matratze im Set enthalten. F\u00fcr maximalen Schlafkomfort empfehlen wir, ein passendes Modell aus unserem Sortiment zu w\u00e4hlen:<em> <a style=\"font-weight: normal;\" href=\"https:\/\/davhonmeble.pl\/de\/produkt-kategorie\/materace\/\" target=\"_blank\" rel=\"noopener\">siehe passende Matratzen 90\u00d7200 f\u00fcr Polsterbetten<\/a><\/em><\/p>\n<p>- einfache und schnelle Montage. Jedes Bett und jeder Rahmen wird mit einem Montagesatz und einer Anleitung geliefert<\/p>\n<p><strong><\/p>\n<p>ZUS\u00c4TZLICHE OPTIONEN<\/strong>. (kostenpflichtig) - rufen Sie an und erfahren Sie mehr:<\/p>\n<p>- Option zum Kauf eines REINFORCED-Rahmens mit 48 Latten im gesamten Bett (der Abstand zwischen den Federleisten betr\u00e4gt beim verst\u00e4rkten Rahmen 2,5 cm, w\u00e4hrend er bei der Basisversion 6 cm betr\u00e4gt)<\/p>\n<p>- Ver\u00e4nderung der Seiten-\/Kopffreiheitsma\u00dfe<\/p>\n<p>- Verwendung eines aufklappbaren Metallrahmens an der L\u00e4ngsseite (links\/rechts)<\/p>\n<p><strong><\/p>\n<p>ABMESSUNGEN<\/strong>.:<\/p>\n<p>- Gesamtl\u00e4nge 214 cm<\/p>\n<p>- Gesamtbreite 98\/128\/148\/168\/188\/208 (je nach gew\u00e4hlter Gr\u00f6\u00dfe)<\/p>\n<p>- H\u00f6he der Kopfst\u00fctze \u00fcber dem Boden 90 cm<\/p>\n<p>- H\u00f6he des Rahmens vom Boden 30 cm<\/p>\n<p><strong><\/p>\n<p>VERSAND:<\/strong>.<\/p>\n<p>- landesweiter Versand in H\u00f6he von 160 PLN<\/p>\n<p>- Nachnahme (Zahlung erst bei Erhalt der Ware)<\/p>\n<p>- pers\u00f6nliche Abholung m\u00f6glich<\/p>\n<p>&nbsp;<\/p>\n<p>Das Bett 90\u00d7200 wird in Paketen zur Selbstmontage versandt und die Montage selbst ist sehr einfach und schnell. Die Lieferung erfolgt durch eine private Spedition, wodurch wir garantieren, dass das Bett ohne Transportsch\u00e4den geliefert wird.<\/p>\n<p>Bitte beachten Sie: Der Fahrer ist nicht verpflichtet, die M\u00f6bel in das Haus\/die Wohnung zu bringen!<\/p>","protected":false},"excerpt":{"rendered":"<p>\u0141\u00f3\u017cko tapicerowane 90&#215;200 FARRO z pojemnikiem \u0141\u00f3\u017cko 90&#215;200 FARRO to projekt stworzony dla os\u00f3b, kt\u00f3re ceni\u0105 klasyk\u0119 oraz proste, ale efektowne kszta\u0142ty wraz z wysok\u0105 jako\u015bci\u0105 produktu. FARRO pomimo prostej formy, wyposa\u017cone jest w wezg\u0142owie sk\u0142adaj\u0105ce si\u0119 z pionowych paneli tapicerowanych, kt\u00f3re zapewniaj\u0105 mi\u0119kkie i wygodne podparcie dla plec\u00f3w. Dodatkowym atutem jest spory wyb\u00f3r tkanin [&hellip;]<\/p>\n","protected":false},"featured_media":52311,"comment_status":"open","ping_status":"closed","template":"","meta":{"_acf_changed":false},"product_brand":[],"product_cat":[1290],"product_tag":[],"class_list":{"0":"post-53507","1":"product","2":"type-product","3":"status-publish","4":"has-post-thumbnail","6":"product_cat-lozka-tapicerowane-90x200","7":"tm-has-options","9":"first","10":"instock","11":"shipping-taxable","12":"purchasable","13":"product-type-simple"},"acf":[],"_links":{"self":[{"href":"https:\/\/davhonmeble.pl\/de\/wp-json\/wp\/v2\/product\/53507","targetHints":{"allow":["GET"]}}],"collection":[{"href":"https:\/\/davhonmeble.pl\/de\/wp-json\/wp\/v2\/product"}],"about":[{"href":"https:\/\/davhonmeble.pl\/de\/wp-json\/wp\/v2\/types\/product"}],"replies":[{"embeddable":true,"href":"https:\/\/davhonmeble.pl\/de\/wp-json\/wp\/v2\/comments?post=53507"}],"wp:featuredmedia":[{"embeddable":true,"href":"https:\/\/davhonmeble.pl\/de\/wp-json\/wp\/v2\/media\/52311"}],"wp:attachment":[{"href":"https:\/\/davhonmeble.pl\/de\/wp-json\/wp\/v2\/media?parent=53507"}],"wp:term":[{"taxonomy":"product_brand","embeddable":true,"href":"https:\/\/davhonmeble.pl\/de\/wp-json\/wp\/v2\/product_brand?post=53507"},{"taxonomy":"product_cat","embeddable":true,"href":"https:\/\/davhonmeble.pl\/de\/wp-json\/wp\/v2\/product_cat?post=53507"},{"taxonomy":"product_tag","embeddable":true,"href":"https:\/\/davhonmeble.pl\/de\/wp-json\/wp\/v2\/product_tag?post=53507"}],"curies":[{"name":"wp","href":"https:\/\/api.w.org\/{rel}","templated":true}]}}