{"id":53505,"date":"2026-04-20T03:10:30","date_gmt":"2026-04-20T02:10:30","guid":{"rendered":"https:\/\/davhonmeble.pl\/?post_type=product&#038;p=53505"},"modified":"2026-04-20T09:47:51","modified_gmt":"2026-04-20T08:47:51","slug":"lozko-tapicerowane-160x200-stelvio-z-pojemnikiem","status":"publish","type":"product","link":"https:\/\/davhonmeble.pl\/de\/produkt\/lozko-tapicerowane-160x200-stelvio-z-pojemnikiem\/","title":{"rendered":"Polsterbett 160\u00d7200 STELVIO mit Staukasten"},"content":{"rendered":"<h2>Polsterbett 160\u00d7200 STELVIO mit Staukasten<\/h2>\n<p> <span style=\"font-family: Roboto;\"><strong>Bett 160\u00d7200 STELVIO<\/strong> wurde f\u00fcr alle geschaffen, die Wert auf eine elegante und makellose Schlafzimmereinrichtung legen. Das Hauptunterscheidungsmerkmal des Bettes ist das gepolsterte, konvex gerahmte Polsterpaneel, das Ihren Raum pr\u00e4chtig dekorieren wird. Dieses einzigartige Modell wird auch die Bed\u00fcrfnisse der anspruchsvollsten Benutzer befriedigen und gleichzeitig den Ort, an dem Sie sich ausruhen, auf subtile Weise schm\u00fccken. <\/span>Eine Version dieses Produkts ist mit einem Bettzeugbeh\u00e4lter ausgestattet.<\/p>\n<p><strong><\/p>\n<p>AUSF\u00dcHRUNG:<\/strong>.<\/p>\n<p>- Bettkopfteil mit gepolstertem Paneel<\/p>\n<p>- Bettkonstruktion aus Holz und M\u00f6belplatte<\/p>\n<p>- anhebbarer Holzrahmen mit 32 Latten, ausgestattet mit vier Federn, um das Anheben zu erleichtern<\/p>\n<p>- die M\u00f6glichkeit, die Farbe oder den Stoff Ihrer Tr\u00e4ume zu w\u00e4hlen<\/p>\n<p>- Streubeh\u00e4lter ohne H\u00f6chstlast!<\/p>\n<p>- Das Bett ist ohne Matratze im Set enthalten. F\u00fcr maximalen Schlafkomfort empfehlen wir, ein passendes Modell aus unserem Sortiment zu w\u00e4hlen:<em> <a style=\"font-weight: normal;\" href=\"https:\/\/davhonmeble.pl\/de\/produkt-kategorie\/materace\/\" target=\"_blank\" rel=\"noopener\">siehe passende Matratzen 160\u00d7200 f\u00fcr Polsterbetten<\/a><\/em><\/p>\n<p>- einfache und schnelle Montage. Jedes Bett und jeder Rahmen wird mit einem Montagesatz und einer Anleitung geliefert<\/p>\n<p><strong><\/p>\n<p>ZUS\u00c4TZLICHE OPTIONEN<\/strong>. (kostenpflichtig) - rufen Sie an und erfahren Sie mehr:<\/p>\n<p>- die M\u00f6glichkeit der Verwendung eines Metallrahmens (36 Lattenroste) mit Gasflaschen, die das \u00d6ffnen und Schlie\u00dfen des Bettes erheblich erleichtern<\/p>\n<p>- \u00c4nderung der Gr\u00f6\u00dfe des Kopfteils<\/p>\n<p><strong><\/p>\n<p>ABMESSUNGEN<\/strong>.:<\/p>\n<p>- Gesamtl\u00e4nge 214 cm<\/p>\n<p>- Gesamtbreite 129\/149\/169\/189 (je nach gew\u00e4hlter Gr\u00f6\u00dfe)<\/p>\n<p>- H\u00f6he der Kopfst\u00fctze \u00fcber dem Boden 89 cm<\/p>\n<p>- H\u00f6he des Rahmens vom Boden 31 cm<\/p>\n<p><strong><\/p>\n<p>VERSAND:<\/strong>.<\/p>\n<p>- landesweiter Versand in H\u00f6he von 160 PLN<\/p>\n<p>- Nachnahme (Zahlung erst bei Erhalt der Ware)<\/p>\n<p>- pers\u00f6nliche Abholung m\u00f6glich<\/p>\n<p>&nbsp;<\/p>\n<p>Das Bett 160\u00d7200 wird in Paketen zur Selbstmontage verschickt und die Montage selbst ist sehr einfach und schnell. Die Lieferung erfolgt durch eine private Spedition, wodurch wir garantieren, dass das Bett ohne Transportsch\u00e4den geliefert wird.<\/p>\n<p>Bitte beachten Sie: Der Fahrer ist nicht verpflichtet, die M\u00f6bel in das Haus\/die Wohnung zu bringen!<\/p>","protected":false},"excerpt":{"rendered":"<p>\u0141\u00f3\u017cko tapicerowane 160&#215;200 STELVIO z pojemnikiem \u0141\u00f3\u017cko 160&#215;200 STELVIO zosta\u0142o stworzone z my\u015bl\u0105 o osobach, kt\u00f3re dbaj\u0105 o elegancki i nieskazitelny wystr\u00f3j sypialni. G\u0142\u00f3wnym elementem wyr\u00f3\u017cniaj\u0105cym \u0142\u00f3\u017cko jest tapicerowany, wypuk\u0142y panel tapicerowany w ramce, kt\u00f3ry wspaniale ozdobi Twoj\u0105 przestrze\u0144. Ten niepowtarzalny model, bez problemu zaspokoi potrzeby ka\u017cdego, nawet najbardziej wymagaj\u0105cego u\u017cytkownika, przy czym subtelnie stanie [&hellip;]<\/p>\n","protected":false},"featured_media":52432,"comment_status":"open","ping_status":"closed","template":"","meta":{"_acf_changed":false},"product_brand":[],"product_cat":[1277],"product_tag":[],"class_list":{"0":"post-53505","1":"product","2":"type-product","3":"status-publish","4":"has-post-thumbnail","6":"product_cat-lozka-tapicerowane-160x200","7":"tm-has-options","9":"first","10":"instock","11":"shipping-taxable","12":"purchasable","13":"product-type-simple"},"acf":[],"_links":{"self":[{"href":"https:\/\/davhonmeble.pl\/de\/wp-json\/wp\/v2\/product\/53505","targetHints":{"allow":["GET"]}}],"collection":[{"href":"https:\/\/davhonmeble.pl\/de\/wp-json\/wp\/v2\/product"}],"about":[{"href":"https:\/\/davhonmeble.pl\/de\/wp-json\/wp\/v2\/types\/product"}],"replies":[{"embeddable":true,"href":"https:\/\/davhonmeble.pl\/de\/wp-json\/wp\/v2\/comments?post=53505"}],"wp:featuredmedia":[{"embeddable":true,"href":"https:\/\/davhonmeble.pl\/de\/wp-json\/wp\/v2\/media\/52432"}],"wp:attachment":[{"href":"https:\/\/davhonmeble.pl\/de\/wp-json\/wp\/v2\/media?parent=53505"}],"wp:term":[{"taxonomy":"product_brand","embeddable":true,"href":"https:\/\/davhonmeble.pl\/de\/wp-json\/wp\/v2\/product_brand?post=53505"},{"taxonomy":"product_cat","embeddable":true,"href":"https:\/\/davhonmeble.pl\/de\/wp-json\/wp\/v2\/product_cat?post=53505"},{"taxonomy":"product_tag","embeddable":true,"href":"https:\/\/davhonmeble.pl\/de\/wp-json\/wp\/v2\/product_tag?post=53505"}],"curies":[{"name":"wp","href":"https:\/\/api.w.org\/{rel}","templated":true}]}}