{"id":53452,"date":"2026-04-20T03:10:25","date_gmt":"2026-04-20T02:10:25","guid":{"rendered":"https:\/\/davhonmeble.pl\/?post_type=product&#038;p=53452"},"modified":"2026-04-20T09:47:50","modified_gmt":"2026-04-20T08:47:50","slug":"lozko-tapicerowane-160x200-mars-na-metalowych-nogach","status":"publish","type":"product","link":"https:\/\/davhonmeble.pl\/de\/produkt\/lozko-tapicerowane-160x200-mars-na-metalowych-nogach\/","title":{"rendered":"Gepolstertes Bett 160\u00d7200 MARS auf Metallf\u00fc\u00dfen"},"content":{"rendered":"<h2>Gepolstertes Bett 160\u00d7200 MARS auf Metallf\u00fc\u00dfen<\/h2>\n<p> <strong>Bett 160\u00d7200 Mars<\/strong>, dessen charakteristisches Merkmal ein bequemes, hohes Kopfteil ist, sieht nicht nur sch\u00f6n aus, sondern sorgt auch f\u00fcr hohen Komfort beim Ausruhen. Die stilvollen vertikalen N\u00e4hte machen das Bett perfekt f\u00fcr moderne Interieurs. Dar\u00fcber hinaus verleihen die 18 cm hohen Metallf\u00fc\u00dfe dem Bett Leichtigkeit und erm\u00f6glichen es Ihnen, unter den M\u00f6beln bequem Ordnung zu halten.<\/p>\n<p><strong><\/p>\n<p>AUSF\u00dcHRUNG:<\/strong>.<\/p>\n<p>- solide Rahmenkonstruktion auf Basis von M\u00f6belplatten<\/p>\n<p>- Matratzenrahmen bestehend aus 32 elastischen Latten (16 pro Seite)<\/p>\n<p>- 18 cm Metallf\u00fc\u00dfe<\/p>\n<p>- Mittellatte zur strukturellen Verst\u00e4rkung<\/p>\n<p>- die M\u00f6glichkeit, die Farbe oder den Stoff Ihrer Tr\u00e4ume zu w\u00e4hlen<\/p>\n<p>- Das Bett ist ohne Matratze im Set enthalten. F\u00fcr maximalen Schlafkomfort empfehlen wir, ein passendes Modell aus unserem Sortiment zu w\u00e4hlen:<em> <a style=\"font-weight: normal;\" href=\"https:\/\/davhonmeble.pl\/de\/produkt-kategorie\/materace\/\" target=\"_blank\" rel=\"noopener\">siehe passende Matratzen 160\u00d7200 f\u00fcr Polsterbetten<\/a><\/em><\/p>\n<p>- einfache und schnelle Montage. Jedes Bett und jeder Rahmen wird mit einem Montagesatz und einer Anleitung geliefert<\/p>\n<p><strong><\/p>\n<p>ABMESSUNGEN:<\/strong>.<\/p>\n<p>- Gesamtl\u00e4nge 214 cm<\/p>\n<p>- Gesamtbreite 148\/168\/188 cm (je nach gew\u00e4hlter Gr\u00f6\u00dfe)<\/p>\n<p>- H\u00f6he der Kopfst\u00fctze \u00fcber dem Boden 105 cm<\/p>\n<p>- H\u00f6he der F\u00fc\u00dfe 18 cm<\/p>\n<p><strong><\/p>\n<p>VERSAND:<\/strong>.<\/p>\n<p>- landesweiter Versand in H\u00f6he von 160 PLN<\/p>\n<p>- Nachnahme (Zahlung erst bei Erhalt der Ware)<\/p>\n<p>- pers\u00f6nliche Abholung m\u00f6glich<\/p>\n<p>&nbsp;<\/p>\n<p>Das Bett 160\u00d7200 wird in Paketen zur Selbstmontage verschickt und die Montage selbst ist sehr einfach und schnell. Die Lieferung erfolgt durch eine private Spedition, wodurch wir garantieren, dass das Bett ohne Transportsch\u00e4den geliefert wird.<\/p>\n<p>Bitte beachten Sie: Der Fahrer ist nicht verpflichtet, die M\u00f6bel in das Haus\/die Wohnung zu bringen!<\/p>","protected":false},"excerpt":{"rendered":"<p>\u0141\u00f3\u017cko tapicerowane 160&#215;200 MARS na metalowych nogach \u0141\u00f3\u017cko 160&#215;200 Mars, kt\u00f3rego charakterystyczn\u0105 cech\u0105 jest wygodne, wysokie wezg\u0142owie, nie tylko pi\u0119knie si\u0119 prezentuje, ale r\u00f3wnie\u017c zapewnia wysoki komfort podczas wypoczynku. Stylowe, pionowe przeszycia sprawiaj\u0105, \u017ce \u0142\u00f3\u017cko idealnie odnajdzie si\u0119 w nowoczesnych wn\u0119trzach. Ponadto wysokie na 18 cm metalowe n\u00f3\u017cki dodadz\u0105 mu lekko\u015bci i pozwalaj\u0105 w wygodny [&hellip;]<\/p>\n","protected":false},"featured_media":51566,"comment_status":"open","ping_status":"closed","template":"","meta":{"_acf_changed":false},"product_brand":[],"product_cat":[1277],"product_tag":[],"class_list":{"0":"post-53452","1":"product","2":"type-product","3":"status-publish","4":"has-post-thumbnail","6":"product_cat-lozka-tapicerowane-160x200","7":"tm-has-options","9":"first","10":"instock","11":"shipping-taxable","12":"purchasable","13":"product-type-simple"},"acf":[],"_links":{"self":[{"href":"https:\/\/davhonmeble.pl\/de\/wp-json\/wp\/v2\/product\/53452","targetHints":{"allow":["GET"]}}],"collection":[{"href":"https:\/\/davhonmeble.pl\/de\/wp-json\/wp\/v2\/product"}],"about":[{"href":"https:\/\/davhonmeble.pl\/de\/wp-json\/wp\/v2\/types\/product"}],"replies":[{"embeddable":true,"href":"https:\/\/davhonmeble.pl\/de\/wp-json\/wp\/v2\/comments?post=53452"}],"wp:featuredmedia":[{"embeddable":true,"href":"https:\/\/davhonmeble.pl\/de\/wp-json\/wp\/v2\/media\/51566"}],"wp:attachment":[{"href":"https:\/\/davhonmeble.pl\/de\/wp-json\/wp\/v2\/media?parent=53452"}],"wp:term":[{"taxonomy":"product_brand","embeddable":true,"href":"https:\/\/davhonmeble.pl\/de\/wp-json\/wp\/v2\/product_brand?post=53452"},{"taxonomy":"product_cat","embeddable":true,"href":"https:\/\/davhonmeble.pl\/de\/wp-json\/wp\/v2\/product_cat?post=53452"},{"taxonomy":"product_tag","embeddable":true,"href":"https:\/\/davhonmeble.pl\/de\/wp-json\/wp\/v2\/product_tag?post=53452"}],"curies":[{"name":"wp","href":"https:\/\/api.w.org\/{rel}","templated":true}]}}