{"id":53449,"date":"2026-04-20T03:10:22","date_gmt":"2026-04-20T02:10:22","guid":{"rendered":"https:\/\/davhonmeble.pl\/?post_type=product&#038;p=53449"},"modified":"2026-04-20T09:47:49","modified_gmt":"2026-04-20T08:47:49","slug":"lozko-farmhouse-180x200","status":"publish","type":"product","link":"https:\/\/davhonmeble.pl\/de\/produkt\/lozko-farmhouse-180x200\/","title":{"rendered":"FARMHOUSE Bett 180\u00d7200"},"content":{"rendered":"<h2>BAUERNHAUS 180\u00d7200 Bett<\/h2>\n<p> <strong>Landhausbett 180\u00d7200 <\/strong>ist ein Bett mit einem sch\u00f6nen hohen Kopfteil, das mit vertikalen gepolsterten Paneelen konstruiert ist, die einen dreidimensionalen W\u00f6lbungseffekt ergeben. Dieses Modell wurde nach einem Entwurf und auf Anfrage hergestellt <strong>\u201e<\/strong><a href=\"https:\/\/www.instagram.com\/miedzy_modern_a_farmhouse\/\" target=\"_blank\" rel=\"noopener\">Zwischen Moderne und Bauernhof\u201d<\/a>.<\/p>\n<p><strong><\/p>\n<p>AUSF\u00dcHRUNG:<\/strong>.<\/p>\n<p>- Holzrahmen mit 34 Latten (nicht anhebbar)<\/p>\n<p>- get\u00e4felte, hohe Kopfst\u00fctze<\/p>\n<p>- die M\u00f6glichkeit, die Farbe oder den Stoff Ihrer Tr\u00e4ume zu w\u00e4hlen<\/p>\n<p>- Das Bett ist ohne Matratze im Set enthalten. F\u00fcr maximalen Schlafkomfort empfehlen wir, ein passendes Modell aus unserem Sortiment zu w\u00e4hlen:<em> <a style=\"font-weight: normal;\" href=\"https:\/\/davhonmeble.pl\/de\/produkt-kategorie\/materace\/\" target=\"_blank\" rel=\"noopener\">siehe passende Matratzen 180\u00d7200 f\u00fcr Polsterbetten<\/a><\/em><\/p>\n<p>- einfache und schnelle Montage. Jedes Bett und jeder Rahmen wird mit einem Montagesatz und einer Anleitung geliefert<\/p>\n<p><strong><\/p>\n<p>ZUS\u00c4TZLICHE OPTIONEN<\/strong>. (kostenpflichtig) - rufen Sie an und erfahren Sie mehr:<\/p>\n<p>- RUGGED Rahmen mit 24 Latten auf einer Seite (48 Latten im gesamten Rahmen)<\/p>\n<p>- Austausch des Holzrahmens gegen einen Metallrahmen mit Bettkasten, ausgestattet mit 1000N Automatik-\/Gasantrieben und 34 Holzlatten im Satz (17 pro Seite). Es besteht die M\u00f6glichkeit, einen HEAVY-Rahmen mit 24 Latten auf einer Seite (48 Latten im gesamten Rahmen) zu kaufen, dessen Tragf\u00e4higkeit um mehr als 100 kg h\u00f6her ist und dessen Matratze sich durch eine h\u00f6here Dichte der Federleisten noch besser an den K\u00f6rper anpasst.<\/p>\n<p><strong><\/p>\n<p>ABMESSUNGEN<\/strong>.:<\/p>\n<p>- Gesamtl\u00e4nge 214 cm<\/p>\n<p>- Gesamtbreite 98\/128\/148\/168\/188\/208 (je nach gew\u00e4hlter Gr\u00f6\u00dfe)<\/p>\n<p>- H\u00f6he der Kopfst\u00fctze \u00fcber dem Boden 130 cm<\/p>\n<p>- H\u00f6he des Rahmens vom Boden 30 cm<\/p>\n<p><strong><\/p>\n<p>VERSAND:<\/strong>.<\/p>\n<p>- landesweiter Versand in H\u00f6he von 160 PLN<\/p>\n<p>- Nachnahme (Zahlung erst bei Erhalt der Ware)<\/p>\n<p>- pers\u00f6nliche Abholung m\u00f6glich<\/p>\n<p>&nbsp;<\/p>\n<p>Das Bett 180\u00d7200 wird in Paketen zur Selbstmontage verschickt und die Montage selbst ist sehr einfach und schnell. Die Lieferung erfolgt durch eine private Spedition, wodurch wir garantieren, dass das Bett ohne Transportsch\u00e4den geliefert wird.<\/p>\n<p>Bitte beachten Sie: Der Fahrer ist nicht verpflichtet, die M\u00f6bel in das Haus\/die Wohnung zu bringen!<\/p>","protected":false},"excerpt":{"rendered":"<p>\u0141\u00f3\u017cko 180&#215;200 FARMHOUSE 180&#215;200 \u0141\u00f3\u017cko 180&#215;200 Farmhouse to \u0142\u00f3\u017cko z pi\u0119knym wysokim wezg\u0142owiem, kt\u00f3re zbudowane zosta\u0142o z pionowych paneli tapicerowanych daj\u0105cych efekt tr\u00f3jwymiarowego wybrzuszenia. Model ten zosta\u0142 wykonany wed\u0142ug projektu i na \u017cyczenie &#8222;Miedzy Modern a Farmhouse&#8221;. WYKONANIE: \u2013 drewniany stela\u017c 34 listwowy (niepodnoszony) \u2013 panelowe, wysokie wezg\u0142owie \u2013 mo\u017cliwo\u015b\u0107 wyboru wymarzonego dla siebie koloru [&hellip;]<\/p>\n","protected":false},"featured_media":51352,"comment_status":"open","ping_status":"closed","template":"","meta":{"_acf_changed":false},"product_brand":[],"product_cat":[1278],"product_tag":[],"class_list":{"0":"post-53449","1":"product","2":"type-product","3":"status-publish","4":"has-post-thumbnail","6":"product_cat-lozka-tapicerowane-180x200","7":"tm-has-options","9":"first","10":"instock","11":"sale","12":"shipping-taxable","13":"purchasable","14":"product-type-simple"},"acf":[],"_links":{"self":[{"href":"https:\/\/davhonmeble.pl\/de\/wp-json\/wp\/v2\/product\/53449","targetHints":{"allow":["GET"]}}],"collection":[{"href":"https:\/\/davhonmeble.pl\/de\/wp-json\/wp\/v2\/product"}],"about":[{"href":"https:\/\/davhonmeble.pl\/de\/wp-json\/wp\/v2\/types\/product"}],"replies":[{"embeddable":true,"href":"https:\/\/davhonmeble.pl\/de\/wp-json\/wp\/v2\/comments?post=53449"}],"wp:featuredmedia":[{"embeddable":true,"href":"https:\/\/davhonmeble.pl\/de\/wp-json\/wp\/v2\/media\/51352"}],"wp:attachment":[{"href":"https:\/\/davhonmeble.pl\/de\/wp-json\/wp\/v2\/media?parent=53449"}],"wp:term":[{"taxonomy":"product_brand","embeddable":true,"href":"https:\/\/davhonmeble.pl\/de\/wp-json\/wp\/v2\/product_brand?post=53449"},{"taxonomy":"product_cat","embeddable":true,"href":"https:\/\/davhonmeble.pl\/de\/wp-json\/wp\/v2\/product_cat?post=53449"},{"taxonomy":"product_tag","embeddable":true,"href":"https:\/\/davhonmeble.pl\/de\/wp-json\/wp\/v2\/product_tag?post=53449"}],"curies":[{"name":"wp","href":"https:\/\/api.w.org\/{rel}","templated":true}]}}