{"id":53423,"date":"2026-04-20T03:10:21","date_gmt":"2026-04-20T02:10:21","guid":{"rendered":"https:\/\/davhonmeble.pl\/?post_type=product&#038;p=53423"},"modified":"2026-04-20T09:47:49","modified_gmt":"2026-04-20T08:47:49","slug":"lozko-tapicerowane-90x200-lola-na-metalowych-nogach","status":"publish","type":"product","link":"https:\/\/davhonmeble.pl\/de\/produkt\/lozko-tapicerowane-90x200-lola-na-metalowych-nogach\/","title":{"rendered":"Gepolstertes Bett 90\u00d7200 LOLA auf Metallf\u00fc\u00dfen"},"content":{"rendered":"<h2>Gepolstertes Bett 90\u00d7200 LOLA auf Metallf\u00fc\u00dfen<\/h2>\n<p> <span style=\"font-size: 12pt;\">Bett 90\u00d7200 <strong>LOLA<\/strong> ist in erster Linie ein komfortables und solides Bett, das gleichzeitig ein unglaubliches Design aufweist. Es ist ein einzigartiges Angebot, das Liebhabern praktischer und stilvoller Schlafzimmereinrichtungen sicher gefallen wird. Das elegante, weiche Kopfteil, die stilvollen und strapazierf\u00e4higen Stoffe und die eleganten goldenen Beine lassen das Bett gro\u00dfartig aussehen und bieten gleichzeitig die perfekten Voraussetzungen f\u00fcr Schlaf und Erholung.<\/span><\/p>\n<p><strong><\/p>\n<p>AUSF\u00dcHRUNG:<\/strong>.<\/p>\n<p>- Holzrahmen mit 32 oder 48 Latten (nicht anhebbar)<\/p>\n<p>- goldene Metallf\u00fc\u00dfe<\/p>\n<p>- Mittellatte zur strukturellen Verst\u00e4rkung<\/p>\n<p>- get\u00e4felte Kopfst\u00fctze<\/p>\n<p>- die M\u00f6glichkeit, die Farbe oder den Stoff Ihrer Tr\u00e4ume zu w\u00e4hlen<\/p>\n<p>- Das Bett ist ohne Matratze im Set enthalten. F\u00fcr maximalen Schlafkomfort empfehlen wir, ein passendes Modell aus unserem Sortiment zu w\u00e4hlen:<em> <a style=\"font-weight: normal;\" href=\"https:\/\/davhonmeble.pl\/de\/produkt-kategorie\/materace\/\" target=\"_blank\" rel=\"noopener\">siehe passende Matratzen 90\u00d7200 f\u00fcr Polsterbetten<\/a><\/em><\/p>\n<p>- einfache und schnelle Montage. Jedes Bett und jeder Rahmen wird mit einem Montagesatz und einer Anleitung geliefert<\/p>\n<p><strong><\/p>\n<p>ZUS\u00c4TZLICHE OPTIONEN<\/strong>. (kostenpflichtig) - rufen Sie an und erfahren Sie mehr:<\/p>\n<p>- die M\u00f6glichkeit, einen nicht abhebbaren HIGHLY SUPPORTED-Rahmen mit 24 Latten auf einer Seite (48 Latten im gesamten Rahmen) zu erwerben, dessen Tragf\u00e4higkeit um mehr als 100 kg h\u00f6her ist und die Matratze selbst sich durch eine h\u00f6here Dichte der Federleisten noch besser an den K\u00f6rper anpasst.<\/p>\n<p>- \u00c4nderung der Abmessungen des Kopfteils<\/p>\n<p><strong><\/p>\n<p>ABMESSUNGEN:<\/strong>.<\/p>\n<p>- Gesamtl\u00e4nge 214 cm<\/p>\n<p>- Gesamtbreite 98\/128\/148\/168\/188\/208 cm (je nach gew\u00e4hlter Gr\u00f6\u00dfe)<\/p>\n<p>- H\u00f6he der Seiten 20 cm<\/p>\n<p>- H\u00f6he der Kopfst\u00fctze \u00fcber dem Boden 90 cm<\/p>\n<p>- H\u00f6he der F\u00fc\u00dfe 13 cm<\/p>\n<p><strong><\/p>\n<p>VERSAND:<\/strong>.<\/p>\n<p>- landesweiter Versand in H\u00f6he von 160 PLN<\/p>\n<p>- Nachnahme (Zahlung erst bei Erhalt der Ware)<\/p>\n<p>- pers\u00f6nliche Abholung m\u00f6glich<\/p>\n<p>&nbsp;<\/p>\n<p>Das Bett 90\u00d7200 wird in Paketen zur Selbstmontage versandt und die Montage selbst ist sehr einfach und schnell. Die Lieferung erfolgt durch eine private Spedition, wodurch wir garantieren, dass das Bett ohne Transportsch\u00e4den geliefert wird.<\/p>\n<p>Bitte beachten Sie: Der Fahrer ist nicht verpflichtet, die M\u00f6bel in das Haus\/die Wohnung zu bringen!<\/p>","protected":false},"excerpt":{"rendered":"<p>\u0141\u00f3\u017cko tapicerowane 90&#215;200 LOLA na metalowych nogach \u0141\u00f3\u017cko 90&#215;200 LOLA to przede wszystkim wygodne i solidnie wykonane \u0142\u00f3\u017cko, a przy tym niesamowicie designerskie. To wyj\u0105tkowa propozycja, kt\u00f3ra z pewno\u015bci\u0105 przypadnie do gustu zwolennikom praktycznych i stylowych element\u00f3w wyposa\u017cenia sypialni. Eleganckie, mi\u0119kkie wezg\u0142owie, stylowe i wytrzyma\u0142e tkaniny oraz zgrabne z\u0142ote n\u00f3\u017cki sprawi\u0105, \u017ce \u0142\u00f3\u017cko b\u0119dzie si\u0119 [&hellip;]<\/p>\n","protected":false},"featured_media":51559,"comment_status":"open","ping_status":"closed","template":"","meta":{"_acf_changed":false},"product_brand":[],"product_cat":[1290],"product_tag":[],"class_list":{"0":"post-53423","1":"product","2":"type-product","3":"status-publish","4":"has-post-thumbnail","6":"product_cat-lozka-tapicerowane-90x200","7":"tm-has-options","9":"first","10":"instock","11":"shipping-taxable","12":"purchasable","13":"product-type-simple"},"acf":[],"_links":{"self":[{"href":"https:\/\/davhonmeble.pl\/de\/wp-json\/wp\/v2\/product\/53423","targetHints":{"allow":["GET"]}}],"collection":[{"href":"https:\/\/davhonmeble.pl\/de\/wp-json\/wp\/v2\/product"}],"about":[{"href":"https:\/\/davhonmeble.pl\/de\/wp-json\/wp\/v2\/types\/product"}],"replies":[{"embeddable":true,"href":"https:\/\/davhonmeble.pl\/de\/wp-json\/wp\/v2\/comments?post=53423"}],"wp:featuredmedia":[{"embeddable":true,"href":"https:\/\/davhonmeble.pl\/de\/wp-json\/wp\/v2\/media\/51559"}],"wp:attachment":[{"href":"https:\/\/davhonmeble.pl\/de\/wp-json\/wp\/v2\/media?parent=53423"}],"wp:term":[{"taxonomy":"product_brand","embeddable":true,"href":"https:\/\/davhonmeble.pl\/de\/wp-json\/wp\/v2\/product_brand?post=53423"},{"taxonomy":"product_cat","embeddable":true,"href":"https:\/\/davhonmeble.pl\/de\/wp-json\/wp\/v2\/product_cat?post=53423"},{"taxonomy":"product_tag","embeddable":true,"href":"https:\/\/davhonmeble.pl\/de\/wp-json\/wp\/v2\/product_tag?post=53423"}],"curies":[{"name":"wp","href":"https:\/\/api.w.org\/{rel}","templated":true}]}}